{"id":65843,"date":"2025-01-11T17:46:14","date_gmt":"2025-01-11T17:46:14","guid":{"rendered":"https:\/\/brandss.com.py\/index\/?post_type=product&#038;p=65843"},"modified":"2026-04-11T13:20:39","modified_gmt":"2026-04-11T13:20:39","slug":"camiseta-deportivo-femenino-adidas-cropped-tee-w","status":"publish","type":"product","link":"https:\/\/brandss.com.py\/index\/producto\/camiseta-deportivo-femenino-adidas-cropped-tee-w\/","title":{"rendered":"CAMISETA DEPORTIVO FEMENINO ADIDAS CROPPED TEE W"},"content":{"rendered":"<p><img loading=\"lazy\" decoding=\"async\" class=\"\" src=\"https:\/\/upload.wikimedia.org\/wikipedia\/commons\/f\/fe\/Logo_Adidas.png\" alt=\"Archivo:Logo Adidas.png - Wikipedia, la enciclopedia libre\" width=\"101\" height=\"67\" \/><\/p>\n<h1>CROPPED TEE W<\/h1>\n<p>Para tus clases de baile, clases de barre o simplemente para relajarte despu\u00e9s del gimnasio. Este crop top adidas te permite moverte libremente. Est\u00e1 hecho de algod\u00f3n suave. Las 3 bandas en los hombros a\u00f1aden un toque cl\u00e1sico.<\/p>\n<p><strong>CL\u00c1SICO Y ATEMPORAL:<\/strong><\/p>\n<p>\u00a1Las camisetas son prendas esenciales en un guardarropa moderno! \u00a1Son tremendamente vers\u00e1tiles, combinan con diferentes composiciones y son perfectos para dar ese toque urbano, cool y con personalidad! \u00a1Opte por piezas m\u00e1s estructuradas para crear una apariencia que vaya desde el trabajo hasta la hora feliz!<\/p>\n<ul>\n<li>Ajuste holgado.<\/li>\n<li>Modelo: HF4157<\/li>\n<li>Color: Rosa<\/li>\n<li>Composici\u00f3n: 52% Poli\u00e9ster reciclado, 48% Algod\u00f3n<\/li>\n<\/ul>\n","protected":false},"excerpt":{"rendered":"<p>CROPPED TEE W Para tus clases de baile, clases de barre o simplemente para relajarte despu\u00e9s del gimnasio. Este crop<\/p>\n","protected":false},"featured_media":65844,"comment_status":"open","ping_status":"closed","template":"","meta":{"nf_dc_page":""},"product_brand":[],"product_cat":[73],"product_tag":[],"class_list":{"0":"post-65843","1":"product","2":"type-product","3":"status-publish","4":"has-post-thumbnail","6":"product_cat-femenino","8":"first","9":"outofstock","10":"shipping-taxable","11":"purchasable","12":"product-type-simple"},"_links":{"self":[{"href":"https:\/\/brandss.com.py\/index\/wp-json\/wp\/v2\/product\/65843","targetHints":{"allow":["GET"]}}],"collection":[{"href":"https:\/\/brandss.com.py\/index\/wp-json\/wp\/v2\/product"}],"about":[{"href":"https:\/\/brandss.com.py\/index\/wp-json\/wp\/v2\/types\/product"}],"replies":[{"embeddable":true,"href":"https:\/\/brandss.com.py\/index\/wp-json\/wp\/v2\/comments?post=65843"}],"version-history":[{"count":1,"href":"https:\/\/brandss.com.py\/index\/wp-json\/wp\/v2\/product\/65843\/revisions"}],"predecessor-version":[{"id":65851,"href":"https:\/\/brandss.com.py\/index\/wp-json\/wp\/v2\/product\/65843\/revisions\/65851"}],"wp:featuredmedia":[{"embeddable":true,"href":"https:\/\/brandss.com.py\/index\/wp-json\/wp\/v2\/media\/65844"}],"wp:attachment":[{"href":"https:\/\/brandss.com.py\/index\/wp-json\/wp\/v2\/media?parent=65843"}],"wp:term":[{"taxonomy":"product_brand","embeddable":true,"href":"https:\/\/brandss.com.py\/index\/wp-json\/wp\/v2\/product_brand?post=65843"},{"taxonomy":"product_cat","embeddable":true,"href":"https:\/\/brandss.com.py\/index\/wp-json\/wp\/v2\/product_cat?post=65843"},{"taxonomy":"product_tag","embeddable":true,"href":"https:\/\/brandss.com.py\/index\/wp-json\/wp\/v2\/product_tag?post=65843"}],"curies":[{"name":"wp","href":"https:\/\/api.w.org\/{rel}","templated":true}]}}