{"id":65852,"date":"2025-01-11T18:07:41","date_gmt":"2025-01-11T18:07:41","guid":{"rendered":"https:\/\/brandss.com.py\/index\/?post_type=product&#038;p=65852"},"modified":"2026-04-11T13:20:39","modified_gmt":"2026-04-11T13:20:39","slug":"camiseta-deportivo-femenino-adidas-esquelete-designed-to-move-studio-sport","status":"publish","type":"product","link":"https:\/\/brandss.com.py\/index\/producto\/camiseta-deportivo-femenino-adidas-esquelete-designed-to-move-studio-sport\/","title":{"rendered":"CAMISETA DEPORTIVO FEMENINO ADIDAS ESQUELETE DESIGNED TO MOVE STUDIO SPORT"},"content":{"rendered":"<p><img loading=\"lazy\" decoding=\"async\" class=\"\" src=\"https:\/\/upload.wikimedia.org\/wikipedia\/commons\/f\/fe\/Logo_Adidas.png\" alt=\"Archivo:Logo Adidas.png - Wikipedia, la enciclopedia libre\" width=\"75\" height=\"50\" \/><\/p>\n<h1>ESQUELETE DESIGNED TO MOVE STUDIO SPORT<\/h1>\n<h3 class=\"subtitle___9ljbp\">Un esqueleto con tecnolog\u00eda AEROREADY, hecho parcialmente con materiales reciclados<\/h3>\n<p class=\"gl-vspace\">Perfecto para usar en el camino a tu entrenamiento, este esqueleto adidas te permite lucir el top deportivo que llevas debajo. En el estudio, las aberturas pronunciadas para los brazos te ayudan a moverte con facilidad a lo largo de tu sesi\u00f3n de yoga. Lo mismo aplica para el largo por encima de la cintura: es justo lo que necesitas para flexionar y estirarte libremente. Cont\u00e1giate de energ\u00eda y comodidad antes y despu\u00e9s tu entrenamiento.<\/p>\n<div class=\"highlight___3fa4r\">\n<div class=\"highlight-text___lgoJI\">\n<h3 class=\"highlight-text__headline___25B2G\">Ayudando a reducir el uso de material virgen<\/h3>\n<p>Hecho con contenido reciclado generado a partir de desechos de producci\u00f3n, tales como recortes de tela y los desechos dom\u00e9sticos postconsumo, para evitar un mayor impacto ambiental al producir contenido virgen.<\/p>\n<\/div>\n<\/div>\n<div class=\"highlight___3fa4r\">\n<div class=\"highlight-text___lgoJI\">\n<h3 class=\"highlight-text__headline___25B2G\">Corte holgado<\/h3>\n<p>El corte holgado ofrece una mayor libertad de movimiento.<\/p>\n<\/div>\n<\/div>\n<div class=\"highlight___3fa4r\">\n<div class=\"highlight-text___lgoJI\">\n<h3 class=\"highlight-text__headline___25B2G\">Cero sudor, cero estr\u00e9s<\/h3>\n<p>La tecnolog\u00eda de absorci\u00f3n AEROREADY se encarga de tu sudor para que te concentres \u00fanicamente en rendir al m\u00e1ximo.<\/p>\n<div class=\"accordion__header-text___2o9Im\">\n<h2 class=\"accordion-title___2sTgR\">Cuidados<\/h2>\n<\/div>\n<div class=\"accordion__header-icon___2FuRa\"><\/div>\n<div class=\"accordion__content___29x9h\">\n<div class=\"content-padding___2kVWQ\">\n<div class=\"care___2GwB4\" data-auto-id=\"pdp-content-care\">\n<div class=\"care-instructions___3scEd\">\n<h4 class=\"care-title___2YJe1 gl-no-margin-bottom\">Instrucciones de lavado<\/h4>\n<ul class=\"\">\n<li class=\"gl-vspace-bpall-small\"><img loading=\"lazy\" decoding=\"async\" src=\"https:\/\/www.adidas.co\/glass\/react\/557321e\/assets\/img\/washing-instructions\/B1.svg\" alt=\"\" width=\"24\" height=\"24\" \/>No usar blanqueador<\/li>\n<li class=\"gl-vspace-bpall-small\"><img loading=\"lazy\" decoding=\"async\" src=\"https:\/\/www.adidas.co\/glass\/react\/557321e\/assets\/img\/washing-instructions\/C2.svg\" alt=\"\" width=\"24\" height=\"24\" \/>Puede utilizarse secadora en tempratura baja.<\/li>\n<li class=\"gl-vspace-bpall-small\"><img loading=\"lazy\" decoding=\"async\" src=\"https:\/\/www.adidas.co\/glass\/react\/557321e\/assets\/img\/washing-instructions\/E1.svg\" alt=\"\" width=\"24\" height=\"24\" \/>No lavar en seco.<\/li>\n<li class=\"gl-vspace-bpall-small\"><img loading=\"lazy\" decoding=\"async\" src=\"https:\/\/www.adidas.co\/glass\/react\/557321e\/assets\/img\/washing-instructions\/D2.svg\" alt=\"\" width=\"24\" height=\"24\" \/>Planchar a temperatura baja.<\/li>\n<li class=\"gl-vspace-bpall-small\"><img loading=\"lazy\" decoding=\"async\" src=\"https:\/\/www.adidas.co\/glass\/react\/557321e\/assets\/img\/washing-instructions\/A5.svg\" alt=\"\" width=\"24\" height=\"24\" \/>Lavar a m\u00e1quina en temperatura alta<\/li>\n<\/ul>\n<\/div>\n<div class=\"extra-instructions___2TR8b\">\n<h4 class=\"care-title___2YJe1 gl-no-margin-bottom\">Informaci\u00f3n adicional sobre el cuidado<\/h4>\n<ul class=\"gl-list gl-vspace-bpall-small\">\n<li class=\"gl-vspace-bpall-small\">No usar suavizante<\/li>\n<li class=\"gl-vspace-bpall-small\">Usar \u00fanicamente detergente suave<\/li>\n<li class=\"gl-vspace-bpall-small\">Lavar con colores similares<\/li>\n<\/ul>\n<div class=\"accordion__header-text___2o9Im\">\n<h2 class=\"accordion-title___2sTgR\">Detalles<\/h2>\n<\/div>\n<div class=\"accordion__header-icon___2FuRa\"><\/div>\n<div class=\"accordion__content___29x9h\">\n<div class=\"content-padding___2kVWQ\">\n<div class=\"bullets___3bsSs\" data-auto-id=\"specifications-section\">\n<ul class=\"gl-list\">\n<li class=\"gl-vspace-bpall-small\">Corte holgado<\/li>\n<li class=\"gl-vspace-bpall-small\">Cuello redondo<\/li>\n<li class=\"gl-vspace-bpall-small\">Tejido entrelazado 53 % algod\u00f3n, 47 % poli\u00e9ster reciclado<\/li>\n<li class=\"gl-vspace-bpall-small\">Tejido transpirable<\/li>\n<li class=\"gl-vspace-bpall-small\">Tecnolog\u00eda de absorci\u00f3n AEROREADY<\/li>\n<li class=\"gl-vspace-bpall-small\">Aberturas amplias para los brazos<\/li>\n<li class=\"gl-vspace-bpall-small\">Cord\u00f3n de ajuste interno<\/li>\n<li class=\"gl-vspace-bpall-small\">Largo por arriba de la cintura<\/li>\n<li class=\"gl-vspace-bpall-small\">Contiene al menos un 25% de material reciclado<\/li>\n<li class=\"gl-vspace-bpall-small\">Color: Shadow Red<\/li>\n<li class=\"gl-vspace-bpall-small\">Modelo: HD6799<\/li>\n<\/ul>\n<\/div>\n<\/div>\n<\/div>\n<\/div>\n<\/div>\n<\/div>\n<\/div>\n<\/div>\n<\/div>\n","protected":false},"excerpt":{"rendered":"<p>ESQUELETE DESIGNED TO MOVE STUDIO SPORT Un esqueleto con tecnolog\u00eda AEROREADY, hecho parcialmente con materiales reciclados Perfecto para usar en<\/p>\n","protected":false},"featured_media":65853,"comment_status":"open","ping_status":"closed","template":"","meta":{"nf_dc_page":""},"product_brand":[],"product_cat":[73],"product_tag":[],"class_list":{"0":"post-65852","1":"product","2":"type-product","3":"status-publish","4":"has-post-thumbnail","6":"product_cat-femenino","8":"first","9":"outofstock","10":"shipping-taxable","11":"purchasable","12":"product-type-simple"},"_links":{"self":[{"href":"https:\/\/brandss.com.py\/index\/wp-json\/wp\/v2\/product\/65852","targetHints":{"allow":["GET"]}}],"collection":[{"href":"https:\/\/brandss.com.py\/index\/wp-json\/wp\/v2\/product"}],"about":[{"href":"https:\/\/brandss.com.py\/index\/wp-json\/wp\/v2\/types\/product"}],"replies":[{"embeddable":true,"href":"https:\/\/brandss.com.py\/index\/wp-json\/wp\/v2\/comments?post=65852"}],"version-history":[{"count":1,"href":"https:\/\/brandss.com.py\/index\/wp-json\/wp\/v2\/product\/65852\/revisions"}],"predecessor-version":[{"id":65862,"href":"https:\/\/brandss.com.py\/index\/wp-json\/wp\/v2\/product\/65852\/revisions\/65862"}],"wp:featuredmedia":[{"embeddable":true,"href":"https:\/\/brandss.com.py\/index\/wp-json\/wp\/v2\/media\/65853"}],"wp:attachment":[{"href":"https:\/\/brandss.com.py\/index\/wp-json\/wp\/v2\/media?parent=65852"}],"wp:term":[{"taxonomy":"product_brand","embeddable":true,"href":"https:\/\/brandss.com.py\/index\/wp-json\/wp\/v2\/product_brand?post=65852"},{"taxonomy":"product_cat","embeddable":true,"href":"https:\/\/brandss.com.py\/index\/wp-json\/wp\/v2\/product_cat?post=65852"},{"taxonomy":"product_tag","embeddable":true,"href":"https:\/\/brandss.com.py\/index\/wp-json\/wp\/v2\/product_tag?post=65852"}],"curies":[{"name":"wp","href":"https:\/\/api.w.org\/{rel}","templated":true}]}}