{"id":65871,"date":"2025-01-11T18:51:35","date_gmt":"2025-01-11T18:51:35","guid":{"rendered":"https:\/\/brandss.com.py\/index\/?post_type=product&#038;p=65871"},"modified":"2026-04-11T13:20:39","modified_gmt":"2026-04-11T13:20:39","slug":"top-deportivo-femenino-adidas-cropped-sin-mangas","status":"publish","type":"product","link":"https:\/\/brandss.com.py\/index\/producto\/top-deportivo-femenino-adidas-cropped-sin-mangas\/","title":{"rendered":"TOP DEPORTIVO FEMENINO ADIDAS CROPPED SIN MANGAS"},"content":{"rendered":"<p><img loading=\"lazy\" decoding=\"async\" class=\"\" src=\"https:\/\/upload.wikimedia.org\/wikipedia\/commons\/f\/fe\/Logo_Adidas.png\" alt=\"Archivo:Logo Adidas.png - Wikipedia, la enciclopedia libre\" width=\"107\" height=\"71\" \/><\/p>\n<h1>CROPPED<\/h1>\n<h3 class=\"subtitle___9ljbp\">Un top vers\u00e1til con tirantes delgados hecho parcialmente con materiales reciclados<\/h3>\n<p class=\"gl-vspace\">Tener varias opciones nunca est\u00e1 de m\u00e1s. Y este top adidas te las ofrece de sobra. Ajusta los topes del Trifolio en las tiras para personalizar el look. Su dise\u00f1o y color minimalistas lo hacen perfecto para combinar con todo. Luce un estilo deportivo con pants deportivos y tenis, comb\u00ednalo con piezas m\u00e1s sobrias o simplemente s\u00e9 t\u00fa misma.<\/p>\n<h3 class=\"highlight-text__headline___25B2G\">Hecho parcialmente con materiales reciclados<\/h3>\n<p>Hecho con una serie de materiales reciclados y al menos 60 % de contenido reciclado, este producto representa solo una de nuestras soluciones para acabar con los residuos pl\u00e1sticos.<\/p>\n<h3 class=\"highlight-text__headline___25B2G\">Topes del Trifolio<\/h3>\n<p>Ajuste las tiras en el hombro con los topes de la parte superior.<\/p>\n<h3 class=\"highlight-text__headline___25B2G\">Corte ajustado<\/h3>\n<p>Dise\u00f1o que se ajusta tu cuerpo para un look ajustado y favorecedor.<\/p>\n<div class=\"accordion__header-text___2o9Im\">\n<h2 class=\"accordion-title___2sTgR\">Cuidados<\/h2>\n<\/div>\n<div class=\"accordion__header-icon___2FuRa\"><\/div>\n<div class=\"accordion__content___29x9h\">\n<div class=\"content-padding___2kVWQ\">\n<div class=\"care___2GwB4\" data-auto-id=\"pdp-content-care\">\n<div class=\"care-instructions___3scEd\">\n<h4 class=\"care-title___2YJe1 gl-no-margin-bottom\">Instrucciones de lavado<\/h4>\n<ul class=\"\">\n<li class=\"gl-vspace-bpall-small\"><img loading=\"lazy\" decoding=\"async\" src=\"https:\/\/www.adidas.mx\/glass\/react\/557321e\/assets\/img\/washing-instructions\/B1.svg\" alt=\"\" width=\"24\" height=\"24\" \/>No usar blanqueador<\/li>\n<li class=\"gl-vspace-bpall-small\"><img loading=\"lazy\" decoding=\"async\" src=\"https:\/\/www.adidas.mx\/glass\/react\/557321e\/assets\/img\/washing-instructions\/C1.svg\" alt=\"\" width=\"24\" height=\"24\" \/>No utillizar secadora<\/li>\n<li class=\"gl-vspace-bpall-small\"><img loading=\"lazy\" decoding=\"async\" src=\"https:\/\/www.adidas.mx\/glass\/react\/557321e\/assets\/img\/washing-instructions\/E1.svg\" alt=\"\" width=\"24\" height=\"24\" \/>No lavar en seco.<\/li>\n<li class=\"gl-vspace-bpall-small\"><img loading=\"lazy\" decoding=\"async\" src=\"https:\/\/www.adidas.mx\/glass\/react\/557321e\/assets\/img\/washing-instructions\/D2.svg\" alt=\"\" width=\"24\" height=\"24\" \/>Planchar a temperatura baja.<\/li>\n<li class=\"gl-vspace-bpall-small\"><img loading=\"lazy\" decoding=\"async\" src=\"https:\/\/www.adidas.mx\/glass\/react\/557321e\/assets\/img\/washing-instructions\/A3.svg\" alt=\"\" width=\"24\" height=\"24\" \/>Lavar a m\u00e1quina en temperatura fr\u00eda.<\/li>\n<\/ul>\n<\/div>\n<div class=\"extra-instructions___2TR8b\">\n<h4 class=\"care-title___2YJe1 gl-no-margin-bottom\">Informaci\u00f3n adicional sobre el cuidado<\/h4>\n<ul class=\"gl-list gl-vspace-bpall-small\">\n<li class=\"gl-vspace-bpall-small\">Lavar y secar al rev\u00e9s<\/li>\n<li class=\"gl-vspace-bpall-small\">No usar suavizante<\/li>\n<li class=\"gl-vspace-bpall-small\">Usar \u00fanicamente detergente suave<\/li>\n<li class=\"gl-vspace-bpall-small\">No planchar escudo de caucho<\/li>\n<li class=\"gl-vspace-bpall-small\">Lavar con colores similares<\/li>\n<\/ul>\n<div class=\"accordion__header-text___2o9Im\">\n<h2 class=\"accordion-title___2sTgR\">Detalles<\/h2>\n<\/div>\n<div class=\"accordion__header-icon___2FuRa\"><\/div>\n<div class=\"accordion__content___29x9h\">\n<div class=\"content-padding___2kVWQ\">\n<div class=\"bullets___3bsSs\" data-auto-id=\"specifications-section\">\n<ul class=\"gl-list\">\n<li class=\"gl-vspace-bpall-small\">Corte ajustado.<\/li>\n<li class=\"gl-vspace-bpall-small\">Escote profundo.<\/li>\n<li class=\"gl-vspace-bpall-small\">Tejido entrelazado 79 % poli\u00e9ster reciclado, 21 % elastano.<\/li>\n<li class=\"gl-vspace-bpall-small\">Correas para los hombros.<\/li>\n<li class=\"gl-vspace-bpall-small\">Color: Chalk White.<\/li>\n<li class=\"gl-vspace-bpall-small\">Modelo: HF1988.<\/li>\n<\/ul>\n<\/div>\n<\/div>\n<\/div>\n<\/div>\n<\/div>\n<\/div>\n<\/div>\n","protected":false},"excerpt":{"rendered":"<p>CROPPED Un top vers\u00e1til con tirantes delgados hecho parcialmente con materiales reciclados Tener varias opciones nunca est\u00e1 de m\u00e1s. Y<\/p>\n","protected":false},"featured_media":65872,"comment_status":"open","ping_status":"closed","template":"","meta":{"nf_dc_page":""},"product_brand":[],"product_cat":[73],"product_tag":[],"class_list":{"0":"post-65871","1":"product","2":"type-product","3":"status-publish","4":"has-post-thumbnail","6":"product_cat-femenino","8":"first","9":"outofstock","10":"shipping-taxable","11":"purchasable","12":"product-type-simple"},"_links":{"self":[{"href":"https:\/\/brandss.com.py\/index\/wp-json\/wp\/v2\/product\/65871","targetHints":{"allow":["GET"]}}],"collection":[{"href":"https:\/\/brandss.com.py\/index\/wp-json\/wp\/v2\/product"}],"about":[{"href":"https:\/\/brandss.com.py\/index\/wp-json\/wp\/v2\/types\/product"}],"replies":[{"embeddable":true,"href":"https:\/\/brandss.com.py\/index\/wp-json\/wp\/v2\/comments?post=65871"}],"version-history":[{"count":1,"href":"https:\/\/brandss.com.py\/index\/wp-json\/wp\/v2\/product\/65871\/revisions"}],"predecessor-version":[{"id":65886,"href":"https:\/\/brandss.com.py\/index\/wp-json\/wp\/v2\/product\/65871\/revisions\/65886"}],"wp:featuredmedia":[{"embeddable":true,"href":"https:\/\/brandss.com.py\/index\/wp-json\/wp\/v2\/media\/65872"}],"wp:attachment":[{"href":"https:\/\/brandss.com.py\/index\/wp-json\/wp\/v2\/media?parent=65871"}],"wp:term":[{"taxonomy":"product_brand","embeddable":true,"href":"https:\/\/brandss.com.py\/index\/wp-json\/wp\/v2\/product_brand?post=65871"},{"taxonomy":"product_cat","embeddable":true,"href":"https:\/\/brandss.com.py\/index\/wp-json\/wp\/v2\/product_cat?post=65871"},{"taxonomy":"product_tag","embeddable":true,"href":"https:\/\/brandss.com.py\/index\/wp-json\/wp\/v2\/product_tag?post=65871"}],"curies":[{"name":"wp","href":"https:\/\/api.w.org\/{rel}","templated":true}]}}