{"id":66007,"date":"2025-01-13T18:33:11","date_gmt":"2025-01-13T18:33:11","guid":{"rendered":"https:\/\/brandss.com.py\/index\/?post_type=product&#038;p=66007"},"modified":"2025-01-13T18:33:54","modified_gmt":"2025-01-13T18:33:54","slug":"vestido-juvenil-femenino-adidas-logo-mangas-cortas","status":"publish","type":"product","link":"https:\/\/brandss.com.py\/index\/producto\/vestido-juvenil-femenino-adidas-logo-mangas-cortas\/","title":{"rendered":"VESTIDO JUVENIL FEMENINO ADIDAS LOGO MANGAS CORTAS"},"content":{"rendered":"<p><img loading=\"lazy\" decoding=\"async\" class=\"\" src=\"https:\/\/encrypted-tbn0.gstatic.com\/images?q=tbn:ANd9GcSGLJC-hmcfN9t5pvZRmFrTBktTfr4lpdWKTA&amp;s\" alt=\"Archivo:Adidas Logo.svg - Wikipedia, la enciclopedia libre\" width=\"70\" height=\"47\" \/><\/p>\n<h1>LOGO<\/h1>\n<div class=\"side-sheet__content-desc\"><span>El vestido adidas LOGO DRESS para ni\u00f1as es una prenda perfecta para los calurosos d\u00edas de verano. Presenta un estampado de logotipo repetido. Muestra tu estilo \u00fanico con esta prenda de moda.<\/span><\/div>\n<ul class=\"list\">\n<li><span>vestido elegante<\/span><\/li>\n<li><span>Ajuste regular<\/span><\/li>\n<li><span>escote redondeado<\/span><\/li>\n<li><span>Al comprar productos de algod\u00f3n de adidas, apoyas el cultivo sostenible del algod\u00f3n.<\/span><\/li>\n<\/ul>\n<h2 class=\"side-sheet__content-title\"><span>Presupuesto<\/span><\/h2>\n<div class=\"table table--specifications\">\n<div class=\"tr\">\n<div class=\"th\"><span>Material: <\/span><span>100 % algod\u00f3n<\/span><\/div>\n<\/div>\n<div class=\"tr\">\n<div class=\"td\">Color: Negro.<\/div>\n<\/div>\n<div class=\"tr\">\n<div class=\"th\"><span>Modelo: <\/span><span>HF1834<\/span><\/div>\n<\/div>\n<\/div>\n","protected":false},"excerpt":{"rendered":"<p>LOGO El vestido adidas LOGO DRESS para ni\u00f1as es una prenda perfecta para los calurosos d\u00edas de verano. Presenta un<\/p>\n","protected":false},"featured_media":66008,"comment_status":"open","ping_status":"closed","template":"","meta":{"nf_dc_page":""},"product_brand":[],"product_cat":[73],"product_tag":[],"class_list":{"0":"post-66007","1":"product","2":"type-product","3":"status-publish","4":"has-post-thumbnail","6":"product_cat-femenino","8":"first","9":"instock","10":"shipping-taxable","11":"purchasable","12":"product-type-simple"},"_links":{"self":[{"href":"https:\/\/brandss.com.py\/index\/wp-json\/wp\/v2\/product\/66007","targetHints":{"allow":["GET"]}}],"collection":[{"href":"https:\/\/brandss.com.py\/index\/wp-json\/wp\/v2\/product"}],"about":[{"href":"https:\/\/brandss.com.py\/index\/wp-json\/wp\/v2\/types\/product"}],"replies":[{"embeddable":true,"href":"https:\/\/brandss.com.py\/index\/wp-json\/wp\/v2\/comments?post=66007"}],"version-history":[{"count":1,"href":"https:\/\/brandss.com.py\/index\/wp-json\/wp\/v2\/product\/66007\/revisions"}],"predecessor-version":[{"id":66013,"href":"https:\/\/brandss.com.py\/index\/wp-json\/wp\/v2\/product\/66007\/revisions\/66013"}],"wp:featuredmedia":[{"embeddable":true,"href":"https:\/\/brandss.com.py\/index\/wp-json\/wp\/v2\/media\/66008"}],"wp:attachment":[{"href":"https:\/\/brandss.com.py\/index\/wp-json\/wp\/v2\/media?parent=66007"}],"wp:term":[{"taxonomy":"product_brand","embeddable":true,"href":"https:\/\/brandss.com.py\/index\/wp-json\/wp\/v2\/product_brand?post=66007"},{"taxonomy":"product_cat","embeddable":true,"href":"https:\/\/brandss.com.py\/index\/wp-json\/wp\/v2\/product_cat?post=66007"},{"taxonomy":"product_tag","embeddable":true,"href":"https:\/\/brandss.com.py\/index\/wp-json\/wp\/v2\/product_tag?post=66007"}],"curies":[{"name":"wp","href":"https:\/\/api.w.org\/{rel}","templated":true}]}}