{"id":66014,"date":"2025-01-13T18:50:44","date_gmt":"2025-01-13T18:50:44","guid":{"rendered":"https:\/\/brandss.com.py\/index\/?post_type=product&#038;p=66014"},"modified":"2025-01-13T18:54:30","modified_gmt":"2025-01-13T18:54:30","slug":"vestido-femenino-adidas-adicolor-classics-big-trefoil-tee","status":"publish","type":"product","link":"https:\/\/brandss.com.py\/index\/producto\/vestido-femenino-adidas-adicolor-classics-big-trefoil-tee\/","title":{"rendered":"VESTIDO FEMENINO ADIDAS ADICOLOR CLASSICS BIG TREFOIL TEE"},"content":{"rendered":"<p><img loading=\"lazy\" decoding=\"async\" class=\"\" src=\"https:\/\/encrypted-tbn0.gstatic.com\/images?q=tbn:ANd9GcSGLJC-hmcfN9t5pvZRmFrTBktTfr4lpdWKTA&amp;s\" alt=\"Archivo:Adidas Logo.svg - Wikipedia, la enciclopedia libre\" width=\"94\" height=\"63\" \/><\/p>\n<h1>ADICOLOR CLASSICS BIG TREFOIL TEE<\/h1>\n<h3 class=\"subtitle___9ljbp\"><span>Un vestido holgado con aberturas laterales.<\/span><\/h3>\n<p class=\"gl-vspace\"><span>Nos encantan las sorpresas. Minimalista por delante, este vestido de adidas tiene a primera vista toda la comodidad de tu camiseta favorita. Y lo es, pero tambi\u00e9n tiene un logo adidas Trefoil oversize en contraste en la espalda con todo su esplendor deportivo. Un toque atrevido que eleva tu look un poco, todo mientras te mantienes incre\u00edblemente c\u00f3moda con un algod\u00f3n suave. Las aberturas laterales aportan una agradable sensaci\u00f3n de movimiento y un toque extra de pierna.<\/span><\/p>\n<div class=\"highlight___3fa4r\">\n<div class=\"highlight-text___lgoJI\">\n<h3 class=\"highlight-text__headline___25B2G\"><span>Nos asociamos con la Iniciativa Better Cotton<\/span><\/h3>\n<p><span>Al comprar productos marcados con el logotipo de Better Cotton Initiative, usted apoya un cultivo de algod\u00f3n m\u00e1s sostenible.<\/span><\/p>\n<\/div>\n<\/div>\n<div class=\"highlight___3fa4r\">\n<div class=\"highlight-text___lgoJI\">\n<h3 class=\"highlight-text__headline___25B2G\"><span>Ajuste holgado<\/span><\/h3>\n<p><span>Dise\u00f1ado para ajustarse holgadamente para una sensaci\u00f3n relajada y c\u00f3moda.<\/span><\/p>\n<\/div>\n<\/div>\n<div class=\"highlight___3fa4r\">\n<div class=\"highlight-text___lgoJI\">\n<h3 class=\"highlight-text__headline___25B2G\">Aberturas laterales<\/h3>\n<p>Las aberturas en el dobladillo te dan espacio adicional para moverte.<\/p>\n<div class=\"accordion__header-text___2o9Im\">\n<h2 class=\"accordion-title___2sTgR\">Cuidado<\/h2>\n<\/div>\n<div class=\"accordion__header-icon___2FuRa\"><\/div>\n<div class=\"accordion__content___29x9h\">\n<div class=\"content-padding___2kVWQ\">\n<div class=\"care___2GwB4\" data-auto-id=\"pdp-content-care\">\n<div class=\"care-instructions___3scEd\">\n<h4 class=\"care-title___2YJe1 gl-no-margin-bottom\">Instrucciones de lavado<\/h4>\n<ul class=\"\">\n<li class=\"gl-vspace-bpall-small\"><img loading=\"lazy\" decoding=\"async\" src=\"https:\/\/www.adidas.com.my\/glass\/react\/c8bc0ab\/assets\/img\/washing-instructions\/B1.svg\" alt=\"\" width=\"24\" height=\"24\" \/>No usa blanqueador<\/li>\n<li class=\"gl-vspace-bpall-small\"><img loading=\"lazy\" decoding=\"async\" src=\"https:\/\/www.adidas.com.my\/glass\/react\/c8bc0ab\/assets\/img\/washing-instructions\/C2.svg\" alt=\"\" width=\"24\" height=\"24\" \/>Secar en secadora a temperatura baja<\/li>\n<li class=\"gl-vspace-bpall-small\"><img loading=\"lazy\" decoding=\"async\" src=\"https:\/\/www.adidas.com.my\/glass\/react\/c8bc0ab\/assets\/img\/washing-instructions\/E1.svg\" alt=\"\" width=\"24\" height=\"24\" \/>No lavar en seco<\/li>\n<li class=\"gl-vspace-bpall-small\"><img loading=\"lazy\" decoding=\"async\" src=\"https:\/\/www.adidas.com.my\/glass\/react\/c8bc0ab\/assets\/img\/washing-instructions\/D3.svg\" alt=\"\" width=\"24\" height=\"24\" \/>Retocar con plancha tibia<\/li>\n<li class=\"gl-vspace-bpall-small\"><img loading=\"lazy\" decoding=\"async\" src=\"https:\/\/www.adidas.com.my\/glass\/react\/c8bc0ab\/assets\/img\/washing-instructions\/A4.svg\" alt=\"\" width=\"24\" height=\"24\" \/>Lavar a m\u00e1quina en ciclo delicado con agua fr\u00eda.<\/li>\n<\/ul>\n<\/div>\n<div class=\"extra-instructions___2TR8b\">\n<h4 class=\"care-title___2YJe1 gl-no-margin-bottom\">Informaci\u00f3n de cuidados adicionales<\/h4>\n<ul class=\"gl-list gl-vspace-bpall-small\">\n<li class=\"gl-vspace-bpall-small\">Utilice \u00fanicamente detergente suave<\/li>\n<li class=\"gl-vspace-bpall-small\">Lavar los colores oscuros por separado<\/li>\n<li class=\"gl-vspace-bpall-small\">Lavar y planchar del rev\u00e9s.<\/li>\n<li class=\"gl-vspace-bpall-small\">No planchar la impresi\u00f3n<\/li>\n<\/ul>\n<div class=\"accordion__header-text___2o9Im\">\n<h2 class=\"accordion-title___2sTgR\"><span>Detalles<\/span><\/h2>\n<\/div>\n<div class=\"accordion__header-icon___2FuRa\"><\/div>\n<div class=\"accordion__content___29x9h\">\n<div class=\"content-padding___2kVWQ\">\n<div class=\"bullets___3bsSs\" data-auto-id=\"specifications-section\">\n<ul class=\"gl-list\">\n<li class=\"gl-vspace-bpall-small\"><span>Ajuste holgado<\/span><\/li>\n<li class=\"gl-vspace-bpall-small\"><span>Cuello redondo<\/span><\/li>\n<li class=\"gl-vspace-bpall-small\"><span>100% algod\u00f3n<\/span><\/li>\n<li class=\"gl-vspace-bpall-small\"><span>Aberturas en el dobladillo lateral<\/span><\/li>\n<li class=\"gl-vspace-bpall-small\"><span>Jersey sencillo<\/span><\/li>\n<li class=\"gl-vspace-bpall-small\"><span>Apoya la iniciativa Better Cotton<\/span><\/li>\n<li class=\"gl-vspace-bpall-small\"><span>Color: Blanco<\/span><\/li>\n<li class=\"gl-vspace-bpall-small\"><span>Modelo: HC2034<\/span><\/li>\n<\/ul>\n<\/div>\n<\/div>\n<\/div>\n<\/div>\n<\/div>\n<\/div>\n<\/div>\n<\/div>\n<\/div>\n","protected":false},"excerpt":{"rendered":"<p>ADICOLOR CLASSICS BIG TREFOIL TEE Un vestido holgado con aberturas laterales. Nos encantan las sorpresas. Minimalista por delante, este vestido<\/p>\n","protected":false},"featured_media":66015,"comment_status":"open","ping_status":"closed","template":"","meta":{"nf_dc_page":""},"product_brand":[],"product_cat":[73],"product_tag":[],"class_list":{"0":"post-66014","1":"product","2":"type-product","3":"status-publish","4":"has-post-thumbnail","6":"product_cat-femenino","8":"first","9":"instock","10":"shipping-taxable","11":"purchasable","12":"product-type-simple"},"_links":{"self":[{"href":"https:\/\/brandss.com.py\/index\/wp-json\/wp\/v2\/product\/66014","targetHints":{"allow":["GET"]}}],"collection":[{"href":"https:\/\/brandss.com.py\/index\/wp-json\/wp\/v2\/product"}],"about":[{"href":"https:\/\/brandss.com.py\/index\/wp-json\/wp\/v2\/types\/product"}],"replies":[{"embeddable":true,"href":"https:\/\/brandss.com.py\/index\/wp-json\/wp\/v2\/comments?post=66014"}],"version-history":[{"count":2,"href":"https:\/\/brandss.com.py\/index\/wp-json\/wp\/v2\/product\/66014\/revisions"}],"predecessor-version":[{"id":66024,"href":"https:\/\/brandss.com.py\/index\/wp-json\/wp\/v2\/product\/66014\/revisions\/66024"}],"wp:featuredmedia":[{"embeddable":true,"href":"https:\/\/brandss.com.py\/index\/wp-json\/wp\/v2\/media\/66015"}],"wp:attachment":[{"href":"https:\/\/brandss.com.py\/index\/wp-json\/wp\/v2\/media?parent=66014"}],"wp:term":[{"taxonomy":"product_brand","embeddable":true,"href":"https:\/\/brandss.com.py\/index\/wp-json\/wp\/v2\/product_brand?post=66014"},{"taxonomy":"product_cat","embeddable":true,"href":"https:\/\/brandss.com.py\/index\/wp-json\/wp\/v2\/product_cat?post=66014"},{"taxonomy":"product_tag","embeddable":true,"href":"https:\/\/brandss.com.py\/index\/wp-json\/wp\/v2\/product_tag?post=66014"}],"curies":[{"name":"wp","href":"https:\/\/api.w.org\/{rel}","templated":true}]}}