{"id":66025,"date":"2025-01-13T19:07:25","date_gmt":"2025-01-13T19:07:25","guid":{"rendered":"https:\/\/brandss.com.py\/index\/?post_type=product&#038;p=66025"},"modified":"2025-01-13T19:08:15","modified_gmt":"2025-01-13T19:08:15","slug":"vestido-femenino-adidas-logo-play-mangas-largas","status":"publish","type":"product","link":"https:\/\/brandss.com.py\/index\/producto\/vestido-femenino-adidas-logo-play-mangas-largas\/","title":{"rendered":"VESTIDO FEMENINO ADIDAS LOGO PLAY MANGAS CORTAS"},"content":{"rendered":"<p><img loading=\"lazy\" decoding=\"async\" class=\"\" src=\"https:\/\/encrypted-tbn0.gstatic.com\/images?q=tbn:ANd9GcSGLJC-hmcfN9t5pvZRmFrTBktTfr4lpdWKTA&amp;s\" alt=\"Archivo:Adidas Logo.svg - Wikipedia, la enciclopedia libre\" width=\"98\" height=\"66\" \/><\/p>\n<h1>LOGO PLAY<\/h1>\n<h3 class=\"subtitle___9ljbp\"><span>Aplica el logo del amor en este vestido.<\/span><\/h3>\n<p class=\"gl-vspace\"><span>De lunes a viernes, de fin de semana, por la ma\u00f1ana, por la noche. Cualquier momento es bueno para estar c\u00f3modo y con estilo. Este vestido estilo camiseta tiene un atractivo sencillo y f\u00e1cil de poner y quitar. Est\u00e1 confeccionado en algod\u00f3n suave y el\u00e1stico con un corte ajustado que se puede llevar con capas debajo o encima, o simplemente por s\u00ed solo. Un logotipo de adidas estampado en goma y con relieve adorna la parte inferior, mientras que los tr\u00e9boles alineados bailan por encima, acentuados por un solo tr\u00e9bol en el pecho. Al comprar productos de algod\u00f3n de nosotros, est\u00e1s apoyando un cultivo de algod\u00f3n m\u00e1s sostenible.<\/span><\/p>\n<div class=\"accordion__header-text___2o9Im\">\n<h2 class=\"accordion-title___2sTgR\"><span>Cuidado<\/span><\/h2>\n<\/div>\n<div class=\"accordion__header-icon___2FuRa\"><\/div>\n<div class=\"accordion__content___29x9h\">\n<div class=\"content-padding___2kVWQ\">\n<div class=\"care___2GwB4\" data-auto-id=\"pdp-content-care\">\n<div class=\"care-instructions___3scEd\">\n<h4 class=\"care-title___2YJe1 gl-no-margin-bottom\">Instrucciones de lavado<\/h4>\n<ul class=\"\">\n<li class=\"gl-vspace-bpall-small\"><img loading=\"lazy\" decoding=\"async\" src=\"https:\/\/www.adidas.co.in\/glass\/react\/c8bc0ab\/assets\/img\/washing-instructions\/B1.svg\" alt=\"\" width=\"24\" height=\"24\" \/>No usa blanqueador<\/li>\n<li class=\"gl-vspace-bpall-small\"><img loading=\"lazy\" decoding=\"async\" src=\"https:\/\/www.adidas.co.in\/glass\/react\/c8bc0ab\/assets\/img\/washing-instructions\/C1.svg\" alt=\"\" width=\"24\" height=\"24\" \/>No secar en secadora<\/li>\n<li class=\"gl-vspace-bpall-small\"><img loading=\"lazy\" decoding=\"async\" src=\"https:\/\/www.adidas.co.in\/glass\/react\/c8bc0ab\/assets\/img\/washing-instructions\/E1.svg\" alt=\"\" width=\"24\" height=\"24\" \/>No lavar en seco<\/li>\n<li class=\"gl-vspace-bpall-small\"><img loading=\"lazy\" decoding=\"async\" src=\"https:\/\/www.adidas.co.in\/glass\/react\/c8bc0ab\/assets\/img\/washing-instructions\/D2.svg\" alt=\"\" width=\"24\" height=\"24\" \/>Retocar con plancha fr\u00eda<\/li>\n<li class=\"gl-vspace-bpall-small\"><img loading=\"lazy\" decoding=\"async\" src=\"https:\/\/www.adidas.co.in\/glass\/react\/c8bc0ab\/assets\/img\/washing-instructions\/A3.svg\" alt=\"\" width=\"24\" height=\"24\" \/>Lavar a m\u00e1quina con agua fr\u00eda<\/li>\n<\/ul>\n<\/div>\n<div class=\"extra-instructions___2TR8b\">\n<h4 class=\"care-title___2YJe1 gl-no-margin-bottom\">Informaci\u00f3n de cuidados adicionales<\/h4>\n<ul class=\"gl-list gl-vspace-bpall-small\">\n<li class=\"gl-vspace-bpall-small\">Lavar y secar del rev\u00e9s.<\/li>\n<li class=\"gl-vspace-bpall-small\">No utilice suavizante de telas.<\/li>\n<li class=\"gl-vspace-bpall-small\">Utilice \u00fanicamente detergente suave<\/li>\n<li class=\"gl-vspace-bpall-small\">No planchar la impresi\u00f3n<\/li>\n<li class=\"gl-vspace-bpall-small\">Lavar con colores similares<\/li>\n<\/ul>\n<div class=\"accordion__header-text___2o9Im\">\n<h2 class=\"accordion-title___2sTgR\"><span>Detalles<\/span><\/h2>\n<\/div>\n<div class=\"accordion__header-icon___2FuRa\"><\/div>\n<div class=\"accordion__content___29x9h\">\n<div class=\"content-padding___2kVWQ\">\n<div class=\"bullets___3bsSs\" data-auto-id=\"specifications-section\">\n<ul class=\"gl-list\">\n<li class=\"gl-vspace-bpall-small\"><span>Ajuste ce\u00f1ido<\/span><\/li>\n<li class=\"gl-vspace-bpall-small\"><span>Cuello redondo acanalado<\/span><\/li>\n<li class=\"gl-vspace-bpall-small\"><span>Jersey sencillo 93% algod\u00f3n, 7% elastano<\/span><\/li>\n<li class=\"gl-vspace-bpall-small\"><span>Sisas acanaladas<\/span><\/li>\n<li class=\"gl-vspace-bpall-small\"><span>Jersey sencillo<\/span><\/li>\n<li class=\"gl-vspace-bpall-small\"><span>Iniciativa para un mejor algod\u00f3n<\/span><\/li>\n<li class=\"gl-vspace-bpall-small\"><span>Color: carmes\u00ed victoria<\/span><\/li>\n<li class=\"gl-vspace-bpall-small\"><span>Modelo: H20417<\/span><\/li>\n<\/ul>\n<\/div>\n<\/div>\n<\/div>\n<\/div>\n<\/div>\n<\/div>\n<\/div>\n","protected":false},"excerpt":{"rendered":"<p>LOGO PLAY Aplica el logo del amor en este vestido. De lunes a viernes, de fin de semana, por la<\/p>\n","protected":false},"featured_media":66026,"comment_status":"open","ping_status":"closed","template":"","meta":{"nf_dc_page":""},"product_brand":[],"product_cat":[73],"product_tag":[],"class_list":{"0":"post-66025","1":"product","2":"type-product","3":"status-publish","4":"has-post-thumbnail","6":"product_cat-femenino","8":"first","9":"instock","10":"shipping-taxable","11":"purchasable","12":"product-type-simple"},"_links":{"self":[{"href":"https:\/\/brandss.com.py\/index\/wp-json\/wp\/v2\/product\/66025","targetHints":{"allow":["GET"]}}],"collection":[{"href":"https:\/\/brandss.com.py\/index\/wp-json\/wp\/v2\/product"}],"about":[{"href":"https:\/\/brandss.com.py\/index\/wp-json\/wp\/v2\/types\/product"}],"replies":[{"embeddable":true,"href":"https:\/\/brandss.com.py\/index\/wp-json\/wp\/v2\/comments?post=66025"}],"version-history":[{"count":2,"href":"https:\/\/brandss.com.py\/index\/wp-json\/wp\/v2\/product\/66025\/revisions"}],"predecessor-version":[{"id":66033,"href":"https:\/\/brandss.com.py\/index\/wp-json\/wp\/v2\/product\/66025\/revisions\/66033"}],"wp:featuredmedia":[{"embeddable":true,"href":"https:\/\/brandss.com.py\/index\/wp-json\/wp\/v2\/media\/66026"}],"wp:attachment":[{"href":"https:\/\/brandss.com.py\/index\/wp-json\/wp\/v2\/media?parent=66025"}],"wp:term":[{"taxonomy":"product_brand","embeddable":true,"href":"https:\/\/brandss.com.py\/index\/wp-json\/wp\/v2\/product_brand?post=66025"},{"taxonomy":"product_cat","embeddable":true,"href":"https:\/\/brandss.com.py\/index\/wp-json\/wp\/v2\/product_cat?post=66025"},{"taxonomy":"product_tag","embeddable":true,"href":"https:\/\/brandss.com.py\/index\/wp-json\/wp\/v2\/product_tag?post=66025"}],"curies":[{"name":"wp","href":"https:\/\/api.w.org\/{rel}","templated":true}]}}