{"id":66063,"date":"2025-01-14T12:17:47","date_gmt":"2025-01-14T12:17:47","guid":{"rendered":"https:\/\/brandss.com.py\/index\/?post_type=product&#038;p=66063"},"modified":"2025-08-02T11:37:42","modified_gmt":"2025-08-02T11:37:42","slug":"depilador-facial-y-corporal-dsp-multifuncional-3-en-1","status":"publish","type":"product","link":"https:\/\/brandss.com.py\/index\/producto\/depilador-facial-y-corporal-dsp-multifuncional-3-en-1\/","title":{"rendered":"DEPILADOR FACIAL Y CORPORAL DSP MULTIFUNCIONAL 3 EN 1"},"content":{"rendered":"<p><img loading=\"lazy\" decoding=\"async\" class=\"\" src=\"https:\/\/www.peacocks.com.bd\/storage\/1504\/DSP.png\" alt=\"DSP | Peacocks Store | Promising Online Shopping in Bangladesh\" width=\"138\" height=\"77\" \/><\/p>\n<h1>80159<\/h1>\n<div><span>Cuida tu piel y deshazte del molesto vello facial y corporal con el set de depilaci\u00f3n de 2 dispositivos de la marca DSP. El set incluye una depiladora y una microafeitadora de 2 cabezales para el rostro. Cuenta con discos cer\u00e1micos con peque\u00f1as crestas para un agarre firme, eliminando hasta los pelos m\u00e1s cortos y finos. El tiempo de carga es de hasta 90 minutos. Apta para uso en seco y en h\u00famedo.<\/span><\/div>\n<div><\/div>\n<div><span>Caracter\u00edsticas:<\/span><\/div>\n<div><span>Marca: DSP<\/span><\/div>\n<div><span>Modelo: 80159<\/span><\/div>\n<div><span>Potencia: 3W<\/span><\/div>\n<div><span>Bater\u00eda recargable: 400 mAh<\/span><\/div>\n<div><span>Velocidad: 10500 RPM<\/span><\/div>\n<div><span>N\u00famero de marchas: 2<\/span><\/div>\n<div><span>Resistente al agua: IPX5A<\/span><\/div>\n<div><\/div>\n<div><span>El paquete incluye:<\/span><\/div>\n<div><span>1 x Depiladora corporal<\/span><\/div>\n<div><span>1 x Depiladora facial<\/span><\/div>\n<div><span>1 x Manual de instrucciones<\/span><\/div>\n<div><\/div>\n<div><span>Tipo de producto: Depiladora<\/span><\/div>\n<div><\/div>\n<div><span>Nota: Puede haber ligeras diferencias de color en los productos debido a las diferentes luces de la pantalla y de la c\u00e1mara. \u00a1Gracias por su comprensi\u00f3n!<\/span><\/div>\n<div><span>Si esto no le importa, tenga en cuenta que el grosor puede ser de 1 a 2 cm debido a la medici\u00f3n manual, \u00a1y aseg\u00farese de no hacer una reserva antes de realizar el pedido!<\/span><\/div>\n","protected":false},"excerpt":{"rendered":"<p>80159 Cuida tu piel y deshazte del molesto vello facial y corporal con el set de depilaci\u00f3n de 2 dispositivos<\/p>\n","protected":false},"featured_media":66064,"comment_status":"open","ping_status":"closed","template":"","meta":{"nf_dc_page":""},"product_brand":[],"product_cat":[74],"product_tag":[],"class_list":{"0":"post-66063","1":"product","2":"type-product","3":"status-publish","4":"has-post-thumbnail","6":"product_cat-accesorios-fem","8":"first","9":"instock","10":"shipping-taxable","11":"purchasable","12":"product-type-simple"},"_links":{"self":[{"href":"https:\/\/brandss.com.py\/index\/wp-json\/wp\/v2\/product\/66063","targetHints":{"allow":["GET"]}}],"collection":[{"href":"https:\/\/brandss.com.py\/index\/wp-json\/wp\/v2\/product"}],"about":[{"href":"https:\/\/brandss.com.py\/index\/wp-json\/wp\/v2\/types\/product"}],"replies":[{"embeddable":true,"href":"https:\/\/brandss.com.py\/index\/wp-json\/wp\/v2\/comments?post=66063"}],"version-history":[{"count":1,"href":"https:\/\/brandss.com.py\/index\/wp-json\/wp\/v2\/product\/66063\/revisions"}],"predecessor-version":[{"id":66068,"href":"https:\/\/brandss.com.py\/index\/wp-json\/wp\/v2\/product\/66063\/revisions\/66068"}],"wp:featuredmedia":[{"embeddable":true,"href":"https:\/\/brandss.com.py\/index\/wp-json\/wp\/v2\/media\/66064"}],"wp:attachment":[{"href":"https:\/\/brandss.com.py\/index\/wp-json\/wp\/v2\/media?parent=66063"}],"wp:term":[{"taxonomy":"product_brand","embeddable":true,"href":"https:\/\/brandss.com.py\/index\/wp-json\/wp\/v2\/product_brand?post=66063"},{"taxonomy":"product_cat","embeddable":true,"href":"https:\/\/brandss.com.py\/index\/wp-json\/wp\/v2\/product_cat?post=66063"},{"taxonomy":"product_tag","embeddable":true,"href":"https:\/\/brandss.com.py\/index\/wp-json\/wp\/v2\/product_tag?post=66063"}],"curies":[{"name":"wp","href":"https:\/\/api.w.org\/{rel}","templated":true}]}}