{"id":66079,"date":"2025-01-14T12:50:46","date_gmt":"2025-01-14T12:50:46","guid":{"rendered":"https:\/\/brandss.com.py\/index\/?post_type=product&#038;p=66079"},"modified":"2025-01-14T12:57:46","modified_gmt":"2025-01-14T12:57:46","slug":"vestido-femenino-adidas-adicolor-denim-de-tirantes","status":"publish","type":"product","link":"https:\/\/brandss.com.py\/index\/producto\/vestido-femenino-adidas-adicolor-denim-de-tirantes\/","title":{"rendered":"VESTIDO FEMENINO ADIDAS ADICOLOR DENIM DE TIRANTES"},"content":{"rendered":"<p><img loading=\"lazy\" decoding=\"async\" class=\"\" src=\"https:\/\/encrypted-tbn0.gstatic.com\/images?q=tbn:ANd9GcSGLJC-hmcfN9t5pvZRmFrTBktTfr4lpdWKTA&amp;s\" alt=\"Archivo:Adidas Logo.svg - Wikipedia, la enciclopedia libre\" width=\"89\" height=\"60\" \/><\/p>\n<h1>ADICOLOR DENIM<\/h1>\n<h3 class=\"subtitle___9ljbp\"><span>Un vestido deportivo de adidas confeccionado en denim.<\/span><\/h3>\n<p class=\"gl-vspace\"><span>\u00bfCu\u00e1ndo el d\u00eda exige un estilo informal? El denim es siempre la respuesta. \u00bfCu\u00e1ndo hace calor? Olv\u00eddate de los pantalones acampanados y la chaqueta vaquera y ponte este vestido de denim de adidas. El corte ajustado favorece tu figura y los tirantes delicados dejan que el sol brille sobre tus hombros. \u00dasalo durante el fin de semana o para salir por la noche. Al comprar productos de algod\u00f3n de nuestra tienda, est\u00e1s apoyando un cultivo de algod\u00f3n m\u00e1s sostenible.<\/span><\/p>\n<div class=\"accordion__header-text___2o9Im\">\n<h2 class=\"accordion-title___2sTgR\"><span>Cuidado<\/span><\/h2>\n<\/div>\n<div class=\"accordion__header-icon___2FuRa\"><\/div>\n<div class=\"accordion__content___29x9h\">\n<div class=\"content-padding___2kVWQ\">\n<div class=\"care___2GwB4\" data-auto-id=\"pdp-content-care\">\n<div class=\"care-instructions___3scEd\">\n<h4 class=\"care-title___2YJe1 gl-no-margin-bottom\">Instrucciones de lavado<\/h4>\n<ul class=\"\">\n<li class=\"gl-vspace-bpall-small\"><img loading=\"lazy\" decoding=\"async\" src=\"https:\/\/www.adidas.com.ph\/glass\/react\/ce791c5\/assets\/img\/washing-instructions\/B1.svg\" alt=\"\" width=\"24\" height=\"24\" \/>No usa blanqueador<\/li>\n<li class=\"gl-vspace-bpall-small\"><img loading=\"lazy\" decoding=\"async\" src=\"https:\/\/www.adidas.com.ph\/glass\/react\/ce791c5\/assets\/img\/washing-instructions\/C2.svg\" alt=\"\" width=\"24\" height=\"24\" \/>Secar en secadora a temperatura baja<\/li>\n<li class=\"gl-vspace-bpall-small\"><img loading=\"lazy\" decoding=\"async\" src=\"https:\/\/www.adidas.com.ph\/glass\/react\/ce791c5\/assets\/img\/washing-instructions\/E1.svg\" alt=\"\" width=\"24\" height=\"24\" \/>No lavar en seco<\/li>\n<li class=\"gl-vspace-bpall-small\"><img loading=\"lazy\" decoding=\"async\" src=\"https:\/\/www.adidas.com.ph\/glass\/react\/ce791c5\/assets\/img\/washing-instructions\/D3.svg\" alt=\"\" width=\"24\" height=\"24\" \/>Retocar con plancha tibia<\/li>\n<li class=\"gl-vspace-bpall-small\"><img loading=\"lazy\" decoding=\"async\" src=\"https:\/\/www.adidas.com.ph\/glass\/react\/ce791c5\/assets\/img\/washing-instructions\/A5.svg\" alt=\"\" width=\"24\" height=\"24\" \/>Lavar a m\u00e1quina con agua tibia<\/li>\n<\/ul>\n<\/div>\n<div class=\"extra-instructions___2TR8b\">\n<h4 class=\"care-title___2YJe1 gl-no-margin-bottom\">Informaci\u00f3n de cuidados adicionales<\/h4>\n<ul class=\"gl-list gl-vspace-bpall-small\">\n<li class=\"gl-vspace-bpall-small\">Lavar y secar del rev\u00e9s.<\/li>\n<li class=\"gl-vspace-bpall-small\">Lavar por separado con el cierre cerrado.<\/li>\n<li class=\"gl-vspace-bpall-small\">Utilice \u00fanicamente detergente suave<\/li>\n<\/ul>\n<div class=\"accordion__header-text___2o9Im\">\n<h2 class=\"accordion-title___2sTgR\"><span>Detalles<\/span><\/h2>\n<\/div>\n<div class=\"accordion__header-icon___2FuRa\"><\/div>\n<div class=\"accordion__content___29x9h\">\n<div class=\"content-padding___2kVWQ\">\n<div class=\"bullets___3bsSs\" data-auto-id=\"specifications-section\">\n<ul class=\"gl-list\">\n<li class=\"gl-vspace-bpall-small\"><span>Ajuste ce\u00f1ido<\/span><\/li>\n<li class=\"gl-vspace-bpall-small\"><span>Cremallera trasera completa<\/span><\/li>\n<li class=\"gl-vspace-bpall-small\"><span>Sarga 100% algod\u00f3n<\/span><\/li>\n<li class=\"gl-vspace-bpall-small\"><span>Tela asargada<\/span><\/li>\n<li class=\"gl-vspace-bpall-small\"><span>Iniciativa para un mejor algod\u00f3n<\/span><\/li>\n<li class=\"gl-vspace-bpall-small\"><span>Color: Azul Bah\u00eda<\/span><\/li>\n<li class=\"gl-vspace-bpall-small\"><span>Modelo: H11516<\/span><\/li>\n<\/ul>\n<\/div>\n<\/div>\n<\/div>\n<\/div>\n<\/div>\n<\/div>\n<\/div>\n","protected":false},"excerpt":{"rendered":"<p>ADICOLOR DENIM Un vestido deportivo de adidas confeccionado en denim. \u00bfCu\u00e1ndo el d\u00eda exige un estilo informal? El denim es<\/p>\n","protected":false},"featured_media":66080,"comment_status":"open","ping_status":"closed","template":"","meta":{"nf_dc_page":""},"product_brand":[],"product_cat":[73],"product_tag":[],"class_list":{"0":"post-66079","1":"product","2":"type-product","3":"status-publish","4":"has-post-thumbnail","6":"product_cat-femenino","8":"first","9":"instock","10":"shipping-taxable","11":"purchasable","12":"product-type-simple"},"_links":{"self":[{"href":"https:\/\/brandss.com.py\/index\/wp-json\/wp\/v2\/product\/66079","targetHints":{"allow":["GET"]}}],"collection":[{"href":"https:\/\/brandss.com.py\/index\/wp-json\/wp\/v2\/product"}],"about":[{"href":"https:\/\/brandss.com.py\/index\/wp-json\/wp\/v2\/types\/product"}],"replies":[{"embeddable":true,"href":"https:\/\/brandss.com.py\/index\/wp-json\/wp\/v2\/comments?post=66079"}],"version-history":[{"count":1,"href":"https:\/\/brandss.com.py\/index\/wp-json\/wp\/v2\/product\/66079\/revisions"}],"predecessor-version":[{"id":66089,"href":"https:\/\/brandss.com.py\/index\/wp-json\/wp\/v2\/product\/66079\/revisions\/66089"}],"wp:featuredmedia":[{"embeddable":true,"href":"https:\/\/brandss.com.py\/index\/wp-json\/wp\/v2\/media\/66080"}],"wp:attachment":[{"href":"https:\/\/brandss.com.py\/index\/wp-json\/wp\/v2\/media?parent=66079"}],"wp:term":[{"taxonomy":"product_brand","embeddable":true,"href":"https:\/\/brandss.com.py\/index\/wp-json\/wp\/v2\/product_brand?post=66079"},{"taxonomy":"product_cat","embeddable":true,"href":"https:\/\/brandss.com.py\/index\/wp-json\/wp\/v2\/product_cat?post=66079"},{"taxonomy":"product_tag","embeddable":true,"href":"https:\/\/brandss.com.py\/index\/wp-json\/wp\/v2\/product_tag?post=66079"}],"curies":[{"name":"wp","href":"https:\/\/api.w.org\/{rel}","templated":true}]}}