{"id":66095,"date":"2025-01-14T13:39:45","date_gmt":"2025-01-14T13:39:45","guid":{"rendered":"https:\/\/brandss.com.py\/index\/?post_type=product&#038;p=66095"},"modified":"2025-01-14T13:42:26","modified_gmt":"2025-01-14T13:42:26","slug":"vestido-femenino-adidas-adicolor-classics-racerback","status":"publish","type":"product","link":"https:\/\/brandss.com.py\/index\/producto\/vestido-femenino-adidas-adicolor-classics-racerback\/","title":{"rendered":"VESTIDO FEMENINO ADIDAS ADICOLOR CLASSICS RACERBACK"},"content":{"rendered":"<p><img loading=\"lazy\" decoding=\"async\" class=\"\" src=\"https:\/\/encrypted-tbn0.gstatic.com\/images?q=tbn:ANd9GcSGLJC-hmcfN9t5pvZRmFrTBktTfr4lpdWKTA&amp;s\" alt=\"Archivo:Adidas Logo.svg - Wikipedia, la enciclopedia libre\" width=\"106\" height=\"71\" \/><\/p>\n<h1>ADICOLOR CLASSICS RACERBACK<\/h1>\n<h3 class=\"subtitle___9ljbp\">Un vestido con espalda racer-back que aporta un toque extra de estilo deportivo<\/h3>\n<p class=\"gl-vspace\">Sigue tu propio camino. Hazlo a lo grande. Y no te preocupes por lo que piensen los dem\u00e1s. Este atrevido vestido adidas con espalda racer-back te aporta toneladas de estilo y confianza para dejar boquiabierto a quien se cruce en tu camino. Las 3 Tiras en los laterales conservan su legado deportivo intacto. Nuestros productos de algod\u00f3n apoyan el cultivo de algod\u00f3n sostenible. Esto hace parte de nuestro anhelo de ponerle fin a la contaminaci\u00f3n por pl\u00e1stico.<\/p>\n<div class=\"accordion__header-text___2o9Im\">\n<h2 class=\"accordion-title___2sTgR\">Cuidados<\/h2>\n<\/div>\n<div class=\"accordion__header-icon___2FuRa\"><\/div>\n<div class=\"accordion__content___29x9h\">\n<div class=\"content-padding___2kVWQ\">\n<div class=\"care___2GwB4\" data-auto-id=\"pdp-content-care\">\n<div class=\"care-instructions___3scEd\">\n<h4 class=\"care-title___2YJe1 gl-no-margin-bottom\">Instrucciones de lavado<\/h4>\n<ul class=\"\">\n<li class=\"gl-vspace-bpall-small\"><img loading=\"lazy\" decoding=\"async\" src=\"https:\/\/www.adidas.pe\/glass\/react\/ce791c5\/assets\/img\/washing-instructions\/B1.svg\" alt=\"\" width=\"24\" height=\"24\" \/>No usar blanqueador<\/li>\n<li class=\"gl-vspace-bpall-small\"><img loading=\"lazy\" decoding=\"async\" src=\"https:\/\/www.adidas.pe\/glass\/react\/ce791c5\/assets\/img\/washing-instructions\/C2.svg\" alt=\"\" width=\"24\" height=\"24\" \/>Secar a potencia baja<\/li>\n<li class=\"gl-vspace-bpall-small\"><img loading=\"lazy\" decoding=\"async\" src=\"https:\/\/www.adidas.pe\/glass\/react\/ce791c5\/assets\/img\/washing-instructions\/E1.svg\" alt=\"\" width=\"24\" height=\"24\" \/>No lavar en seco<\/li>\n<li class=\"gl-vspace-bpall-small\"><img loading=\"lazy\" decoding=\"async\" src=\"https:\/\/www.adidas.pe\/glass\/react\/ce791c5\/assets\/img\/washing-instructions\/D3.svg\" alt=\"\" width=\"24\" height=\"24\" \/>Retoque con plancha tibia<\/li>\n<li class=\"gl-vspace-bpall-small\"><img loading=\"lazy\" decoding=\"async\" src=\"https:\/\/www.adidas.pe\/glass\/react\/ce791c5\/assets\/img\/washing-instructions\/A4.svg\" alt=\"\" width=\"24\" height=\"24\" \/>Lavado a maquina agua fria ciclo delicado<\/li>\n<\/ul>\n<\/div>\n<div class=\"extra-instructions___2TR8b\">\n<h4 class=\"care-title___2YJe1 gl-no-margin-bottom\">Informaci\u00f3n adicional sobre el cuidado<\/h4>\n<ul class=\"gl-list gl-vspace-bpall-small\">\n<li class=\"gl-vspace-bpall-small\">Usar \u00fanicamente detergente suave<\/li>\n<li class=\"gl-vspace-bpall-small\">Lavar colores oscuros por separado<\/li>\n<li class=\"gl-vspace-bpall-small\">Lavar y planchar al rev\u00e9s<\/li>\n<li class=\"gl-vspace-bpall-small\">No planchar detalles decorativos<\/li>\n<\/ul>\n<div class=\"accordion__header-text___2o9Im\">\n<h2 class=\"accordion-title___2sTgR\">Detalles<\/h2>\n<\/div>\n<div class=\"accordion__header-icon___2FuRa\"><\/div>\n<div class=\"accordion__content___29x9h\">\n<div class=\"content-padding___2kVWQ\">\n<div class=\"bullets___3bsSs\" data-auto-id=\"specifications-section\">\n<ul class=\"gl-list\">\n<li class=\"gl-vspace-bpall-small\">Corte ajustado<\/li>\n<li class=\"gl-vspace-bpall-small\">Cuello redondo<\/li>\n<li class=\"gl-vspace-bpall-small\">Tejido acanalado 95 % algod\u00f3n, 5 % elastano<\/li>\n<li class=\"gl-vspace-bpall-small\">Espalda racer-back<\/li>\n<li class=\"gl-vspace-bpall-small\">Color: Black<\/li>\n<li class=\"gl-vspace-bpall-small\">Modelo: GN2878<\/li>\n<\/ul>\n<\/div>\n<\/div>\n<\/div>\n<\/div>\n<\/div>\n<\/div>\n<\/div>\n","protected":false},"excerpt":{"rendered":"<p>ADICOLOR CLASSICS RACERBACK Un vestido con espalda racer-back que aporta un toque extra de estilo deportivo Sigue tu propio camino.<\/p>\n","protected":false},"featured_media":66096,"comment_status":"open","ping_status":"closed","template":"","meta":{"nf_dc_page":""},"product_brand":[],"product_cat":[73],"product_tag":[],"class_list":{"0":"post-66095","1":"product","2":"type-product","3":"status-publish","4":"has-post-thumbnail","6":"product_cat-femenino","8":"first","9":"instock","10":"shipping-taxable","11":"purchasable","12":"product-type-simple"},"_links":{"self":[{"href":"https:\/\/brandss.com.py\/index\/wp-json\/wp\/v2\/product\/66095","targetHints":{"allow":["GET"]}}],"collection":[{"href":"https:\/\/brandss.com.py\/index\/wp-json\/wp\/v2\/product"}],"about":[{"href":"https:\/\/brandss.com.py\/index\/wp-json\/wp\/v2\/types\/product"}],"replies":[{"embeddable":true,"href":"https:\/\/brandss.com.py\/index\/wp-json\/wp\/v2\/comments?post=66095"}],"version-history":[{"count":1,"href":"https:\/\/brandss.com.py\/index\/wp-json\/wp\/v2\/product\/66095\/revisions"}],"predecessor-version":[{"id":66102,"href":"https:\/\/brandss.com.py\/index\/wp-json\/wp\/v2\/product\/66095\/revisions\/66102"}],"wp:featuredmedia":[{"embeddable":true,"href":"https:\/\/brandss.com.py\/index\/wp-json\/wp\/v2\/media\/66096"}],"wp:attachment":[{"href":"https:\/\/brandss.com.py\/index\/wp-json\/wp\/v2\/media?parent=66095"}],"wp:term":[{"taxonomy":"product_brand","embeddable":true,"href":"https:\/\/brandss.com.py\/index\/wp-json\/wp\/v2\/product_brand?post=66095"},{"taxonomy":"product_cat","embeddable":true,"href":"https:\/\/brandss.com.py\/index\/wp-json\/wp\/v2\/product_cat?post=66095"},{"taxonomy":"product_tag","embeddable":true,"href":"https:\/\/brandss.com.py\/index\/wp-json\/wp\/v2\/product_tag?post=66095"}],"curies":[{"name":"wp","href":"https:\/\/api.w.org\/{rel}","templated":true}]}}