{"id":66196,"date":"2025-01-14T19:18:48","date_gmt":"2025-01-14T19:18:48","guid":{"rendered":"https:\/\/brandss.com.py\/index\/?post_type=product&#038;p=66196"},"modified":"2026-04-11T13:20:39","modified_gmt":"2026-04-11T13:20:39","slug":"top-deportivo-femenino-adidas-sportswear-cropped-ribbed-sin-mangas-2","status":"publish","type":"product","link":"https:\/\/brandss.com.py\/index\/producto\/top-deportivo-femenino-adidas-sportswear-cropped-ribbed-sin-mangas-2\/","title":{"rendered":"TOP DEPORTIVO FEMENINO ADIDAS SPORTSWEAR CROPPED RIBBED SIN MANGAS"},"content":{"rendered":"<p><img loading=\"lazy\" decoding=\"async\" class=\"\" src=\"https:\/\/encrypted-tbn0.gstatic.com\/images?q=tbn:ANd9GcSGLJC-hmcfN9t5pvZRmFrTBktTfr4lpdWKTA&amp;s\" alt=\"Archivo:Adidas Logo.svg - Wikipedia, la enciclopedia libre\" width=\"138\" height=\"93\" \/><\/p>\n<h1>SPORTSWEAR CROPPED RIBBED<\/h1>\n<h3 class=\"subtitle___9ljbp\"><span>Muestra tu piel con este top corto el\u00e1stico, confeccionado con materiales reciclados.<\/span><\/h3>\n<p class=\"gl-vspace\"><span>Si hay algo de lo que puedes estar segura, es de este top corto de adidas. Cubre todas las bases. Cumple todos los requisitos. Se remonta a la era de los grupos de chicas empoderadas y luego recupera la inspiraci\u00f3n del regreso en la silueta moderna. Cuello alto. Espalda baja. Un poco de elasticidad para que sea a\u00fan m\u00e1s c\u00f3moda. Las 3 rayas que se curvan a lo largo del costado, dejando ver solo un poco desde el frente. Lo que estamos diciendo es que este top es al que vuelves una y otra vez. Tambi\u00e9n es vers\u00e1til. Juega con las vibraciones deportivas o comb\u00ednalo con algo m\u00e1s sofisticado.<\/span><\/p>\n<div class=\"highlight___3fa4r\">\n<div class=\"highlight-text___lgoJI\">\n<h3 class=\"highlight-text__headline___25B2G\"><span>Del problema al rendimiento<\/span><\/h3>\n<p><span>Este producto est\u00e1 fabricado con Primegreen, una serie de materiales reciclados de alto rendimiento.<\/span><\/p>\n<\/div>\n<\/div>\n<div class=\"highlight___3fa4r\">\n<div class=\"highlight-text___lgoJI\">\n<h3 class=\"highlight-text__headline___25B2G\"><span>Nos asociamos con la Iniciativa Better Cotton<\/span><\/h3>\n<p><span>Al comprar nuestros productos de algod\u00f3n, usted apoya un cultivo de algod\u00f3n m\u00e1s sostenible.<\/span><\/p>\n<\/div>\n<\/div>\n<div class=\"highlight___3fa4r\">\n<div class=\"highlight-text___lgoJI\">\n<h3 class=\"highlight-text__headline___25B2G\">Ajuste ce\u00f1ido<\/h3>\n<p>Dise\u00f1ado para ajustarse perfectamente al cuerpo.<\/p>\n<div class=\"accordion__header-text___2o9Im\">\n<h2 class=\"accordion-title___2sTgR\">Cuidado<\/h2>\n<\/div>\n<div class=\"accordion__header-icon___2FuRa\"><\/div>\n<div class=\"accordion__content___29x9h\">\n<div class=\"content-padding___2kVWQ\">\n<div class=\"care___2GwB4\" data-auto-id=\"pdp-content-care\">\n<div class=\"care-instructions___3scEd\">\n<h4 class=\"care-title___2YJe1 gl-no-margin-bottom\">Instrucciones de lavado<\/h4>\n<ul class=\"\">\n<li class=\"gl-vspace-bpall-small\"><img loading=\"lazy\" decoding=\"async\" src=\"https:\/\/www.adidas.com.ph\/glass\/react\/ce791c5\/assets\/img\/washing-instructions\/B1.svg\" alt=\"\" width=\"24\" height=\"24\" \/>No usa blanqueador<\/li>\n<li class=\"gl-vspace-bpall-small\"><img loading=\"lazy\" decoding=\"async\" src=\"https:\/\/www.adidas.com.ph\/glass\/react\/ce791c5\/assets\/img\/washing-instructions\/C2.svg\" alt=\"\" width=\"24\" height=\"24\" \/>Secar en secadora a temperatura baja<\/li>\n<li class=\"gl-vspace-bpall-small\"><img loading=\"lazy\" decoding=\"async\" src=\"https:\/\/www.adidas.com.ph\/glass\/react\/ce791c5\/assets\/img\/washing-instructions\/E1.svg\" alt=\"\" width=\"24\" height=\"24\" \/>No lavar en seco<\/li>\n<li class=\"gl-vspace-bpall-small\"><img loading=\"lazy\" decoding=\"async\" src=\"https:\/\/www.adidas.com.ph\/glass\/react\/ce791c5\/assets\/img\/washing-instructions\/D2.svg\" alt=\"\" width=\"24\" height=\"24\" \/>Retocar con plancha fr\u00eda<\/li>\n<li class=\"gl-vspace-bpall-small\"><img loading=\"lazy\" decoding=\"async\" src=\"https:\/\/www.adidas.com.ph\/glass\/react\/ce791c5\/assets\/img\/washing-instructions\/A3.svg\" alt=\"\" width=\"24\" height=\"24\" \/>Lavar a m\u00e1quina con agua fr\u00eda<\/li>\n<\/ul>\n<\/div>\n<div class=\"extra-instructions___2TR8b\">\n<h4 class=\"care-title___2YJe1 gl-no-margin-bottom\">Informaci\u00f3n de cuidados adicionales<\/h4>\n<ul class=\"gl-list gl-vspace-bpall-small\">\n<li class=\"gl-vspace-bpall-small\">No utilice suavizante de telas.<\/li>\n<li class=\"gl-vspace-bpall-small\">Utilice \u00fanicamente detergente suave<\/li>\n<li class=\"gl-vspace-bpall-small\">Lavar y planchar del rev\u00e9s.<\/li>\n<\/ul>\n<div class=\"accordion__header-text___2o9Im\">\n<h2 class=\"accordion-title___2sTgR\"><span>Detalles<\/span><\/h2>\n<\/div>\n<div class=\"accordion__header-icon___2FuRa\"><\/div>\n<div class=\"accordion__content___29x9h\">\n<div class=\"content-padding___2kVWQ\">\n<div class=\"bullets___3bsSs\" data-auto-id=\"specifications-section\">\n<ul class=\"gl-list\">\n<li class=\"gl-vspace-bpall-small\"><span>Ajuste ce\u00f1ido<\/span><\/li>\n<li class=\"gl-vspace-bpall-small\"><span>Cuello redondo<\/span><\/li>\n<li class=\"gl-vspace-bpall-small\"><span>51% algod\u00f3n, 42% poli\u00e9ster reciclado, 7% elastano<\/span><\/li>\n<li class=\"gl-vspace-bpall-small\"><span>Tejido acanalado<\/span><\/li>\n<li class=\"gl-vspace-bpall-small\"><span>Sisas grandes<\/span><\/li>\n<li class=\"gl-vspace-bpall-small\"><span>Espalda abierta<\/span><\/li>\n<li class=\"gl-vspace-bpall-small\"><span>Costilla para el cuerpo<\/span><\/li>\n<li class=\"gl-vspace-bpall-small\"><span>Primegreen, Iniciativa para un mejor algod\u00f3n<\/span><\/li>\n<li class=\"gl-vspace-bpall-small\"><span>Color: rubor ambiental<\/span><\/li>\n<li class=\"gl-vspace-bpall-small\"><span>Modelo: H24180<\/span><\/li>\n<\/ul>\n<\/div>\n<\/div>\n<\/div>\n<\/div>\n<\/div>\n<\/div>\n<\/div>\n<\/div>\n<\/div>\n","protected":false},"excerpt":{"rendered":"<p>SPORTSWEAR CROPPED RIBBED Muestra tu piel con este top corto el\u00e1stico, confeccionado con materiales reciclados. Si hay algo de lo<\/p>\n","protected":false},"featured_media":66197,"comment_status":"open","ping_status":"closed","template":"","meta":{"nf_dc_page":""},"product_brand":[],"product_cat":[73],"product_tag":[],"class_list":{"0":"post-66196","1":"product","2":"type-product","3":"status-publish","4":"has-post-thumbnail","6":"product_cat-femenino","8":"first","9":"outofstock","10":"shipping-taxable","11":"purchasable","12":"product-type-simple"},"_links":{"self":[{"href":"https:\/\/brandss.com.py\/index\/wp-json\/wp\/v2\/product\/66196","targetHints":{"allow":["GET"]}}],"collection":[{"href":"https:\/\/brandss.com.py\/index\/wp-json\/wp\/v2\/product"}],"about":[{"href":"https:\/\/brandss.com.py\/index\/wp-json\/wp\/v2\/types\/product"}],"replies":[{"embeddable":true,"href":"https:\/\/brandss.com.py\/index\/wp-json\/wp\/v2\/comments?post=66196"}],"version-history":[{"count":1,"href":"https:\/\/brandss.com.py\/index\/wp-json\/wp\/v2\/product\/66196\/revisions"}],"predecessor-version":[{"id":66204,"href":"https:\/\/brandss.com.py\/index\/wp-json\/wp\/v2\/product\/66196\/revisions\/66204"}],"wp:featuredmedia":[{"embeddable":true,"href":"https:\/\/brandss.com.py\/index\/wp-json\/wp\/v2\/media\/66197"}],"wp:attachment":[{"href":"https:\/\/brandss.com.py\/index\/wp-json\/wp\/v2\/media?parent=66196"}],"wp:term":[{"taxonomy":"product_brand","embeddable":true,"href":"https:\/\/brandss.com.py\/index\/wp-json\/wp\/v2\/product_brand?post=66196"},{"taxonomy":"product_cat","embeddable":true,"href":"https:\/\/brandss.com.py\/index\/wp-json\/wp\/v2\/product_cat?post=66196"},{"taxonomy":"product_tag","embeddable":true,"href":"https:\/\/brandss.com.py\/index\/wp-json\/wp\/v2\/product_tag?post=66196"}],"curies":[{"name":"wp","href":"https:\/\/api.w.org\/{rel}","templated":true}]}}