{"id":66205,"date":"2025-01-15T11:17:49","date_gmt":"2025-01-15T11:17:49","guid":{"rendered":"https:\/\/brandss.com.py\/index\/?post_type=product&#038;p=66205"},"modified":"2025-01-15T11:19:09","modified_gmt":"2025-01-15T11:19:09","slug":"camiseta-deportivo-femenino-adidas-hyperglam-aeroready-sin-mangas","status":"publish","type":"product","link":"https:\/\/brandss.com.py\/index\/producto\/camiseta-deportivo-femenino-adidas-hyperglam-aeroready-sin-mangas\/","title":{"rendered":"CAMISETA DEPORTIVO FEMENINO ADIDAS HYPERGLAM AEROREADY SIN MANGAS"},"content":{"rendered":"<p>&nbsp;<\/p>\n<p><img loading=\"lazy\" decoding=\"async\" class=\"\" src=\"https:\/\/encrypted-tbn0.gstatic.com\/images?q=tbn:ANd9GcQIO9HvRepmQOPQJtDj-jBhpxzG3DGQDZuYWA&amp;s\" alt=\"Logotipo de Adidas PNG transparente - StickPNG\" width=\"128\" height=\"80\" \/><\/p>\n<h1>HYPERGLAM AEROREADY<\/h1>\n<h3 class=\"subtitle___9ljbp\">Una camiseta sin mangas con escote hecha parcialmente con materiales reciclados<\/h3>\n<p class=\"gl-vspace\">Desde la clase de baile hasta un entrenamiento de pesas, esta camiseta sin mangas adidas te permite moverte con fluidez para un m\u00e1ximo rendimiento en toda actividad. El tejido con tecnolog\u00eda AEROREADY absorbe el sudor para mantener tu cuerpo seco en los momentos m\u00e1s intensos de tu entrenamiento. El ajuste ce\u00f1ido y el escote en la espalda te permiten destacar tu silueta. Hecho con una serie de materiales reciclados y al menos 60% de contenido reciclado, este producto representa solo una de nuestras soluciones para acabar con los residuos pl\u00e1sticos.<\/p>\n<div class=\"care-instructions___3scEd\">\n<h4 class=\"care-title___2YJe1 gl-no-margin-bottom\">Instrucciones de lavado<\/h4>\n<ul class=\"\">\n<li class=\"gl-vspace-bpall-small\"><img loading=\"lazy\" decoding=\"async\" src=\"https:\/\/www.adidas.co\/glass\/react\/ce791c5\/assets\/img\/washing-instructions\/B1.svg\" alt=\"\" width=\"24\" height=\"24\" \/>No usar blanqueador<\/li>\n<li class=\"gl-vspace-bpall-small\"><img loading=\"lazy\" decoding=\"async\" src=\"https:\/\/www.adidas.co\/glass\/react\/ce791c5\/assets\/img\/washing-instructions\/C2.svg\" alt=\"\" width=\"24\" height=\"24\" \/>Puede utilizarse secadora en tempratura baja.<\/li>\n<li class=\"gl-vspace-bpall-small\"><img loading=\"lazy\" decoding=\"async\" src=\"https:\/\/www.adidas.co\/glass\/react\/ce791c5\/assets\/img\/washing-instructions\/E1.svg\" alt=\"\" width=\"24\" height=\"24\" \/>No lavar en seco.<\/li>\n<li class=\"gl-vspace-bpall-small\"><img loading=\"lazy\" decoding=\"async\" src=\"https:\/\/www.adidas.co\/glass\/react\/ce791c5\/assets\/img\/washing-instructions\/D2.svg\" alt=\"\" width=\"24\" height=\"24\" \/>Planchar a temperatura baja.<\/li>\n<li class=\"gl-vspace-bpall-small\"><img loading=\"lazy\" decoding=\"async\" src=\"https:\/\/www.adidas.co\/glass\/react\/ce791c5\/assets\/img\/washing-instructions\/A4.svg\" alt=\"\" width=\"24\" height=\"24\" \/>Lavar a m\u00e1quina en temperatura fr\u00eda y en ciclo delicado.<\/li>\n<\/ul>\n<\/div>\n<div class=\"extra-instructions___2TR8b\">\n<h4 class=\"care-title___2YJe1 gl-no-margin-bottom\">Informaci\u00f3n adicional sobre el cuidado<\/h4>\n<ul class=\"gl-list gl-vspace-bpall-small\">\n<li class=\"gl-vspace-bpall-small\">No usar suavizante<\/li>\n<li class=\"gl-vspace-bpall-small\">Usar \u00fanicamente detergente suave<\/li>\n<li class=\"gl-vspace-bpall-small\">Lavar por separado<\/li>\n<li class=\"gl-vspace-bpall-small\">Retirar r\u00e1pidamente despu\u00e9s de lavar<\/li>\n<\/ul>\n<div class=\"accordion__header-text___2o9Im\">\n<h2 class=\"accordion-title___2sTgR\">Detalles<\/h2>\n<\/div>\n<div class=\"accordion__header-icon___2FuRa\"><\/div>\n<div class=\"accordion__content___29x9h\">\n<div class=\"content-padding___2kVWQ\">\n<div class=\"bullets___3bsSs\" data-auto-id=\"specifications-section\">\n<ul class=\"gl-list\">\n<li class=\"gl-vspace-bpall-small\">Ajuste ce\u00f1ido<\/li>\n<li class=\"gl-vspace-bpall-small\">Cuello escotado<\/li>\n<li class=\"gl-vspace-bpall-small\">Tejido entrelazado 89 % poli\u00e9ster reciclado, 11 % elastano<\/li>\n<li class=\"gl-vspace-bpall-small\">Tecnolog\u00eda de absorci\u00f3n AEROREADY<\/li>\n<li class=\"gl-vspace-bpall-small\">Espalda escotada<\/li>\n<li class=\"gl-vspace-bpall-small\">Color: Black<\/li>\n<li class=\"gl-vspace-bpall-small\">Modelo: HT3490<\/li>\n<\/ul>\n<\/div>\n<\/div>\n<\/div>\n<\/div>\n","protected":false},"excerpt":{"rendered":"<p>&nbsp; HYPERGLAM AEROREADY Una camiseta sin mangas con escote hecha parcialmente con materiales reciclados Desde la clase de baile hasta<\/p>\n","protected":false},"featured_media":66206,"comment_status":"open","ping_status":"closed","template":"","meta":{"nf_dc_page":""},"product_brand":[],"product_cat":[73],"product_tag":[],"class_list":{"0":"post-66205","1":"product","2":"type-product","3":"status-publish","4":"has-post-thumbnail","6":"product_cat-femenino","8":"first","9":"instock","10":"shipping-taxable","11":"purchasable","12":"product-type-simple"},"_links":{"self":[{"href":"https:\/\/brandss.com.py\/index\/wp-json\/wp\/v2\/product\/66205","targetHints":{"allow":["GET"]}}],"collection":[{"href":"https:\/\/brandss.com.py\/index\/wp-json\/wp\/v2\/product"}],"about":[{"href":"https:\/\/brandss.com.py\/index\/wp-json\/wp\/v2\/types\/product"}],"replies":[{"embeddable":true,"href":"https:\/\/brandss.com.py\/index\/wp-json\/wp\/v2\/comments?post=66205"}],"version-history":[{"count":1,"href":"https:\/\/brandss.com.py\/index\/wp-json\/wp\/v2\/product\/66205\/revisions"}],"predecessor-version":[{"id":66212,"href":"https:\/\/brandss.com.py\/index\/wp-json\/wp\/v2\/product\/66205\/revisions\/66212"}],"wp:featuredmedia":[{"embeddable":true,"href":"https:\/\/brandss.com.py\/index\/wp-json\/wp\/v2\/media\/66206"}],"wp:attachment":[{"href":"https:\/\/brandss.com.py\/index\/wp-json\/wp\/v2\/media?parent=66205"}],"wp:term":[{"taxonomy":"product_brand","embeddable":true,"href":"https:\/\/brandss.com.py\/index\/wp-json\/wp\/v2\/product_brand?post=66205"},{"taxonomy":"product_cat","embeddable":true,"href":"https:\/\/brandss.com.py\/index\/wp-json\/wp\/v2\/product_cat?post=66205"},{"taxonomy":"product_tag","embeddable":true,"href":"https:\/\/brandss.com.py\/index\/wp-json\/wp\/v2\/product_tag?post=66205"}],"curies":[{"name":"wp","href":"https:\/\/api.w.org\/{rel}","templated":true}]}}