{"id":66213,"date":"2025-01-15T12:15:50","date_gmt":"2025-01-15T12:15:50","guid":{"rendered":"https:\/\/brandss.com.py\/index\/?post_type=product&#038;p=66213"},"modified":"2025-01-15T12:26:41","modified_gmt":"2025-01-15T12:26:41","slug":"top-deportivo-femenino-adidas-essentials-yoga-rib-de-tirantes","status":"publish","type":"product","link":"https:\/\/brandss.com.py\/index\/producto\/top-deportivo-femenino-adidas-essentials-yoga-rib-de-tirantes\/","title":{"rendered":"CAMISETA DEPORTIVO FEMENINO ADIDAS ESSENTIALS YOGA RIB DE TIRANTES"},"content":{"rendered":"<p><img loading=\"lazy\" decoding=\"async\" class=\"\" src=\"https:\/\/encrypted-tbn0.gstatic.com\/images?q=tbn:ANd9GcQIO9HvRepmQOPQJtDj-jBhpxzG3DGQDZuYWA&amp;s\" alt=\"Logotipo de Adidas PNG transparente - StickPNG\" width=\"93\" height=\"58\" \/><\/p>\n<h1>ESSENTIALS YOGA RIB<\/h1>\n<p>Podr\u00edas atravesar las puertas del estudio sinti\u00e9ndote de una manera. Podr\u00edas salir con otro. Esta camiseta de tirantes de yoga adidas est\u00e1 de viaje para todos los estados de \u00e1nimo y movimientos, y te ayuda a apoyarte en el camino.<\/p>\n<p>Una cosa es segura con esta camiseta sin mangas: te sentir\u00e1s c\u00f3modo. Con el algod\u00f3n suave y el\u00e1stico, no se puede evitar.<\/p>\n<p>Si bien la parte superior acanalada asegura que te sientas bien durante la clase, tambi\u00e9n mantiene esa vibra fuerte despu\u00e9s de que sales por las puertas con la espalda baja para un look informal.<\/p>\n<ul>\n<li>BVD\u00a0deportivos.<\/li>\n<li>BETTER COTTON INITIATIVE (BCI) para mejorar el cultivo de algod\u00f3n en todo el mundo.<\/li>\n<li>Algod\u00f3n.<\/li>\n<li>Fit: Fitted.<\/li>\n<li>Tipo de mangas: Sin mangas.<\/li>\n<li>Color: Wonder White.<\/li>\n<li>Modelo: HD6749<\/li>\n<\/ul>\n<p>\u00a1No lo pienses m\u00e1s y adqui\u00e9relo al mejor precio!<\/p>\n","protected":false},"excerpt":{"rendered":"<p>ESSENTIALS YOGA RIB Podr\u00edas atravesar las puertas del estudio sinti\u00e9ndote de una manera. Podr\u00edas salir con otro. Esta camiseta de<\/p>\n","protected":false},"featured_media":66214,"comment_status":"open","ping_status":"closed","template":"","meta":{"nf_dc_page":""},"product_brand":[],"product_cat":[73],"product_tag":[],"class_list":{"0":"post-66213","1":"product","2":"type-product","3":"status-publish","4":"has-post-thumbnail","6":"product_cat-femenino","8":"first","9":"instock","10":"shipping-taxable","11":"purchasable","12":"product-type-simple"},"_links":{"self":[{"href":"https:\/\/brandss.com.py\/index\/wp-json\/wp\/v2\/product\/66213","targetHints":{"allow":["GET"]}}],"collection":[{"href":"https:\/\/brandss.com.py\/index\/wp-json\/wp\/v2\/product"}],"about":[{"href":"https:\/\/brandss.com.py\/index\/wp-json\/wp\/v2\/types\/product"}],"replies":[{"embeddable":true,"href":"https:\/\/brandss.com.py\/index\/wp-json\/wp\/v2\/comments?post=66213"}],"version-history":[{"count":2,"href":"https:\/\/brandss.com.py\/index\/wp-json\/wp\/v2\/product\/66213\/revisions"}],"predecessor-version":[{"id":66223,"href":"https:\/\/brandss.com.py\/index\/wp-json\/wp\/v2\/product\/66213\/revisions\/66223"}],"wp:featuredmedia":[{"embeddable":true,"href":"https:\/\/brandss.com.py\/index\/wp-json\/wp\/v2\/media\/66214"}],"wp:attachment":[{"href":"https:\/\/brandss.com.py\/index\/wp-json\/wp\/v2\/media?parent=66213"}],"wp:term":[{"taxonomy":"product_brand","embeddable":true,"href":"https:\/\/brandss.com.py\/index\/wp-json\/wp\/v2\/product_brand?post=66213"},{"taxonomy":"product_cat","embeddable":true,"href":"https:\/\/brandss.com.py\/index\/wp-json\/wp\/v2\/product_cat?post=66213"},{"taxonomy":"product_tag","embeddable":true,"href":"https:\/\/brandss.com.py\/index\/wp-json\/wp\/v2\/product_tag?post=66213"}],"curies":[{"name":"wp","href":"https:\/\/api.w.org\/{rel}","templated":true}]}}