{"id":66231,"date":"2025-01-15T13:22:03","date_gmt":"2025-01-15T13:22:03","guid":{"rendered":"https:\/\/brandss.com.py\/index\/?post_type=product&#038;p=66231"},"modified":"2025-01-15T13:22:40","modified_gmt":"2025-01-15T13:22:40","slug":"camiseta-deportivo-femenino-adidas-essentials-yoga-rib-sin-mangas","status":"publish","type":"product","link":"https:\/\/brandss.com.py\/index\/producto\/camiseta-deportivo-femenino-adidas-essentials-yoga-rib-sin-mangas\/","title":{"rendered":"CAMISETA DEPORTIVO FEMENINO ADIDAS ESSENTIALS YOGA RIB SIN MANGAS"},"content":{"rendered":"<p><img loading=\"lazy\" decoding=\"async\" class=\"\" src=\"https:\/\/encrypted-tbn0.gstatic.com\/images?q=tbn:ANd9GcQIO9HvRepmQOPQJtDj-jBhpxzG3DGQDZuYWA&amp;s\" alt=\"Logotipo de Adidas PNG transparente - StickPNG\" width=\"107\" height=\"67\" \/><\/p>\n<h1>ESSENTIALS YOGA RIB<\/h1>\n<h3 class=\"subtitle___9ljbp\"><span>Una camiseta sin mangas suave y el\u00e1stica con espalda escotada.<\/span><\/h3>\n<p class=\"gl-vspace\"><span>Puede que entres por las puertas del estudio sinti\u00e9ndote de una manera. Puede que salgas de otra. Esta camiseta sin mangas de yoga de adidas te acompa\u00f1ar\u00e1 en todos los estados de \u00e1nimo y movimientos, y te ayudar\u00e1 a mantenerte a lo largo del camino. Una cosa es segura con esta camiseta sin mangas: te sentir\u00e1s c\u00f3moda. Con el algod\u00f3n suave y el\u00e1stico, no se puede evitar. Si bien la camiseta acanalada garantiza que te sientas bien durante la clase, tambi\u00e9n mantiene esa vibra fuerte mucho despu\u00e9s de que salgas por las puertas con la espalda baja para un look informal.<\/span><\/p>\n<div class=\"highlight___3fa4r\">\n<div class=\"highlight-text___lgoJI\">\n<h3 class=\"highlight-text__headline___25B2G\"><span>Nos asociamos con la Iniciativa Better Cotton<\/span><\/h3>\n<p><span>Al comprar productos marcados con el logotipo de Better Cotton Initiative, usted apoya un cultivo de algod\u00f3n m\u00e1s sostenible.<\/span><\/p>\n<\/div>\n<\/div>\n<div class=\"highlight___3fa4r\">\n<div class=\"highlight-text___lgoJI\">\n<h3 class=\"highlight-text__headline___25B2G\"><span>Algod\u00f3n suave y el\u00e1stico.<\/span><\/h3>\n<p><span>La tela flexible te mantiene c\u00f3modo durante todo el d\u00eda.<\/span><\/p>\n<\/div>\n<\/div>\n<div class=\"highlight___3fa4r\">\n<div class=\"highlight-text___lgoJI\">\n<h3 class=\"highlight-text__headline___25B2G\">Ajuste ce\u00f1ido<\/h3>\n<p>Dise\u00f1ado para ajustarse perfectamente al cuerpo.<\/p>\n<div class=\"accordion__header-text___2o9Im\">\n<h2 class=\"accordion-title___2sTgR\">Cuidado<\/h2>\n<\/div>\n<div class=\"accordion__header-icon___2FuRa\"><\/div>\n<div class=\"accordion__content___29x9h\">\n<div class=\"content-padding___2kVWQ\">\n<div class=\"care___2GwB4\" data-auto-id=\"pdp-content-care\">\n<div class=\"care-instructions___3scEd\">\n<h4 class=\"care-title___2YJe1 gl-no-margin-bottom\">Instrucciones de lavado<\/h4>\n<ul class=\"\">\n<li class=\"gl-vspace-bpall-small\"><img loading=\"lazy\" decoding=\"async\" src=\"https:\/\/www.adidas.com.au\/glass\/react\/ce791c5\/assets\/img\/washing-instructions\/B1.svg\" alt=\"\" width=\"24\" height=\"24\" \/>No usa blanqueador<\/li>\n<li class=\"gl-vspace-bpall-small\"><img loading=\"lazy\" decoding=\"async\" src=\"https:\/\/www.adidas.com.au\/glass\/react\/ce791c5\/assets\/img\/washing-instructions\/C2.svg\" alt=\"\" width=\"24\" height=\"24\" \/>Secar en secadora a temperatura baja<\/li>\n<li class=\"gl-vspace-bpall-small\"><img loading=\"lazy\" decoding=\"async\" src=\"https:\/\/www.adidas.com.au\/glass\/react\/ce791c5\/assets\/img\/washing-instructions\/E1.svg\" alt=\"\" width=\"24\" height=\"24\" \/>No lavar en seco<\/li>\n<li class=\"gl-vspace-bpall-small\"><img loading=\"lazy\" decoding=\"async\" src=\"https:\/\/www.adidas.com.au\/glass\/react\/ce791c5\/assets\/img\/washing-instructions\/D2.svg\" alt=\"\" width=\"24\" height=\"24\" \/>Retocar con plancha fr\u00eda<\/li>\n<li class=\"gl-vspace-bpall-small\"><img loading=\"lazy\" decoding=\"async\" src=\"https:\/\/www.adidas.com.au\/glass\/react\/ce791c5\/assets\/img\/washing-instructions\/A5.svg\" alt=\"\" width=\"24\" height=\"24\" \/>Lavar a m\u00e1quina con agua tibia<\/li>\n<\/ul>\n<\/div>\n<div class=\"extra-instructions___2TR8b\">\n<h4 class=\"care-title___2YJe1 gl-no-margin-bottom\">Informaci\u00f3n de cuidados adicionales<\/h4>\n<ul class=\"gl-list gl-vspace-bpall-small\">\n<li class=\"gl-vspace-bpall-small\">No utilice suavizante de telas.<\/li>\n<\/ul>\n<div class=\"accordion__header-text___2o9Im\">\n<h2 class=\"accordion-title___2sTgR\"><span>Detalles<\/span><\/h2>\n<\/div>\n<div class=\"accordion__header-icon___2FuRa\"><\/div>\n<div class=\"accordion__content___29x9h\">\n<div class=\"content-padding___2kVWQ\">\n<div class=\"bullets___3bsSs\" data-auto-id=\"specifications-section\">\n<ul class=\"gl-list\">\n<li class=\"gl-vspace-bpall-small\"><span>Ajuste ce\u00f1ido<\/span><\/li>\n<li class=\"gl-vspace-bpall-small\"><span>Escote curvo<\/span><\/li>\n<li class=\"gl-vspace-bpall-small\"><span>96% algod\u00f3n, 4% elastano<\/span><\/li>\n<li class=\"gl-vspace-bpall-small\"><span>Dobladillos superiores con banda<\/span><\/li>\n<li class=\"gl-vspace-bpall-small\"><span>Insignia deportiva de adidas en el pecho<\/span><\/li>\n<li class=\"gl-vspace-bpall-small\"><span>Costilla 2 x 2<\/span><\/li>\n<li class=\"gl-vspace-bpall-small\"><span>Apoya la iniciativa Better Cotton<\/span><\/li>\n<li class=\"gl-vspace-bpall-small\"><span>Color: Negro<\/span><\/li>\n<li class=\"gl-vspace-bpall-small\"><span>Modelo: HD6748<\/span><\/li>\n<\/ul>\n<\/div>\n<\/div>\n<\/div>\n<\/div>\n<\/div>\n<\/div>\n<\/div>\n<\/div>\n<\/div>\n","protected":false},"excerpt":{"rendered":"<p>ESSENTIALS YOGA RIB Una camiseta sin mangas suave y el\u00e1stica con espalda escotada. Puede que entres por las puertas del<\/p>\n","protected":false},"featured_media":66232,"comment_status":"open","ping_status":"closed","template":"","meta":{"nf_dc_page":""},"product_brand":[],"product_cat":[73],"product_tag":[],"class_list":{"0":"post-66231","1":"product","2":"type-product","3":"status-publish","4":"has-post-thumbnail","6":"product_cat-femenino","8":"first","9":"instock","10":"shipping-taxable","11":"purchasable","12":"product-type-simple"},"_links":{"self":[{"href":"https:\/\/brandss.com.py\/index\/wp-json\/wp\/v2\/product\/66231","targetHints":{"allow":["GET"]}}],"collection":[{"href":"https:\/\/brandss.com.py\/index\/wp-json\/wp\/v2\/product"}],"about":[{"href":"https:\/\/brandss.com.py\/index\/wp-json\/wp\/v2\/types\/product"}],"replies":[{"embeddable":true,"href":"https:\/\/brandss.com.py\/index\/wp-json\/wp\/v2\/comments?post=66231"}],"version-history":[{"count":1,"href":"https:\/\/brandss.com.py\/index\/wp-json\/wp\/v2\/product\/66231\/revisions"}],"predecessor-version":[{"id":66238,"href":"https:\/\/brandss.com.py\/index\/wp-json\/wp\/v2\/product\/66231\/revisions\/66238"}],"wp:featuredmedia":[{"embeddable":true,"href":"https:\/\/brandss.com.py\/index\/wp-json\/wp\/v2\/media\/66232"}],"wp:attachment":[{"href":"https:\/\/brandss.com.py\/index\/wp-json\/wp\/v2\/media?parent=66231"}],"wp:term":[{"taxonomy":"product_brand","embeddable":true,"href":"https:\/\/brandss.com.py\/index\/wp-json\/wp\/v2\/product_brand?post=66231"},{"taxonomy":"product_cat","embeddable":true,"href":"https:\/\/brandss.com.py\/index\/wp-json\/wp\/v2\/product_cat?post=66231"},{"taxonomy":"product_tag","embeddable":true,"href":"https:\/\/brandss.com.py\/index\/wp-json\/wp\/v2\/product_tag?post=66231"}],"curies":[{"name":"wp","href":"https:\/\/api.w.org\/{rel}","templated":true}]}}