{"id":66256,"date":"2025-01-15T16:32:47","date_gmt":"2025-01-15T16:32:47","guid":{"rendered":"https:\/\/brandss.com.py\/index\/?post_type=product&#038;p=66256"},"modified":"2025-01-15T16:33:22","modified_gmt":"2025-01-15T16:33:22","slug":"vestido-femenino-adidas-dry-clean-only-mangas-cortas","status":"publish","type":"product","link":"https:\/\/brandss.com.py\/index\/producto\/vestido-femenino-adidas-dry-clean-only-mangas-cortas\/","title":{"rendered":"VESTIDO FEMENINO ADIDAS DRY CLEAN ONLY MANGAS CORTAS"},"content":{"rendered":"<p><img loading=\"lazy\" decoding=\"async\" class=\"\" src=\"https:\/\/encrypted-tbn0.gstatic.com\/images?q=tbn:ANd9GcQIO9HvRepmQOPQJtDj-jBhpxzG3DGQDZuYWA&amp;s\" alt=\"Logotipo de Adidas PNG transparente - StickPNG\" width=\"116\" height=\"73\" \/><\/p>\n<h1>DRY CLEAN ONLY<\/h1>\n<div class=\"fontweight_2 font-size-txt\"><span>Transformaci\u00f3n del ic\u00f3nico Adibrake. Dry Clean Only, conocida por sus dise\u00f1os originales que reforman la ropa existente a trav\u00e9s de m\u00e9todos \u00fanicos e ingeniosos, ha ascendido a las filas de las marcas de moda globales. Conozca el vestido camisero que combina la nueva perspectiva de la marca con sede en Bangkok y los elementos de dise\u00f1o caracter\u00edsticos de los pantalones Adibreak. Los paneles de popel\u00edn de algod\u00f3n suave cuentan con botones laterales en lugar de los cl\u00e1sicos botones a presi\u00f3n para una apariencia fresca.<\/span><\/div>\n<div><\/div>\n<div class=\"fontweight_2 font-size-txt\"><span>&#8211; Vestido Adidas x Dry Clean Only inspirado en los pantalones cl\u00e1sicos Adibreak<\/span><br \/>\n<span>&#8211; Ajuste relajado<\/span><br \/>\n<span>&#8211; Cuello redondo acanalado<\/span><br \/>\n<span>&#8211; Botones en los paneles laterales<\/span><\/div>\n<div>\n<div>\n<div class=\"Materials_wrapper_3DRez\">\n<div><\/div>\n<div class=\"PropertyItem_wrapper_1GZ_b\"><span class=\"PropertyItem_label_39ZZn\"><strong><span>Composici\u00f3n<\/span><\/strong><\/span><\/p>\n<p class=\"\"><span class=\"PropertyItem_value_2D-vk\"><span>100% algod\u00f3n<\/span><\/span><span>:\u00a0<\/span><span>Un material muy suave y agradable cuyas propiedades incluyen resistencia a la tracci\u00f3n y alargamiento a la rotura.<\/span><\/p>\n<\/div>\n<div class=\"PropertyItem_wrapper_1GZ_b\"><span class=\"PropertyItem_label_39ZZn\"><strong><span>Instrucciones de cuidado<\/span><\/strong><\/span><\/p>\n<p class=\"PropertyItem_breakLine_1xw5t\"><span class=\"PropertyItem_value_2D-vk\"><span>Lavable en lavadora a 30\u00ba<\/span><\/span><\/p>\n<\/div>\n<\/div>\n<\/div>\n<div>\n<h4 class=\"Heading_heading_1dtHt Heading_margin_Zz8sK\"><span>Detalles<\/span><\/h4>\n<div class=\"Details_wrapper_hHaf7\">\n<div><\/div>\n<div>\n<div class=\"PropertyItem_wrapper_1GZ_b PropertyItem_inline_1oqw4\"><span class=\"PropertyItem_label_39ZZn\">Temporada<\/span>:\u00a0Verano<\/div>\n<div class=\"PropertyItem_wrapper_1GZ_b PropertyItem_inline_1oqw4\"><span class=\"PropertyItem_label_39ZZn\">Ajuste<\/span>:\u00a0holgado<\/div>\n<div class=\"PropertyItem_wrapper_1GZ_b PropertyItem_inline_1oqw4\"><span class=\"PropertyItem_label_39ZZn\">Escote<\/span>:\u00a0Cuello redondo<\/div>\n<div class=\"PropertyItem_wrapper_1GZ_b PropertyItem_inline_1oqw4\"><span class=\"PropertyItem_label_39ZZn\">Manga<\/span>:\u00a0Manga corta<\/div>\n<div class=\"PropertyItem_wrapper_1GZ_b PropertyItem_inline_1oqw4\"><span class=\"PropertyItem_label_39ZZn\">Dobladillo inferior<\/span>:\u00a0suelto<\/div>\n<div class=\"PropertyItem_wrapper_1GZ_b PropertyItem_inline_1oqw4\"><span class=\"PropertyItem_label_39ZZn\">DetColor:\u00a0Blancoalles<\/span>\u00a0:\u00a0Bordado en la parte delantera.<\/div>\n<div class=\"PropertyItem_wrapper_1GZ_b PropertyItem_inline_1oqw4\"><span class=\"PropertyItem_label_39ZZn\">Color<\/span>\u00a0:\u00a0Blanco<\/div>\n<\/div>\n<div class=\"PropertyItem_wrapper_1GZ_b PropertyItem_inline_1oqw4\"><span class=\"PropertyItem_label_39ZZn\">Referencia<\/span>\u00a0:\u00a0H59022<\/div>\n<\/div>\n<\/div>\n<\/div>\n","protected":false},"excerpt":{"rendered":"<p>DRY CLEAN ONLY Transformaci\u00f3n del ic\u00f3nico Adibrake. Dry Clean Only, conocida por sus dise\u00f1os originales que reforman la ropa existente<\/p>\n","protected":false},"featured_media":66257,"comment_status":"open","ping_status":"closed","template":"","meta":{"nf_dc_page":""},"product_brand":[],"product_cat":[73],"product_tag":[],"class_list":{"0":"post-66256","1":"product","2":"type-product","3":"status-publish","4":"has-post-thumbnail","6":"product_cat-femenino","8":"first","9":"instock","10":"shipping-taxable","11":"purchasable","12":"product-type-simple"},"_links":{"self":[{"href":"https:\/\/brandss.com.py\/index\/wp-json\/wp\/v2\/product\/66256","targetHints":{"allow":["GET"]}}],"collection":[{"href":"https:\/\/brandss.com.py\/index\/wp-json\/wp\/v2\/product"}],"about":[{"href":"https:\/\/brandss.com.py\/index\/wp-json\/wp\/v2\/types\/product"}],"replies":[{"embeddable":true,"href":"https:\/\/brandss.com.py\/index\/wp-json\/wp\/v2\/comments?post=66256"}],"version-history":[{"count":1,"href":"https:\/\/brandss.com.py\/index\/wp-json\/wp\/v2\/product\/66256\/revisions"}],"predecessor-version":[{"id":66263,"href":"https:\/\/brandss.com.py\/index\/wp-json\/wp\/v2\/product\/66256\/revisions\/66263"}],"wp:featuredmedia":[{"embeddable":true,"href":"https:\/\/brandss.com.py\/index\/wp-json\/wp\/v2\/media\/66257"}],"wp:attachment":[{"href":"https:\/\/brandss.com.py\/index\/wp-json\/wp\/v2\/media?parent=66256"}],"wp:term":[{"taxonomy":"product_brand","embeddable":true,"href":"https:\/\/brandss.com.py\/index\/wp-json\/wp\/v2\/product_brand?post=66256"},{"taxonomy":"product_cat","embeddable":true,"href":"https:\/\/brandss.com.py\/index\/wp-json\/wp\/v2\/product_cat?post=66256"},{"taxonomy":"product_tag","embeddable":true,"href":"https:\/\/brandss.com.py\/index\/wp-json\/wp\/v2\/product_tag?post=66256"}],"curies":[{"name":"wp","href":"https:\/\/api.w.org\/{rel}","templated":true}]}}