{"id":66264,"date":"2025-01-15T16:51:26","date_gmt":"2025-01-15T16:51:26","guid":{"rendered":"https:\/\/brandss.com.py\/index\/?post_type=product&#038;p=66264"},"modified":"2025-01-15T16:52:09","modified_gmt":"2025-01-15T16:52:09","slug":"vestido-femenino-adidas-dry-clean-only-mangas-cortas-2","status":"publish","type":"product","link":"https:\/\/brandss.com.py\/index\/producto\/vestido-femenino-adidas-dry-clean-only-mangas-cortas-2\/","title":{"rendered":"VESTIDO FEMENINO ADIDAS DRY CLEAN ONLY MANGAS CORTAS"},"content":{"rendered":"<p><img loading=\"lazy\" decoding=\"async\" class=\"\" src=\"https:\/\/encrypted-tbn0.gstatic.com\/images?q=tbn:ANd9GcQIO9HvRepmQOPQJtDj-jBhpxzG3DGQDZuYWA&amp;s\" alt=\"Logotipo de Adidas PNG transparente - StickPNG\" width=\"101\" height=\"63\" \/><\/p>\n<h1>DRY CLEAN ONLY<\/h1>\n<div>\n<p><span>El poder est\u00e1 a tu alcance. Claro que requiere un poco de trabajo, tal vez un poco de paciencia y definitivamente algo de tiempo. Pero este vestido adidas inspirado en el muay thai sirve como recordatorio de que tus esfuerzos siempre dar\u00e1n frutos. Fabricado en colaboraci\u00f3n con la marca de Bangkok Dry Clean Only, combina una silueta de algod\u00f3n suave con encaje y paneles en contraste. Claramente, una leyenda en ciernes.<\/span><\/p>\n<p>&nbsp;<\/p>\n<\/div>\n<div class=\"ProductFeatures_wrapper_3TGar\">\n<div>\n<h4 class=\"Heading_heading_1dtHt Heading_margin_Zz8sK\"><span>Materiales<\/span><\/h4>\n<div class=\"Materials_wrapper_3DRez\">\n<div class=\"PropertyItem_wrapper_1GZ_b\"><span class=\"PropertyItem_label_39ZZn\"><strong><span>Composici\u00f3n<\/span><\/strong><\/span><\/p>\n<p class=\"\"><span class=\"PropertyItem_value_2D-vk\"><span>100% algod\u00f3n<\/span><\/span><span>:\u00a0<\/span><span>Un material muy suave y agradable cuyas propiedades incluyen resistencia a la tracci\u00f3n y alargamiento a la rotura.<\/span><\/p>\n<\/div>\n<div class=\"PropertyItem_wrapper_1GZ_b\"><span class=\"PropertyItem_label_39ZZn\"><strong><span>Material exterior<\/span><\/strong><\/span><\/p>\n<p class=\"PropertyItem_breakLine_1xw5t\"><span class=\"PropertyItem_value_2D-vk\"><span>100% poliamida<\/span><\/span><\/p>\n<\/div>\n<div class=\"PropertyItem_wrapper_1GZ_b\"><span class=\"PropertyItem_label_39ZZn\"><strong><span>Instrucciones de cuidado<\/span><\/strong><\/span><\/p>\n<p class=\"PropertyItem_breakLine_1xw5t\"><span class=\"PropertyItem_value_2D-vk\"><span>Lavado a mano<\/span><\/span><\/p>\n<\/div>\n<\/div>\n<\/div>\n<div>\n<h4 class=\"Heading_heading_1dtHt Heading_margin_Zz8sK\"><span>Detalles<\/span><\/h4>\n<div class=\"Details_wrapper_hHaf7\">\n<div>\n<div class=\"PropertyItem_wrapper_1GZ_b PropertyItem_inline_1oqw4\"><\/div>\n<div class=\"PropertyItem_wrapper_1GZ_b PropertyItem_inline_1oqw4\"><span class=\"PropertyItem_label_39ZZn\">Temporada<\/span>:\u00a0Verano.<\/div>\n<div class=\"PropertyItem_wrapper_1GZ_b PropertyItem_inline_1oqw4\"><span class=\"PropertyItem_label_39ZZn\">Ajuste<\/span>:\u00a0suelto,\u00a0m\u00e1s largo.<\/div>\n<div class=\"PropertyItem_wrapper_1GZ_b PropertyItem_inline_1oqw4\"><span class=\"PropertyItem_label_39ZZn\">Escote<\/span>:\u00a0Cuello redondo.<\/div>\n<div class=\"PropertyItem_wrapper_1GZ_b PropertyItem_inline_1oqw4\"><span class=\"PropertyItem_label_39ZZn\">Manga<\/span>:\u00a0Manga corta.<\/div>\n<div class=\"PropertyItem_wrapper_1GZ_b PropertyItem_inline_1oqw4\"><span class=\"PropertyItem_label_39ZZn\">Detalles<\/span>:\u00a0Bordado en la parte delantera.<\/div>\n<div class=\"PropertyItem_wrapper_1GZ_b PropertyItem_inline_1oqw4\"><span class=\"PropertyItem_label_39ZZn\">Color<\/span>: Negro.<\/div>\n<\/div>\n<div class=\"PropertyItem_wrapper_1GZ_b PropertyItem_inline_1oqw4\"><span class=\"PropertyItem_label_39ZZn\">Referencia<\/span>:\u00a0H59018.<\/div>\n<\/div>\n<\/div>\n<\/div>\n","protected":false},"excerpt":{"rendered":"<p>DRY CLEAN ONLY El poder est\u00e1 a tu alcance. Claro que requiere un poco de trabajo, tal vez un poco<\/p>\n","protected":false},"featured_media":66265,"comment_status":"open","ping_status":"closed","template":"","meta":{"nf_dc_page":""},"product_brand":[],"product_cat":[73],"product_tag":[],"class_list":{"0":"post-66264","1":"product","2":"type-product","3":"status-publish","4":"has-post-thumbnail","6":"product_cat-femenino","8":"first","9":"instock","10":"shipping-taxable","11":"purchasable","12":"product-type-simple"},"_links":{"self":[{"href":"https:\/\/brandss.com.py\/index\/wp-json\/wp\/v2\/product\/66264","targetHints":{"allow":["GET"]}}],"collection":[{"href":"https:\/\/brandss.com.py\/index\/wp-json\/wp\/v2\/product"}],"about":[{"href":"https:\/\/brandss.com.py\/index\/wp-json\/wp\/v2\/types\/product"}],"replies":[{"embeddable":true,"href":"https:\/\/brandss.com.py\/index\/wp-json\/wp\/v2\/comments?post=66264"}],"version-history":[{"count":1,"href":"https:\/\/brandss.com.py\/index\/wp-json\/wp\/v2\/product\/66264\/revisions"}],"predecessor-version":[{"id":66273,"href":"https:\/\/brandss.com.py\/index\/wp-json\/wp\/v2\/product\/66264\/revisions\/66273"}],"wp:featuredmedia":[{"embeddable":true,"href":"https:\/\/brandss.com.py\/index\/wp-json\/wp\/v2\/media\/66265"}],"wp:attachment":[{"href":"https:\/\/brandss.com.py\/index\/wp-json\/wp\/v2\/media?parent=66264"}],"wp:term":[{"taxonomy":"product_brand","embeddable":true,"href":"https:\/\/brandss.com.py\/index\/wp-json\/wp\/v2\/product_brand?post=66264"},{"taxonomy":"product_cat","embeddable":true,"href":"https:\/\/brandss.com.py\/index\/wp-json\/wp\/v2\/product_cat?post=66264"},{"taxonomy":"product_tag","embeddable":true,"href":"https:\/\/brandss.com.py\/index\/wp-json\/wp\/v2\/product_tag?post=66264"}],"curies":[{"name":"wp","href":"https:\/\/api.w.org\/{rel}","templated":true}]}}