{"id":66274,"date":"2025-01-15T17:13:28","date_gmt":"2025-01-15T17:13:28","guid":{"rendered":"https:\/\/brandss.com.py\/index\/?post_type=product&#038;p=66274"},"modified":"2026-04-11T13:20:39","modified_gmt":"2026-04-11T13:20:39","slug":"top-deportivo-femenino-adidas-monogram-cropped-mangas-largas","status":"publish","type":"product","link":"https:\/\/brandss.com.py\/index\/producto\/top-deportivo-femenino-adidas-monogram-cropped-mangas-largas\/","title":{"rendered":"TOP DEPORTIVO FEMENINO ADIDAS MONOGRAM CROPPED MANGAS LARGAS"},"content":{"rendered":"<p><img loading=\"lazy\" decoding=\"async\" class=\"\" src=\"https:\/\/encrypted-tbn0.gstatic.com\/images?q=tbn:ANd9GcQIO9HvRepmQOPQJtDj-jBhpxzG3DGQDZuYWA&amp;s\" alt=\"Logotipo de Adidas PNG transparente - StickPNG\" width=\"105\" height=\"66\" \/><\/p>\n<h1>MONOGRAM CROPPED<\/h1>\n<h3 class=\"subtitle___9ljbp\"><span>Un top corto brillante con monograma elaborado con materiales reciclados.<\/span><\/h3>\n<p class=\"gl-vspace\"><span>&#8220;Simple&#8221; no es lo primero que te viene a la mente cuando piensas en la d\u00e9cada de 2000, y este top corto de adidas te recordar\u00e1 por qu\u00e9. (Por mucho que quieras olvidar esa era de la moda, nunca podr\u00e1s olvidarla). Esta camisa tiene sus ra\u00edces en una d\u00e9cada de extravagancia. Tomando lo mejor de esa \u00e9poca y d\u00e1ndoles los looks m\u00e1s destacados. Confeccionado con un tejido ajustado que brilla con colores met\u00e1licos. Haz que se destaque con el logotipo monograma de Adidas que aparece por toda esta camiseta. Este producto contiene materiales reciclados procedentes de residuos de fabricaci\u00f3n, como restos de costura y residuos dom\u00e9sticos. Esto es para evitar los amplios impactos ambientales de la producci\u00f3n de nuevos materiales.<\/span><\/p>\n<div class=\"accordion__header-text___2o9Im\">\n<h2 class=\"accordion-title___2sTgR\"><span>cuidad<\/span><span>o<\/span><\/h2>\n<\/div>\n<div class=\"accordion__header-icon___2FuRa\"><\/div>\n<div class=\"accordion__content___29x9h\">\n<div class=\"content-padding___2kVWQ\">\n<div class=\"care___2GwB4\" data-auto-id=\"pdp-content-care\">\n<div class=\"care-instructions___3scEd\">\n<h4 class=\"care-title___2YJe1 gl-no-margin-bottom\">Pasos de limpieza<\/h4>\n<ul class=\"\">\n<li class=\"gl-vspace-bpall-small\"><img loading=\"lazy\" decoding=\"async\" src=\"https:\/\/www.adidas.co.th\/glass\/react\/fb500fd\/assets\/img\/washing-instructions\/B1.svg\" alt=\"\" width=\"24\" height=\"24\" \/>No usa blanqueador<\/li>\n<li class=\"gl-vspace-bpall-small\"><img loading=\"lazy\" decoding=\"async\" src=\"https:\/\/www.adidas.co.th\/glass\/react\/fb500fd\/assets\/img\/washing-instructions\/C1.svg\" alt=\"\" width=\"24\" height=\"24\" \/>No secar en secadora<\/li>\n<li class=\"gl-vspace-bpall-small\"><img loading=\"lazy\" decoding=\"async\" src=\"https:\/\/www.adidas.co.th\/glass\/react\/fb500fd\/assets\/img\/washing-instructions\/E1.svg\" alt=\"\" width=\"24\" height=\"24\" \/>No lavar en seco<\/li>\n<li class=\"gl-vspace-bpall-small\"><img loading=\"lazy\" decoding=\"async\" src=\"https:\/\/www.adidas.co.th\/glass\/react\/fb500fd\/assets\/img\/washing-instructions\/D1.svg\" alt=\"\" width=\"24\" height=\"24\" \/>No planchar<\/li>\n<li class=\"gl-vspace-bpall-small\"><img loading=\"lazy\" decoding=\"async\" src=\"https:\/\/www.adidas.co.th\/glass\/react\/fb500fd\/assets\/img\/washing-instructions\/A3.svg\" alt=\"\" width=\"24\" height=\"24\" \/>Lavar a m\u00e1quina con agua fr\u00eda<\/li>\n<\/ul>\n<\/div>\n<div class=\"extra-instructions___2TR8b\">\n<h4 class=\"care-title___2YJe1 gl-no-margin-bottom\">Informaci\u00f3n para cuidados especiales<\/h4>\n<ul class=\"gl-list gl-vspace-bpall-small\">\n<li class=\"gl-vspace-bpall-small\">Lavar y secar del rev\u00e9s.<\/li>\n<li class=\"gl-vspace-bpall-small\">Lavar con colores similares<\/li>\n<\/ul>\n<div class=\"accordion__header-text___2o9Im\">\n<h2 class=\"accordion-title___2sTgR\"><span>detalles<\/span><\/h2>\n<\/div>\n<div class=\"accordion__header-icon___2FuRa\"><\/div>\n<div class=\"accordion__content___29x9h\">\n<div class=\"content-padding___2kVWQ\">\n<div class=\"bullets___3bsSs\" data-auto-id=\"specifications-section\">\n<ul class=\"gl-list\">\n<li class=\"gl-vspace-bpall-small\"><span>cuello en U<\/span><\/li>\n<li class=\"gl-vspace-bpall-small\"><span>60% poli\u00e9ster reciclado, 14% poli\u00e9ster, 12% viscosa, 9% fibra entrelazada metalizada<\/span><\/li>\n<li class=\"gl-vspace-bpall-small\"><span>cuerpo corto<\/span><\/li>\n<li class=\"gl-vspace-bpall-small\"><span>Color: Negro<\/span><\/li>\n<li class=\"gl-vspace-bpall-small\"><span>Modelo: HM4894<\/span><\/li>\n<\/ul>\n<\/div>\n<\/div>\n<\/div>\n<\/div>\n<\/div>\n<\/div>\n<\/div>\n","protected":false},"excerpt":{"rendered":"<p>MONOGRAM CROPPED Un top corto brillante con monograma elaborado con materiales reciclados. &#8220;Simple&#8221; no es lo primero que te viene<\/p>\n","protected":false},"featured_media":66275,"comment_status":"open","ping_status":"closed","template":"","meta":{"nf_dc_page":""},"product_brand":[],"product_cat":[73],"product_tag":[],"class_list":{"0":"post-66274","1":"product","2":"type-product","3":"status-publish","4":"has-post-thumbnail","6":"product_cat-femenino","8":"first","9":"outofstock","10":"shipping-taxable","11":"purchasable","12":"product-type-simple"},"_links":{"self":[{"href":"https:\/\/brandss.com.py\/index\/wp-json\/wp\/v2\/product\/66274","targetHints":{"allow":["GET"]}}],"collection":[{"href":"https:\/\/brandss.com.py\/index\/wp-json\/wp\/v2\/product"}],"about":[{"href":"https:\/\/brandss.com.py\/index\/wp-json\/wp\/v2\/types\/product"}],"replies":[{"embeddable":true,"href":"https:\/\/brandss.com.py\/index\/wp-json\/wp\/v2\/comments?post=66274"}],"version-history":[{"count":1,"href":"https:\/\/brandss.com.py\/index\/wp-json\/wp\/v2\/product\/66274\/revisions"}],"predecessor-version":[{"id":66285,"href":"https:\/\/brandss.com.py\/index\/wp-json\/wp\/v2\/product\/66274\/revisions\/66285"}],"wp:featuredmedia":[{"embeddable":true,"href":"https:\/\/brandss.com.py\/index\/wp-json\/wp\/v2\/media\/66275"}],"wp:attachment":[{"href":"https:\/\/brandss.com.py\/index\/wp-json\/wp\/v2\/media?parent=66274"}],"wp:term":[{"taxonomy":"product_brand","embeddable":true,"href":"https:\/\/brandss.com.py\/index\/wp-json\/wp\/v2\/product_brand?post=66274"},{"taxonomy":"product_cat","embeddable":true,"href":"https:\/\/brandss.com.py\/index\/wp-json\/wp\/v2\/product_cat?post=66274"},{"taxonomy":"product_tag","embeddable":true,"href":"https:\/\/brandss.com.py\/index\/wp-json\/wp\/v2\/product_tag?post=66274"}],"curies":[{"name":"wp","href":"https:\/\/api.w.org\/{rel}","templated":true}]}}