{"id":66327,"date":"2025-01-16T12:37:48","date_gmt":"2025-01-16T12:37:48","guid":{"rendered":"https:\/\/brandss.com.py\/index\/?post_type=product&#038;p=66327"},"modified":"2026-04-11T13:25:20","modified_gmt":"2026-04-11T13:25:20","slug":"conjunto-deportivo-femenino-lets-gym-sucess-top-leggings","status":"publish","type":"product","link":"https:\/\/brandss.com.py\/index\/producto\/conjunto-deportivo-femenino-lets-gym-sucess-top-leggings\/","title":{"rendered":"CONJUNTO DEPORTIVO FEMENINO LET\u00b4S GYM SUCESS TOP + LEGGINGS"},"content":{"rendered":"<p><img loading=\"lazy\" decoding=\"async\" class=\"\" src=\"https:\/\/assets.jumpseller.com\/store\/letsgym\/themes\/812094\/settings\/3b9dc58209d499f9673a\/logo_letsgym_horizontal_semfundo%202.jpg?1735362613\" alt=\"PRODUCTOS\" width=\"93\" height=\"27\" \/><\/p>\n<h1>SUCESS<\/h1>\n<p>El top ideal para lucirse en tus entrenamientos y crear looks potentes. Tiene un dise\u00f1o que realza a\u00fan m\u00e1s el busto de la mujer Let&#8217;sGym. Con espalda abierta, cumplimos el deseo de nuestros clientes de entrenar con estilo, comodidad y alto rendimiento. Adem\u00e1s, \u00a1tiene copa extra\u00edble para adaptarse a todas las preferencias!<\/p>\n<p><span>Pieza esencial para toda mujer Let&#8217;sGym. Un legging que combina funcionalidad y estilo. Colores estrat\u00e9gicamente dise\u00f1ados para seguir las tendencias a largo plazo. Y hay m\u00e1s: \u00a1con cinturilla cruzada y detalle en forma de coraz\u00f3n para resaltar tu trasero!<\/span><\/p>\n<p><span>\u00a1Atenci\u00f3n! Pueden ocurrir variaciones en el tono de color debido al brillo de cada pantalla\/monitor.<\/span><\/p>\n<p><strong><span>Beneficios:<\/span><\/strong><span>\u00a0Elasticidad en ambas direcciones \/ Comodidad \/ Compresi\u00f3n en la cantidad adecuada.<\/span><\/p>\n<p><strong><span>Tela:<\/span><\/strong><span>\u00a0Maravilla \/ Maxxi.<\/span><\/p>\n<p><strong><span>Informaci\u00f3n T\u00e9cnica<\/span><\/strong><br \/>\n<span>Colecci\u00f3n: ELEVATION<\/span><br \/>\n<span>Talla: S,M,L<\/span><br \/>\n<span>Color: CAF\u00c9, VIOLETA<\/span><br \/>\n<span>Composici\u00f3n: 77% poliamida, 23% elastano \/ 85% poliamida, 15% elastano.<\/span><br \/>\n<span>Lavado: No remojar &#8211; Lavar por separado &#8211; No usar lej\u00eda &#8211; Extraer la mayor cantidad de agua posible despu\u00e9s del enjuague &#8211; No dejar doblado h\u00famedo &#8211; No dejar expuesto a la luz &#8211; No lavar en agua tibia\/caliente &#8211; Usar jab\u00f3n neutro &#8211; R\u00e1pido Lavado a m\u00e1quina (15 minutos sin remojo) &#8211; Las prendas de colores pueden soltar tinte durante el primer lavado, por lo que deben lavarse antes de su uso siguiendo las instrucciones mencionadas.<\/span><\/p>\n","protected":false},"excerpt":{"rendered":"<p>SUCESS El top ideal para lucirse en tus entrenamientos y crear looks potentes. Tiene un dise\u00f1o que realza a\u00fan m\u00e1s<\/p>\n","protected":false},"featured_media":66328,"comment_status":"open","ping_status":"closed","template":"","meta":{"nf_dc_page":""},"product_brand":[],"product_cat":[73],"product_tag":[],"class_list":{"0":"post-66327","1":"product","2":"type-product","3":"status-publish","4":"has-post-thumbnail","6":"product_cat-femenino","8":"first","9":"outofstock","10":"shipping-taxable","11":"purchasable","12":"product-type-simple"},"_links":{"self":[{"href":"https:\/\/brandss.com.py\/index\/wp-json\/wp\/v2\/product\/66327","targetHints":{"allow":["GET"]}}],"collection":[{"href":"https:\/\/brandss.com.py\/index\/wp-json\/wp\/v2\/product"}],"about":[{"href":"https:\/\/brandss.com.py\/index\/wp-json\/wp\/v2\/types\/product"}],"replies":[{"embeddable":true,"href":"https:\/\/brandss.com.py\/index\/wp-json\/wp\/v2\/comments?post=66327"}],"version-history":[{"count":1,"href":"https:\/\/brandss.com.py\/index\/wp-json\/wp\/v2\/product\/66327\/revisions"}],"predecessor-version":[{"id":66334,"href":"https:\/\/brandss.com.py\/index\/wp-json\/wp\/v2\/product\/66327\/revisions\/66334"}],"wp:featuredmedia":[{"embeddable":true,"href":"https:\/\/brandss.com.py\/index\/wp-json\/wp\/v2\/media\/66328"}],"wp:attachment":[{"href":"https:\/\/brandss.com.py\/index\/wp-json\/wp\/v2\/media?parent=66327"}],"wp:term":[{"taxonomy":"product_brand","embeddable":true,"href":"https:\/\/brandss.com.py\/index\/wp-json\/wp\/v2\/product_brand?post=66327"},{"taxonomy":"product_cat","embeddable":true,"href":"https:\/\/brandss.com.py\/index\/wp-json\/wp\/v2\/product_cat?post=66327"},{"taxonomy":"product_tag","embeddable":true,"href":"https:\/\/brandss.com.py\/index\/wp-json\/wp\/v2\/product_tag?post=66327"}],"curies":[{"name":"wp","href":"https:\/\/api.w.org\/{rel}","templated":true}]}}