{"id":66370,"date":"2025-01-16T17:30:07","date_gmt":"2025-01-16T17:30:07","guid":{"rendered":"https:\/\/brandss.com.py\/index\/?post_type=product&#038;p=66370"},"modified":"2026-04-11T13:25:20","modified_gmt":"2026-04-11T13:25:20","slug":"conjunto-deportivo-femenino-lets-gym-basic-comfort-rib-top-leggings","status":"publish","type":"product","link":"https:\/\/brandss.com.py\/index\/producto\/conjunto-deportivo-femenino-lets-gym-basic-comfort-rib-top-leggings\/","title":{"rendered":"CONJUNTO DEPORTIVO FEMENINO LET\u00b4S GYM BASIC COMFORT RIB TOP + LEGGINGS"},"content":{"rendered":"<p><img loading=\"lazy\" decoding=\"async\" class=\"\" src=\"https:\/\/assets.jumpseller.com\/store\/letsgym\/themes\/812094\/settings\/3b9dc58209d499f9673a\/logo_letsgym_horizontal_semfundo%202.jpg?1735362613\" alt=\"PRODUCTOS\" width=\"120\" height=\"35\" \/><\/p>\n<h1>BASIC COMFORT RIB<\/h1>\n<p dir=\"ltr\"><span>Modelo b\u00e1sico, todo forrado con el mismo tejido y con el\u00e1stico para dar gran sujeci\u00f3n. <\/span>Detalle termoadhesivo engomado en el frontal de la pieza. Abultamiento superior removible. \u00a1Imprescindible en cualquier armario fitness!<\/p>\n<p><span>Fabricada en poliamida acanalada, esta pieza es suave y c\u00f3moda, con un efecto compresivo que resalta las curvas del cuerpo. <\/span><span>S\u00faper vers\u00e1til, se puede usar desde un estilo casual hasta un estilo c\u00f3modo-fitness. <\/span><span>Tiene cintura alta para un efecto de vientre plano y est\u00e1 completamente forrado para garantizar seguridad.<\/span><\/p>\n<p dir=\"ltr\"><span>Beneficios: alta compresi\u00f3n \/ protecci\u00f3n UV50+ \/ buena elasticidad.<\/span><\/p>\n<p dir=\"ltr\"><span>Tela: maxxi.<\/span><\/p>\n<p><span>Composici\u00f3n: 92% poliamida, 8% elastano.<\/span><\/p>\n<p>Color: Negro.<\/p>\n<p>Modelo: 2492PT<\/p>\n<p><span>Marca Let&#8217;s Gym.<\/span><\/p>\n<p><span>Colecci\u00f3n Cl\u00e1sica.<\/span><\/p>\n","protected":false},"excerpt":{"rendered":"<p>BASIC COMFORT RIB Modelo b\u00e1sico, todo forrado con el mismo tejido y con el\u00e1stico para dar gran sujeci\u00f3n. Detalle termoadhesivo<\/p>\n","protected":false},"featured_media":66371,"comment_status":"open","ping_status":"closed","template":"","meta":{"nf_dc_page":""},"product_brand":[],"product_cat":[73],"product_tag":[],"class_list":{"0":"post-66370","1":"product","2":"type-product","3":"status-publish","4":"has-post-thumbnail","6":"product_cat-femenino","8":"first","9":"outofstock","10":"shipping-taxable","11":"purchasable","12":"product-type-simple"},"_links":{"self":[{"href":"https:\/\/brandss.com.py\/index\/wp-json\/wp\/v2\/product\/66370","targetHints":{"allow":["GET"]}}],"collection":[{"href":"https:\/\/brandss.com.py\/index\/wp-json\/wp\/v2\/product"}],"about":[{"href":"https:\/\/brandss.com.py\/index\/wp-json\/wp\/v2\/types\/product"}],"replies":[{"embeddable":true,"href":"https:\/\/brandss.com.py\/index\/wp-json\/wp\/v2\/comments?post=66370"}],"version-history":[{"count":1,"href":"https:\/\/brandss.com.py\/index\/wp-json\/wp\/v2\/product\/66370\/revisions"}],"predecessor-version":[{"id":66374,"href":"https:\/\/brandss.com.py\/index\/wp-json\/wp\/v2\/product\/66370\/revisions\/66374"}],"wp:featuredmedia":[{"embeddable":true,"href":"https:\/\/brandss.com.py\/index\/wp-json\/wp\/v2\/media\/66371"}],"wp:attachment":[{"href":"https:\/\/brandss.com.py\/index\/wp-json\/wp\/v2\/media?parent=66370"}],"wp:term":[{"taxonomy":"product_brand","embeddable":true,"href":"https:\/\/brandss.com.py\/index\/wp-json\/wp\/v2\/product_brand?post=66370"},{"taxonomy":"product_cat","embeddable":true,"href":"https:\/\/brandss.com.py\/index\/wp-json\/wp\/v2\/product_cat?post=66370"},{"taxonomy":"product_tag","embeddable":true,"href":"https:\/\/brandss.com.py\/index\/wp-json\/wp\/v2\/product_tag?post=66370"}],"curies":[{"name":"wp","href":"https:\/\/api.w.org\/{rel}","templated":true}]}}