{"id":66416,"date":"2025-01-17T11:26:35","date_gmt":"2025-01-17T11:26:35","guid":{"rendered":"https:\/\/brandss.com.py\/index\/?post_type=product&#038;p=66416"},"modified":"2026-04-11T13:25:20","modified_gmt":"2026-04-11T13:25:20","slug":"conjunto-deportivo-femenino-lets-gym-just-swim-top-short-4","status":"publish","type":"product","link":"https:\/\/brandss.com.py\/index\/producto\/conjunto-deportivo-femenino-lets-gym-just-swim-top-short-4\/","title":{"rendered":"CONJUNTO DEPORTIVO FEMENINO LET\u00b4S GYM JUST SWIM TOP + SHORT"},"content":{"rendered":"<p><img loading=\"lazy\" decoding=\"async\" class=\"\" src=\"https:\/\/assets.jumpseller.com\/store\/letsgym\/themes\/812094\/settings\/3b9dc58209d499f9673a\/logo_letsgym_horizontal_semfundo%202.jpg?1735362613\" alt=\"PRODUCTOS\" width=\"100\" height=\"29\" \/><\/p>\n<h1>JUST SWIM<\/h1>\n<p><span>El Top Just es la pieza ideal para quienes buscan un look moderno y c\u00f3modo. <\/span><span>Este modelo delgado, fabricado en tejido Wonder, cuenta con correas ajustables que garantizan un ajuste perfecto y personalizado. <\/span><span>Combina elegancia y practicidad en cualquier ocasi\u00f3n con este top vers\u00e1til y estiloso. <\/span><span>Tiene acolchado extra\u00edble.<\/span><\/p>\n<p dir=\"ltr\"><span>Fabricado con la querida tela Wonder, presenta una cinturilla envolvente que adelgaza la cintura y agrega un toque especial. <\/span><span>Con un dise\u00f1o minimalista, es la opci\u00f3n ideal para quienes buscan estilo y comodidad en cualquier ocasi\u00f3n.<\/span><\/p>\n<p dir=\"ltr\"><span>Tela: maravilla.<\/span><\/p>\n<p dir=\"ltr\"><span>Composici\u00f3n: 77% Poliamida y 23% Elastano.<\/span><\/p>\n<p>Color: Negro.<\/p>\n<p>Modelo: 2554PT<\/p>\n<p><span>Marca Let&#8217;s Gym.<\/span><\/p>\n<p><span>Colecci\u00f3n Preppy.<\/span><\/p>\n","protected":false},"excerpt":{"rendered":"<p>JUST SWIM El Top Just es la pieza ideal para quienes buscan un look moderno y c\u00f3modo. Este modelo delgado,<\/p>\n","protected":false},"featured_media":66417,"comment_status":"open","ping_status":"closed","template":"","meta":{"nf_dc_page":""},"product_brand":[],"product_cat":[73],"product_tag":[],"class_list":{"0":"post-66416","1":"product","2":"type-product","3":"status-publish","4":"has-post-thumbnail","6":"product_cat-femenino","8":"first","9":"outofstock","10":"shipping-taxable","11":"purchasable","12":"product-type-simple"},"_links":{"self":[{"href":"https:\/\/brandss.com.py\/index\/wp-json\/wp\/v2\/product\/66416","targetHints":{"allow":["GET"]}}],"collection":[{"href":"https:\/\/brandss.com.py\/index\/wp-json\/wp\/v2\/product"}],"about":[{"href":"https:\/\/brandss.com.py\/index\/wp-json\/wp\/v2\/types\/product"}],"replies":[{"embeddable":true,"href":"https:\/\/brandss.com.py\/index\/wp-json\/wp\/v2\/comments?post=66416"}],"version-history":[{"count":1,"href":"https:\/\/brandss.com.py\/index\/wp-json\/wp\/v2\/product\/66416\/revisions"}],"predecessor-version":[{"id":66420,"href":"https:\/\/brandss.com.py\/index\/wp-json\/wp\/v2\/product\/66416\/revisions\/66420"}],"wp:featuredmedia":[{"embeddable":true,"href":"https:\/\/brandss.com.py\/index\/wp-json\/wp\/v2\/media\/66417"}],"wp:attachment":[{"href":"https:\/\/brandss.com.py\/index\/wp-json\/wp\/v2\/media?parent=66416"}],"wp:term":[{"taxonomy":"product_brand","embeddable":true,"href":"https:\/\/brandss.com.py\/index\/wp-json\/wp\/v2\/product_brand?post=66416"},{"taxonomy":"product_cat","embeddable":true,"href":"https:\/\/brandss.com.py\/index\/wp-json\/wp\/v2\/product_cat?post=66416"},{"taxonomy":"product_tag","embeddable":true,"href":"https:\/\/brandss.com.py\/index\/wp-json\/wp\/v2\/product_tag?post=66416"}],"curies":[{"name":"wp","href":"https:\/\/api.w.org\/{rel}","templated":true}]}}