{"id":66437,"date":"2025-01-17T12:30:20","date_gmt":"2025-01-17T12:30:20","guid":{"rendered":"https:\/\/brandss.com.py\/index\/?post_type=product&#038;p=66437"},"modified":"2026-04-11T13:25:20","modified_gmt":"2026-04-11T13:25:20","slug":"conjunto-deportivo-femenino-lets-gym-velocity-top-short","status":"publish","type":"product","link":"https:\/\/brandss.com.py\/index\/producto\/conjunto-deportivo-femenino-lets-gym-velocity-top-short\/","title":{"rendered":"CONJUNTO DEPORTIVO FEMENINO LET\u00b4S GYM VELOCITY TOP + SHORT"},"content":{"rendered":"<p><img loading=\"lazy\" decoding=\"async\" class=\"\" src=\"https:\/\/assets.jumpseller.com\/store\/letsgym\/themes\/812094\/settings\/3b9dc58209d499f9673a\/logo_letsgym_horizontal_semfundo%202.jpg?1735362613\" alt=\"PRODUCTOS\" width=\"75\" height=\"22\" \/><\/p>\n<h1>VELOCITY<\/h1>\n<p dir=\"ltr\"><span>Con un estilo minimalista, atemporal y vers\u00e1til, est\u00e1 confeccionado en tejido cortavientos que tiene un tacto satinado s\u00faper exclusivo y refinado. <\/span><span>Con capucha y ribetes ajustables, es una prenda ideal que resulta f\u00e1cil de combinar. <\/span><span>Con moderno termoadhesivo engomado. Con acolchado extra\u00edble.<\/span><\/p>\n<p dir=\"ltr\"><span>\u00a1El estilo imprescindible para acompa\u00f1ar a cualquier mujer! <\/span><span>Tiene un largo perfecto y una cinturilla en forma de coraz\u00f3n, proporcionando un efecto \u201clevantamiento de bulto\u201d.<\/span><\/p>\n<p dir=\"ltr\"><span>Tela: maxxi.<\/span><\/p>\n<p dir=\"ltr\"><span>Composici\u00f3n: 85% Poliamida y 15% Elastano.<\/span><\/p>\n<p dir=\"ltr\">Color: Off White<\/p>\n<p dir=\"ltr\">Modelo: 2409OF<\/p>\n<p><span>Marca Let&#8217;s Gym.<\/span><\/p>\n<p><span>Colecci\u00f3n glamurosa.<\/span><\/p>\n","protected":false},"excerpt":{"rendered":"<p>VELOCITY Con un estilo minimalista, atemporal y vers\u00e1til, est\u00e1 confeccionado en tejido cortavientos que tiene un tacto satinado s\u00faper exclusivo<\/p>\n","protected":false},"featured_media":66441,"comment_status":"open","ping_status":"closed","template":"","meta":{"nf_dc_page":""},"product_brand":[],"product_cat":[73],"product_tag":[],"class_list":{"0":"post-66437","1":"product","2":"type-product","3":"status-publish","4":"has-post-thumbnail","6":"product_cat-femenino","8":"first","9":"outofstock","10":"shipping-taxable","11":"purchasable","12":"product-type-simple"},"_links":{"self":[{"href":"https:\/\/brandss.com.py\/index\/wp-json\/wp\/v2\/product\/66437","targetHints":{"allow":["GET"]}}],"collection":[{"href":"https:\/\/brandss.com.py\/index\/wp-json\/wp\/v2\/product"}],"about":[{"href":"https:\/\/brandss.com.py\/index\/wp-json\/wp\/v2\/types\/product"}],"replies":[{"embeddable":true,"href":"https:\/\/brandss.com.py\/index\/wp-json\/wp\/v2\/comments?post=66437"}],"version-history":[{"count":1,"href":"https:\/\/brandss.com.py\/index\/wp-json\/wp\/v2\/product\/66437\/revisions"}],"predecessor-version":[{"id":66444,"href":"https:\/\/brandss.com.py\/index\/wp-json\/wp\/v2\/product\/66437\/revisions\/66444"}],"wp:featuredmedia":[{"embeddable":true,"href":"https:\/\/brandss.com.py\/index\/wp-json\/wp\/v2\/media\/66441"}],"wp:attachment":[{"href":"https:\/\/brandss.com.py\/index\/wp-json\/wp\/v2\/media?parent=66437"}],"wp:term":[{"taxonomy":"product_brand","embeddable":true,"href":"https:\/\/brandss.com.py\/index\/wp-json\/wp\/v2\/product_brand?post=66437"},{"taxonomy":"product_cat","embeddable":true,"href":"https:\/\/brandss.com.py\/index\/wp-json\/wp\/v2\/product_cat?post=66437"},{"taxonomy":"product_tag","embeddable":true,"href":"https:\/\/brandss.com.py\/index\/wp-json\/wp\/v2\/product_tag?post=66437"}],"curies":[{"name":"wp","href":"https:\/\/api.w.org\/{rel}","templated":true}]}}