{"id":66467,"date":"2025-01-17T13:51:17","date_gmt":"2025-01-17T13:51:17","guid":{"rendered":"https:\/\/brandss.com.py\/index\/?post_type=product&#038;p=66467"},"modified":"2025-01-17T13:51:59","modified_gmt":"2025-01-17T13:51:59","slug":"pantalon-deportivo-femenino-adidas-logo-play","status":"publish","type":"product","link":"https:\/\/brandss.com.py\/index\/producto\/pantalon-deportivo-femenino-adidas-logo-play\/","title":{"rendered":"PANTAL\u00d3N DEPORTIVO FEMENINO ADIDAS LOGO PLAY"},"content":{"rendered":"<p><img loading=\"lazy\" decoding=\"async\" class=\"\" src=\"https:\/\/upload.wikimedia.org\/wikipedia\/commons\/2\/24\/Adidas_logo.png\" alt=\"Archivo:Adidas logo.png - Wikipedia, la enciclopedia libre\" width=\"92\" height=\"62\" \/><\/p>\n<h1>LOGO PLAY<\/h1>\n<h3 class=\"subtitle___9ljbp\">Pants deportivos con un look centrado en logos<\/h3>\n<p class=\"gl-vspace\">Un cl\u00e1sico look deportivo con inspiraci\u00f3n noventera. Estos pants deportivos le inyectan amor por los logos a tu look diario, y su corte holgado le agrega estilo informal a cualquier outfit. Los m\u00faltiples Trifolios en relieve destaca tu actitud deportiva aut\u00e9ntica y el logo adidas en relieve en una de las piernas crea un estilo \u00fanico. La malla suave en el interior se encarga de proporcionar comodidad en todo momento. Este producto est\u00e1 hecho con Primegreen, una serie de materiales reciclados de alto desempe\u00f1o.<\/p>\n<div class=\"accordion__header-text___2o9Im\">\n<h2 class=\"accordion-title___2sTgR\">Cuidados<\/h2>\n<\/div>\n<div class=\"accordion__header-icon___2FuRa\"><\/div>\n<div class=\"accordion__content___29x9h\">\n<div class=\"content-padding___2kVWQ\">\n<div class=\"care___2GwB4\" data-auto-id=\"pdp-content-care\">\n<div class=\"care-instructions___3scEd\">\n<h4 class=\"care-title___2YJe1 gl-no-margin-bottom\">Instrucciones de lavado<\/h4>\n<ul class=\"\">\n<li class=\"gl-vspace-bpall-small\"><img loading=\"lazy\" decoding=\"async\" src=\"https:\/\/www.adidas.mx\/glass\/react\/f1485b8\/assets\/img\/washing-instructions\/B1.svg\" alt=\"\" width=\"24\" height=\"24\" \/>No usar blanqueador<\/li>\n<li class=\"gl-vspace-bpall-small\"><img loading=\"lazy\" decoding=\"async\" src=\"https:\/\/www.adidas.mx\/glass\/react\/f1485b8\/assets\/img\/washing-instructions\/C2.svg\" alt=\"\" width=\"24\" height=\"24\" \/>Puede utilizarse secadora en tempratura baja.<\/li>\n<li class=\"gl-vspace-bpall-small\"><img loading=\"lazy\" decoding=\"async\" src=\"https:\/\/www.adidas.mx\/glass\/react\/f1485b8\/assets\/img\/washing-instructions\/E1.svg\" alt=\"\" width=\"24\" height=\"24\" \/>No lavar en seco.<\/li>\n<li class=\"gl-vspace-bpall-small\"><img loading=\"lazy\" decoding=\"async\" src=\"https:\/\/www.adidas.mx\/glass\/react\/f1485b8\/assets\/img\/washing-instructions\/D2.svg\" alt=\"\" width=\"24\" height=\"24\" \/>Planchar a temperatura baja.<\/li>\n<li class=\"gl-vspace-bpall-small\"><img loading=\"lazy\" decoding=\"async\" src=\"https:\/\/www.adidas.mx\/glass\/react\/f1485b8\/assets\/img\/washing-instructions\/A4.svg\" alt=\"\" width=\"24\" height=\"24\" \/>Lavar a m\u00e1quina en temperatura fr\u00eda y en ciclo delicado.<\/li>\n<\/ul>\n<\/div>\n<div class=\"extra-instructions___2TR8b\">\n<h4 class=\"care-title___2YJe1 gl-no-margin-bottom\">Informaci\u00f3n adicional sobre el cuidado<\/h4>\n<ul class=\"gl-list gl-vspace-bpall-small\">\n<li class=\"gl-vspace-bpall-small\">No usar suavizante<\/li>\n<li class=\"gl-vspace-bpall-small\">Usar \u00fanicamente detergente suave<\/li>\n<li class=\"gl-vspace-bpall-small\">Lavar al rev\u00e9s con colores similares<\/li>\n<li class=\"gl-vspace-bpall-small\">No planchar detalles decorativos<\/li>\n<\/ul>\n<div class=\"accordion__header-text___2o9Im\">\n<h2 class=\"accordion-title___2sTgR\">Detalles<\/h2>\n<\/div>\n<div class=\"accordion__header-icon___2FuRa\"><\/div>\n<div class=\"accordion__content___29x9h\">\n<div class=\"content-padding___2kVWQ\">\n<div class=\"bullets___3bsSs\" data-auto-id=\"specifications-section\">\n<ul class=\"gl-list\">\n<li class=\"gl-vspace-bpall-small\">Corte holgado<\/li>\n<li class=\"gl-vspace-bpall-small\">Cintura el\u00e1stica con cord\u00f3n de ajuste<\/li>\n<li class=\"gl-vspace-bpall-small\">Exterior: tejido plano 100 % nylon reciclado<\/li>\n<li class=\"gl-vspace-bpall-small\">Forro interno: malla 100 % poli\u00e9ster reciclado<\/li>\n<li class=\"gl-vspace-bpall-small\">Cintura de corte medio<\/li>\n<li class=\"gl-vspace-bpall-small\">Bolsillos laterales<\/li>\n<li class=\"gl-vspace-bpall-small\">Pu\u00f1os el\u00e1sticos<\/li>\n<li class=\"gl-vspace-bpall-small\">Primegreen<\/li>\n<li class=\"gl-vspace-bpall-small\">Color: Victory Crimson<\/li>\n<li class=\"gl-vspace-bpall-small\">Modelo: H20436<\/li>\n<\/ul>\n<\/div>\n<\/div>\n<\/div>\n<\/div>\n<\/div>\n<\/div>\n<\/div>\n","protected":false},"excerpt":{"rendered":"<p>LOGO PLAY Pants deportivos con un look centrado en logos Un cl\u00e1sico look deportivo con inspiraci\u00f3n noventera. Estos pants deportivos<\/p>\n","protected":false},"featured_media":66468,"comment_status":"open","ping_status":"closed","template":"","meta":{"nf_dc_page":""},"product_brand":[],"product_cat":[73],"product_tag":[],"class_list":{"0":"post-66467","1":"product","2":"type-product","3":"status-publish","4":"has-post-thumbnail","6":"product_cat-femenino","8":"first","9":"instock","10":"shipping-taxable","11":"purchasable","12":"product-type-simple"},"_links":{"self":[{"href":"https:\/\/brandss.com.py\/index\/wp-json\/wp\/v2\/product\/66467","targetHints":{"allow":["GET"]}}],"collection":[{"href":"https:\/\/brandss.com.py\/index\/wp-json\/wp\/v2\/product"}],"about":[{"href":"https:\/\/brandss.com.py\/index\/wp-json\/wp\/v2\/types\/product"}],"replies":[{"embeddable":true,"href":"https:\/\/brandss.com.py\/index\/wp-json\/wp\/v2\/comments?post=66467"}],"version-history":[{"count":1,"href":"https:\/\/brandss.com.py\/index\/wp-json\/wp\/v2\/product\/66467\/revisions"}],"predecessor-version":[{"id":66474,"href":"https:\/\/brandss.com.py\/index\/wp-json\/wp\/v2\/product\/66467\/revisions\/66474"}],"wp:featuredmedia":[{"embeddable":true,"href":"https:\/\/brandss.com.py\/index\/wp-json\/wp\/v2\/media\/66468"}],"wp:attachment":[{"href":"https:\/\/brandss.com.py\/index\/wp-json\/wp\/v2\/media?parent=66467"}],"wp:term":[{"taxonomy":"product_brand","embeddable":true,"href":"https:\/\/brandss.com.py\/index\/wp-json\/wp\/v2\/product_brand?post=66467"},{"taxonomy":"product_cat","embeddable":true,"href":"https:\/\/brandss.com.py\/index\/wp-json\/wp\/v2\/product_cat?post=66467"},{"taxonomy":"product_tag","embeddable":true,"href":"https:\/\/brandss.com.py\/index\/wp-json\/wp\/v2\/product_tag?post=66467"}],"curies":[{"name":"wp","href":"https:\/\/api.w.org\/{rel}","templated":true}]}}