{"id":66475,"date":"2025-01-17T14:19:15","date_gmt":"2025-01-17T14:19:15","guid":{"rendered":"https:\/\/brandss.com.py\/index\/?post_type=product&#038;p=66475"},"modified":"2025-01-17T14:20:00","modified_gmt":"2025-01-17T14:20:00","slug":"pantalon-deportivo-femenino-adidas-adicolor-classics-quilted","status":"publish","type":"product","link":"https:\/\/brandss.com.py\/index\/producto\/pantalon-deportivo-femenino-adidas-adicolor-classics-quilted\/","title":{"rendered":"PANTAL\u00d3N DEPORTIVO FEMENINO ADIDAS ADICOLOR CLASSICS QUILTED"},"content":{"rendered":"<p><img loading=\"lazy\" decoding=\"async\" class=\"\" src=\"https:\/\/upload.wikimedia.org\/wikipedia\/commons\/2\/24\/Adidas_logo.png\" alt=\"Archivo:Adidas logo.png - Wikipedia, la enciclopedia libre\" width=\"96\" height=\"65\" \/><\/p>\n<h1>ADICOLOR CLASSICS QUILTED<\/h1>\n<p>Para disfrutar del estilo durante todo el a\u00f1o, necesitas pantalones deportivos para cada temporada. Cuando el clima se vuelve m\u00e1s fr\u00edo, opta por el dise\u00f1o acolchado de este modelo y consigue un look deportivo pero informal. El aislamiento retiene el calor. Las ic\u00f3nicas 3 rayas resaltan el aut\u00e9ntico estilo de adidas. Este producto est\u00e1 fabricado con Primegreen, una l\u00ednea de materiales reciclados de alta calidad.<\/p>\n<h4>Detalles<\/h4>\n<ul>\n<li>Composici\u00f3n base:\u00a0100% poli\u00e9ster<\/li>\n<li>Color:\u00a0caqui<\/li>\n<li>Patr\u00f3n dominante:\u00a0sin patr\u00f3n<\/li>\n<li>Estilo:\u00a0sencillo<\/li>\n<li>Cierre:\u00a0ninguno<\/li>\n<li>Material dominante:\u00a0poli\u00e9ster<\/li>\n<li>L\u00ednea:\u00a0regular<\/li>\n<li>Caracter\u00edsticas adicionales:\u00a0cintura alta<\/li>\n<li>Modelo: H43917<\/li>\n<\/ul>\n","protected":false},"excerpt":{"rendered":"<p>ADICOLOR CLASSICS QUILTED Para disfrutar del estilo durante todo el a\u00f1o, necesitas pantalones deportivos para cada temporada. Cuando el clima<\/p>\n","protected":false},"featured_media":66476,"comment_status":"open","ping_status":"closed","template":"","meta":{"nf_dc_page":""},"product_brand":[],"product_cat":[73],"product_tag":[],"class_list":{"0":"post-66475","1":"product","2":"type-product","3":"status-publish","4":"has-post-thumbnail","6":"product_cat-femenino","8":"first","9":"instock","10":"shipping-taxable","11":"purchasable","12":"product-type-simple"},"_links":{"self":[{"href":"https:\/\/brandss.com.py\/index\/wp-json\/wp\/v2\/product\/66475","targetHints":{"allow":["GET"]}}],"collection":[{"href":"https:\/\/brandss.com.py\/index\/wp-json\/wp\/v2\/product"}],"about":[{"href":"https:\/\/brandss.com.py\/index\/wp-json\/wp\/v2\/types\/product"}],"replies":[{"embeddable":true,"href":"https:\/\/brandss.com.py\/index\/wp-json\/wp\/v2\/comments?post=66475"}],"version-history":[{"count":1,"href":"https:\/\/brandss.com.py\/index\/wp-json\/wp\/v2\/product\/66475\/revisions"}],"predecessor-version":[{"id":66483,"href":"https:\/\/brandss.com.py\/index\/wp-json\/wp\/v2\/product\/66475\/revisions\/66483"}],"wp:featuredmedia":[{"embeddable":true,"href":"https:\/\/brandss.com.py\/index\/wp-json\/wp\/v2\/media\/66476"}],"wp:attachment":[{"href":"https:\/\/brandss.com.py\/index\/wp-json\/wp\/v2\/media?parent=66475"}],"wp:term":[{"taxonomy":"product_brand","embeddable":true,"href":"https:\/\/brandss.com.py\/index\/wp-json\/wp\/v2\/product_brand?post=66475"},{"taxonomy":"product_cat","embeddable":true,"href":"https:\/\/brandss.com.py\/index\/wp-json\/wp\/v2\/product_cat?post=66475"},{"taxonomy":"product_tag","embeddable":true,"href":"https:\/\/brandss.com.py\/index\/wp-json\/wp\/v2\/product_tag?post=66475"}],"curies":[{"name":"wp","href":"https:\/\/api.w.org\/{rel}","templated":true}]}}