{"id":66506,"date":"2025-01-17T17:08:21","date_gmt":"2025-01-17T17:08:21","guid":{"rendered":"https:\/\/brandss.com.py\/index\/?post_type=product&#038;p=66506"},"modified":"2025-01-17T17:10:32","modified_gmt":"2025-01-17T17:10:32","slug":"pantalon-deportivo-femenino-adidas-track-pants","status":"publish","type":"product","link":"https:\/\/brandss.com.py\/index\/producto\/pantalon-deportivo-femenino-adidas-track-pants\/","title":{"rendered":"PANTAL\u00d3N DEPORTIVO FEMENINO ADIDAS TRACK PANTS"},"content":{"rendered":"<p><img loading=\"lazy\" decoding=\"async\" class=\"\" src=\"https:\/\/upload.wikimedia.org\/wikipedia\/commons\/2\/24\/Adidas_logo.png\" alt=\"Archivo:Adidas logo.png - Wikipedia, la enciclopedia libre\" width=\"108\" height=\"73\" \/><\/p>\n<h1>TRACK PANTS<\/h1>\n<p>Nada m\u00e1s que comodidad pura: eso es lo que ofrecen estos pantalones deportivos de felpa francesa de adidas. Con la forma holgada perfecta, la forma relajada se ajusta al cuerpo con ese cierto aspecto de &#8220;\u00bfoh, esto?&#8221; que logra agregar un toque especial incluso con su simplicidad. <span>Pantal\u00f3n de la colecci\u00f3n adidas Originals. El modelo est\u00e1 confeccionado en tejido de punto con estampado.<\/span><\/p>\n<ul>\n<li class=\"ProductActive__descriptionParagraph__UR7wG\"><span>El producto contiene materiales procedentes de fibras recicladas.<\/span><\/li>\n<li class=\"ProductActive__descriptionParagraph__UR7wG\"><span>Ajuste holgado.<\/span><\/li>\n<li class=\"ProductActive__descriptionParagraph__UR7wG\"><span>Piernas rematadas con pu\u00f1os.<\/span><\/li>\n<li class=\"ProductActive__descriptionParagraph__UR7wG\"><span>Bolsillos interiores.<\/span><\/li>\n<li class=\"ProductActive__descriptionParagraph__UR7wG\"><span>Cintura m\u00e1s alta.<\/span><\/li>\n<li class=\"ProductActive__descriptionParagraph__UR7wG\"><span>\u00a0Ancho de cintura ajustable con cordones.<\/span><\/li>\n<li class=\"ProductActive__descriptionParagraph__UR7wG\"><span>Tira el\u00e1stica en la cintura.<\/span><\/li>\n<li class=\"ProductActive__descriptionParagraph__UR7wG\"><span>Punto fino y no el\u00e1stico.<\/span><\/li>\n<li class=\"ProductActive__descriptionParagraph__UR7wG\"><span>Modelo con estampado.<\/span><\/li>\n<li class=\"ProductActive__descriptionParagraph__UR7wG\">Importado<\/li>\n<li>Color: Negro<\/li>\n<li>Modelo: HM4872<\/li>\n<\/ul>\n<p>&nbsp;<\/p>\n","protected":false},"excerpt":{"rendered":"<p>TRACK PANTS Nada m\u00e1s que comodidad pura: eso es lo que ofrecen estos pantalones deportivos de felpa francesa de adidas.<\/p>\n","protected":false},"featured_media":66507,"comment_status":"open","ping_status":"closed","template":"","meta":{"nf_dc_page":""},"product_brand":[],"product_cat":[73],"product_tag":[],"class_list":{"0":"post-66506","1":"product","2":"type-product","3":"status-publish","4":"has-post-thumbnail","6":"product_cat-femenino","8":"first","9":"instock","10":"shipping-taxable","11":"purchasable","12":"product-type-simple"},"_links":{"self":[{"href":"https:\/\/brandss.com.py\/index\/wp-json\/wp\/v2\/product\/66506","targetHints":{"allow":["GET"]}}],"collection":[{"href":"https:\/\/brandss.com.py\/index\/wp-json\/wp\/v2\/product"}],"about":[{"href":"https:\/\/brandss.com.py\/index\/wp-json\/wp\/v2\/types\/product"}],"replies":[{"embeddable":true,"href":"https:\/\/brandss.com.py\/index\/wp-json\/wp\/v2\/comments?post=66506"}],"version-history":[{"count":1,"href":"https:\/\/brandss.com.py\/index\/wp-json\/wp\/v2\/product\/66506\/revisions"}],"predecessor-version":[{"id":66516,"href":"https:\/\/brandss.com.py\/index\/wp-json\/wp\/v2\/product\/66506\/revisions\/66516"}],"wp:featuredmedia":[{"embeddable":true,"href":"https:\/\/brandss.com.py\/index\/wp-json\/wp\/v2\/media\/66507"}],"wp:attachment":[{"href":"https:\/\/brandss.com.py\/index\/wp-json\/wp\/v2\/media?parent=66506"}],"wp:term":[{"taxonomy":"product_brand","embeddable":true,"href":"https:\/\/brandss.com.py\/index\/wp-json\/wp\/v2\/product_brand?post=66506"},{"taxonomy":"product_cat","embeddable":true,"href":"https:\/\/brandss.com.py\/index\/wp-json\/wp\/v2\/product_cat?post=66506"},{"taxonomy":"product_tag","embeddable":true,"href":"https:\/\/brandss.com.py\/index\/wp-json\/wp\/v2\/product_tag?post=66506"}],"curies":[{"name":"wp","href":"https:\/\/api.w.org\/{rel}","templated":true}]}}