{"id":66517,"date":"2025-01-17T17:31:00","date_gmt":"2025-01-17T17:31:00","guid":{"rendered":"https:\/\/brandss.com.py\/index\/?post_type=product&#038;p=66517"},"modified":"2025-01-17T17:31:40","modified_gmt":"2025-01-17T17:31:40","slug":"pantalon-deportivo-femenino-adidas-game-and-go-aeroready","status":"publish","type":"product","link":"https:\/\/brandss.com.py\/index\/producto\/pantalon-deportivo-femenino-adidas-game-and-go-aeroready\/","title":{"rendered":"PANTAL\u00d3N DEPORTIVO FEMENINO ADIDAS GAME AND GO AEROREADY"},"content":{"rendered":"<p><img loading=\"lazy\" decoding=\"async\" class=\"\" src=\"https:\/\/upload.wikimedia.org\/wikipedia\/commons\/2\/24\/Adidas_logo.png\" alt=\"Archivo:Adidas logo.png - Wikipedia, la enciclopedia libre\" width=\"80\" height=\"54\" \/><\/p>\n<h1>GAME AND GO AEROREADY<\/h1>\n<div class=\"product-name\"><span>Pantalones de polar c\u00f3nicos regulares Game and Go de AEROREADY<\/span><\/div>\n<div class=\"value content product-sub-headline\"><span>Pantalones para la hora del juego, confeccionados con una mezcla de materiales reciclados y renovables.<\/span><\/div>\n<div class=\"value content product-desc-short\"><span>Antes y despu\u00e9s del partido es tan importante como el partido en s\u00ed. Mant\u00e9n tus m\u00fasculos calientes con estos pantalones adidas, confeccionados con un suave tejido polar que te brinda una sensaci\u00f3n de suavidad, ya sea que est\u00e9s calentando o enfriando. El sistema de control de la humedad AEROREADY te mantiene seco y listo para jugar desde la banda. La cintura el\u00e1stica ajustable con bungee te permite pon\u00e9rtelos y quit\u00e1rtelos f\u00e1cilmente cuando te toque estar en la alineaci\u00f3n. Un m\u00ednimo del 70 % de este producto es una mezcla de materiales reciclados y renovables.<\/span><\/div>\n<div>\n<div class=\"col-12\">\n<h2 class=\"title accordionParent\"><a data-tracking-link=\"PDP-main-content-_-product details\"><span>Detalles del producto<\/span><\/a><\/h2>\n<\/div>\n<div class=\"col-12 value content accordionChild\">\n<ul class=\"product-bullets list-unstyled\">\n<li class=\"product-bullet\"><span>Ajuste regular.<\/span><\/li>\n<li class=\"product-bullet\"><span>Cintura el\u00e1stica ajustable con bungee.<\/span><\/li>\n<li class=\"product-bullet\"><span>100% poli\u00e9ster (reciclado).<\/span><\/li>\n<li class=\"product-bullet\"><span>AEROLISTO.<\/span><\/li>\n<li class=\"product-bullet\"><span>Bolsillos laterales con cremallera.<\/span><\/li>\n<li class=\"product-bullet\"><span>Piernas c\u00f3nicas.<\/span><\/li>\n<li class=\"product-bullet\"><span>dobladillos con pu\u00f1os.<\/span><\/li>\n<li>Color: Negro.<\/li>\n<li>Modelo: IM2678.<\/li>\n<\/ul>\n<\/div>\n<\/div>\n","protected":false},"excerpt":{"rendered":"<p>GAME AND GO AEROREADY Pantalones de polar c\u00f3nicos regulares Game and Go de AEROREADY Pantalones para la hora del juego,<\/p>\n","protected":false},"featured_media":66518,"comment_status":"open","ping_status":"closed","template":"","meta":{"nf_dc_page":""},"product_brand":[],"product_cat":[73],"product_tag":[],"class_list":{"0":"post-66517","1":"product","2":"type-product","3":"status-publish","4":"has-post-thumbnail","6":"product_cat-femenino","8":"first","9":"instock","10":"shipping-taxable","11":"purchasable","12":"product-type-simple"},"_links":{"self":[{"href":"https:\/\/brandss.com.py\/index\/wp-json\/wp\/v2\/product\/66517","targetHints":{"allow":["GET"]}}],"collection":[{"href":"https:\/\/brandss.com.py\/index\/wp-json\/wp\/v2\/product"}],"about":[{"href":"https:\/\/brandss.com.py\/index\/wp-json\/wp\/v2\/types\/product"}],"replies":[{"embeddable":true,"href":"https:\/\/brandss.com.py\/index\/wp-json\/wp\/v2\/comments?post=66517"}],"version-history":[{"count":1,"href":"https:\/\/brandss.com.py\/index\/wp-json\/wp\/v2\/product\/66517\/revisions"}],"predecessor-version":[{"id":66526,"href":"https:\/\/brandss.com.py\/index\/wp-json\/wp\/v2\/product\/66517\/revisions\/66526"}],"wp:featuredmedia":[{"embeddable":true,"href":"https:\/\/brandss.com.py\/index\/wp-json\/wp\/v2\/media\/66518"}],"wp:attachment":[{"href":"https:\/\/brandss.com.py\/index\/wp-json\/wp\/v2\/media?parent=66517"}],"wp:term":[{"taxonomy":"product_brand","embeddable":true,"href":"https:\/\/brandss.com.py\/index\/wp-json\/wp\/v2\/product_brand?post=66517"},{"taxonomy":"product_cat","embeddable":true,"href":"https:\/\/brandss.com.py\/index\/wp-json\/wp\/v2\/product_cat?post=66517"},{"taxonomy":"product_tag","embeddable":true,"href":"https:\/\/brandss.com.py\/index\/wp-json\/wp\/v2\/product_tag?post=66517"}],"curies":[{"name":"wp","href":"https:\/\/api.w.org\/{rel}","templated":true}]}}