{"id":66552,"date":"2025-01-17T19:02:13","date_gmt":"2025-01-17T19:02:13","guid":{"rendered":"https:\/\/brandss.com.py\/index\/?post_type=product&#038;p=66552"},"modified":"2026-04-11T13:22:43","modified_gmt":"2026-04-11T13:22:43","slug":"leggings-deportivo-juvenil-adidas-g-logo-tig","status":"publish","type":"product","link":"https:\/\/brandss.com.py\/index\/producto\/leggings-deportivo-juvenil-adidas-g-logo-tig\/","title":{"rendered":"LEGGINGS DEPORTIVO JUVENIL ADIDAS G LOGO TIG"},"content":{"rendered":"<p><img loading=\"lazy\" decoding=\"async\" class=\"\" src=\"https:\/\/upload.wikimedia.org\/wikipedia\/commons\/2\/24\/Adidas_logo.png\" alt=\"Archivo:Adidas logo.png - Wikipedia, la enciclopedia libre\" width=\"105\" height=\"71\" \/><\/p>\n<h1>G LOGO TIG<\/h1>\n<p>Hay muchas cosas que no podemos controlar. Pero t\u00fa puedes controlar tu nivel de comodidad, y estas mallas junior de adidas te lo ponen f\u00e1cil. El algod\u00f3n suave y el\u00e1stico abraza tus m\u00fasculos y te permite moverte a gusto. Nuestros productos de algod\u00f3n apoyan el cultivo sostenible del algod\u00f3n.<\/p>\n<p>Estupendos leggings Adidas para ni\u00f1a en color negro confeccionados en\u00a0tejido de algod\u00f3n\u00a0de alta calidad . El modelo tiene un corte entallado, tiene alta elasticidad y se adapta perfectamente al cuerpo, proporcionando libertad de movimiento. Es parte de la Iniciativa\u00a0Better Cotton<span>\u00a0\u00a0para la producci\u00f3n sostenible de algod\u00f3n. Es adecuado tanto para la vida cotidiana como para la pr\u00e1ctica deportiva. Perfectamente combinado con una camiseta, camiseta de tirantes o top deportivo.<\/span><\/p>\n<p><span>Ajuste entallado<\/span><\/p>\n<p><span>Cintura el\u00e1stica<\/span><\/p>\n<p><span>Jersey sencillo de 93 % algod\u00f3n, 7 % elastano<\/span><\/p>\n<p><span>Tiro medio<\/span><\/p>\n<p><span>Use solo detergente suave Lave y planche del rev\u00e9s Lave con colores similares<\/span><\/p>\n<p><span>Retoque con plancha tibia<\/span><\/p>\n<p><span>No lavar en seco<\/span><\/p>\n<p><span>Lavar a m\u00e1quina con agua tibia<\/span><\/p>\n<p><span>Apoya la Better Cotton Initiative<\/span><\/p>\n<p>Color: Negro.<\/p>\n<p>Modelo: HA4014<\/p>\n","protected":false},"excerpt":{"rendered":"<p>G LOGO TIG Hay muchas cosas que no podemos controlar. Pero t\u00fa puedes controlar tu nivel de comodidad, y estas<\/p>\n","protected":false},"featured_media":66553,"comment_status":"open","ping_status":"closed","template":"","meta":{"nf_dc_page":""},"product_brand":[],"product_cat":[73],"product_tag":[],"class_list":{"0":"post-66552","1":"product","2":"type-product","3":"status-publish","4":"has-post-thumbnail","6":"product_cat-femenino","8":"first","9":"outofstock","10":"shipping-taxable","11":"purchasable","12":"product-type-simple"},"_links":{"self":[{"href":"https:\/\/brandss.com.py\/index\/wp-json\/wp\/v2\/product\/66552","targetHints":{"allow":["GET"]}}],"collection":[{"href":"https:\/\/brandss.com.py\/index\/wp-json\/wp\/v2\/product"}],"about":[{"href":"https:\/\/brandss.com.py\/index\/wp-json\/wp\/v2\/types\/product"}],"replies":[{"embeddable":true,"href":"https:\/\/brandss.com.py\/index\/wp-json\/wp\/v2\/comments?post=66552"}],"version-history":[{"count":1,"href":"https:\/\/brandss.com.py\/index\/wp-json\/wp\/v2\/product\/66552\/revisions"}],"predecessor-version":[{"id":66558,"href":"https:\/\/brandss.com.py\/index\/wp-json\/wp\/v2\/product\/66552\/revisions\/66558"}],"wp:featuredmedia":[{"embeddable":true,"href":"https:\/\/brandss.com.py\/index\/wp-json\/wp\/v2\/media\/66553"}],"wp:attachment":[{"href":"https:\/\/brandss.com.py\/index\/wp-json\/wp\/v2\/media?parent=66552"}],"wp:term":[{"taxonomy":"product_brand","embeddable":true,"href":"https:\/\/brandss.com.py\/index\/wp-json\/wp\/v2\/product_brand?post=66552"},{"taxonomy":"product_cat","embeddable":true,"href":"https:\/\/brandss.com.py\/index\/wp-json\/wp\/v2\/product_cat?post=66552"},{"taxonomy":"product_tag","embeddable":true,"href":"https:\/\/brandss.com.py\/index\/wp-json\/wp\/v2\/product_tag?post=66552"}],"curies":[{"name":"wp","href":"https:\/\/api.w.org\/{rel}","templated":true}]}}