{"id":66559,"date":"2025-01-17T19:21:12","date_gmt":"2025-01-17T19:21:12","guid":{"rendered":"https:\/\/brandss.com.py\/index\/?post_type=product&#038;p=66559"},"modified":"2026-04-11T13:22:43","modified_gmt":"2026-04-11T13:22:43","slug":"leggings-deportivo-femenino-adidas-hyperglam","status":"publish","type":"product","link":"https:\/\/brandss.com.py\/index\/producto\/leggings-deportivo-femenino-adidas-hyperglam\/","title":{"rendered":"LEGGINGS DEPORTIVO FEMENINO ADIDAS HYPERGLAM"},"content":{"rendered":"<p><img loading=\"lazy\" decoding=\"async\" class=\"\" src=\"https:\/\/upload.wikimedia.org\/wikipedia\/commons\/2\/24\/Adidas_logo.png\" alt=\"Archivo:Adidas logo.png - Wikipedia, la enciclopedia libre\" width=\"94\" height=\"63\" \/><\/p>\n<h1>HYPERGLAM<\/h1>\n<div class=\"text-content___13aRm\">\n<h3 class=\"subtitle___9ljbp\">Mallas llenas de glamur que destacan tu figura<\/h3>\n<p class=\"gl-vspace\">Hazte notar a donde vayas con las mallas Hyperglam. Disponibles \u00fanicamente en tiendas adidas online y f\u00edsicas, son una versi\u00f3n vanguardista de tu prenda favorita para entrenar.<\/p>\n<p class=\"gl-vspace\">\u00a0\u200b El punto perfecto entre c\u00f3modidad y cool, estas mallas largas en tejido absorbente suave se encargan del sudor y lucen detalles perlescentes y logos adidas sutiles. En otras palabras, te har\u00e1n sentir tan bien como te ves. \u200b La halagadora silueta con corte alto brinda cobertura en todo momento, sin importar si est\u00e1s ejercit\u00e1ndote<\/p>\n<p>o caminando por las calles de la ciudad, y el logo adidas Badge of Sport integrado al tejido en la cintura se mantiene en su lugar sin importar cuanto te mueves. Luce las tuyas con otras prendas de la colecci\u00f3n para un look deportivo pr\u00e9mium.<\/p><\/div>\n<div>\n<h3 class=\"highlight-text__headline___25B2G\">Transforma el problema en la soluci\u00f3n<\/h3>\n<p>Este producto esta hecho con Primegreen: un conjunto de materiales reciclados de alto rendimiento.<\/p>\n<h3 class=\"highlight-text__headline___25B2G\">Perfectas para uso diario<\/h3>\n<p>La tecnolog\u00eda AEROREADY mantiene la piel fresca y seca para que te concentres \u00fanicamente en rendir al m\u00e1ximo.<\/p>\n<h3 class=\"highlight-text__headline___25B2G\">Forma y funci\u00f3n<\/h3>\n<p>La cintura de corte alto de adidas Badge of Sport se encarga de que las mallas se queden en su lugar y que puedas moverte siempre con fluidez.<\/p>\n<h3 class=\"highlight-text__headline___25B2G\">Brillo sutil<\/h3>\n<p>Los detalles iridiscentes hace de esta prenda para entrenar algo verdaderamente \u00fanica.<\/p>\n<div class=\"accordion__header-text___2o9Im\">\n<h2 class=\"accordion-title___2sTgR\">Caracter\u00edsticas<\/h2>\n<\/div>\n<div class=\"accordion__header-icon___2FuRa\"><\/div>\n<div class=\"accordion__content___29x9h\">\n<div class=\"content-padding___2kVWQ\">\n<div class=\"features-section___1pumR\">\n<div class=\"item___1X-1_\"><img decoding=\"async\" class=\"img_with_fallback___2aHBu feature-icon___3S9eQ\" src=\"https:\/\/brand.assets.adidas.com\/image\/upload\/waist_high_b13226f1e7.png\" alt=\"\" data-auto-id=\"image\" \/><\/p>\n<p class=\"feature-icon-text___3Owgv\">Corte alto<\/p>\n<\/div>\n<div class=\"item___1X-1_\"><img decoding=\"async\" class=\"img_with_fallback___2aHBu feature-icon___3S9eQ\" src=\"https:\/\/brand.assets.adidas.com\/image\/upload\/lenght_full_2f07c9661d.png\" alt=\"\" data-auto-id=\"image\" \/><\/p>\n<p class=\"feature-icon-text___3Owgv\">Largo completo<\/p>\n<div class=\"accordion__header-text___2o9Im\">\n<h2 class=\"accordion-title___2sTgR\">Cuidados<\/h2>\n<\/div>\n<div class=\"accordion__header-icon___2FuRa\"><\/div>\n<div class=\"accordion__content___29x9h\">\n<div class=\"content-padding___2kVWQ\">\n<div class=\"care___2GwB4\" data-auto-id=\"pdp-content-care\">\n<div class=\"care-instructions___3scEd\">\n<h4 class=\"care-title___2YJe1 gl-no-margin-bottom\">Instrucciones de lavado<\/h4>\n<ul class=\"\">\n<li class=\"gl-vspace-bpall-small\"><img loading=\"lazy\" decoding=\"async\" src=\"https:\/\/www.adidas.mx\/glass\/react\/f1485b8\/assets\/img\/washing-instructions\/B1.svg\" alt=\"\" width=\"24\" height=\"24\" \/>No usar blanqueador<\/li>\n<li class=\"gl-vspace-bpall-small\"><img loading=\"lazy\" decoding=\"async\" src=\"https:\/\/www.adidas.mx\/glass\/react\/f1485b8\/assets\/img\/washing-instructions\/C1.svg\" alt=\"\" width=\"24\" height=\"24\" \/>No utillizar secadora<\/li>\n<li class=\"gl-vspace-bpall-small\"><img loading=\"lazy\" decoding=\"async\" src=\"https:\/\/www.adidas.mx\/glass\/react\/f1485b8\/assets\/img\/washing-instructions\/E1.svg\" alt=\"\" width=\"24\" height=\"24\" \/>No lavar en seco.<\/li>\n<li class=\"gl-vspace-bpall-small\"><img loading=\"lazy\" decoding=\"async\" src=\"https:\/\/www.adidas.mx\/glass\/react\/f1485b8\/assets\/img\/washing-instructions\/D2.svg\" alt=\"\" width=\"24\" height=\"24\" \/>Planchar a temperatura baja.<\/li>\n<li class=\"gl-vspace-bpall-small\"><img loading=\"lazy\" decoding=\"async\" src=\"https:\/\/www.adidas.mx\/glass\/react\/f1485b8\/assets\/img\/washing-instructions\/A3.svg\" alt=\"\" width=\"24\" height=\"24\" \/>Lavar a m\u00e1quina en temperatura fr\u00eda.<\/li>\n<\/ul>\n<\/div>\n<div class=\"extra-instructions___2TR8b\">\n<h4 class=\"care-title___2YJe1 gl-no-margin-bottom\">Informaci\u00f3n adicional sobre el cuidado<\/h4>\n<ul class=\"gl-list gl-vspace-bpall-small\">\n<li class=\"gl-vspace-bpall-small\">No usar suavizante<\/li>\n<li class=\"gl-vspace-bpall-small\">Usar \u00fanicamente detergente suave<\/li>\n<li class=\"gl-vspace-bpall-small\">Lavar por separado<\/li>\n<li class=\"gl-vspace-bpall-small\">Lavar y planchar al rev\u00e9s<\/li>\n<li class=\"gl-vspace-bpall-small\">Retirar r\u00e1pidamente despu\u00e9s de lavar<\/li>\n<\/ul>\n<div class=\"accordion__header-text___2o9Im\">\n<h2 class=\"accordion-title___2sTgR\">Detalles<\/h2>\n<\/div>\n<div class=\"accordion__header-icon___2FuRa\"><\/div>\n<div class=\"accordion__content___29x9h\">\n<div class=\"content-padding___2kVWQ\">\n<div class=\"bullets___3bsSs\" data-auto-id=\"specifications-section\">\n<ul class=\"gl-list\">\n<li class=\"gl-vspace-bpall-small\">Corte ajustado<\/li>\n<li class=\"gl-vspace-bpall-small\">Cintura el\u00e1stica<\/li>\n<li class=\"gl-vspace-bpall-small\">Tejido entrelazado 85 % poli\u00e9ster reciclado, 15 % elastano<\/li>\n<li class=\"gl-vspace-bpall-small\">Corte alto<\/li>\n<li class=\"gl-vspace-bpall-small\">Color: Black<\/li>\n<li class=\"gl-vspace-bpall-small\">Modelo: HE9403<\/li>\n<\/ul>\n<\/div>\n<\/div>\n<\/div>\n<\/div>\n<\/div>\n<\/div>\n<\/div>\n<\/div>\n<\/div>\n<\/div>\n<\/div>\n<\/div>\n","protected":false},"excerpt":{"rendered":"<p>HYPERGLAM Mallas llenas de glamur que destacan tu figura Hazte notar a donde vayas con las mallas Hyperglam. Disponibles \u00fanicamente<\/p>\n","protected":false},"featured_media":66560,"comment_status":"open","ping_status":"closed","template":"","meta":{"nf_dc_page":""},"product_brand":[],"product_cat":[73],"product_tag":[],"class_list":{"0":"post-66559","1":"product","2":"type-product","3":"status-publish","4":"has-post-thumbnail","6":"product_cat-femenino","8":"first","9":"outofstock","10":"shipping-taxable","11":"purchasable","12":"product-type-simple"},"_links":{"self":[{"href":"https:\/\/brandss.com.py\/index\/wp-json\/wp\/v2\/product\/66559","targetHints":{"allow":["GET"]}}],"collection":[{"href":"https:\/\/brandss.com.py\/index\/wp-json\/wp\/v2\/product"}],"about":[{"href":"https:\/\/brandss.com.py\/index\/wp-json\/wp\/v2\/types\/product"}],"replies":[{"embeddable":true,"href":"https:\/\/brandss.com.py\/index\/wp-json\/wp\/v2\/comments?post=66559"}],"version-history":[{"count":1,"href":"https:\/\/brandss.com.py\/index\/wp-json\/wp\/v2\/product\/66559\/revisions"}],"predecessor-version":[{"id":66573,"href":"https:\/\/brandss.com.py\/index\/wp-json\/wp\/v2\/product\/66559\/revisions\/66573"}],"wp:featuredmedia":[{"embeddable":true,"href":"https:\/\/brandss.com.py\/index\/wp-json\/wp\/v2\/media\/66560"}],"wp:attachment":[{"href":"https:\/\/brandss.com.py\/index\/wp-json\/wp\/v2\/media?parent=66559"}],"wp:term":[{"taxonomy":"product_brand","embeddable":true,"href":"https:\/\/brandss.com.py\/index\/wp-json\/wp\/v2\/product_brand?post=66559"},{"taxonomy":"product_cat","embeddable":true,"href":"https:\/\/brandss.com.py\/index\/wp-json\/wp\/v2\/product_cat?post=66559"},{"taxonomy":"product_tag","embeddable":true,"href":"https:\/\/brandss.com.py\/index\/wp-json\/wp\/v2\/product_tag?post=66559"}],"curies":[{"name":"wp","href":"https:\/\/api.w.org\/{rel}","templated":true}]}}