{"id":66585,"date":"2025-01-18T11:49:27","date_gmt":"2025-01-18T11:49:27","guid":{"rendered":"https:\/\/brandss.com.py\/index\/?post_type=product&#038;p=66585"},"modified":"2026-04-11T13:22:43","modified_gmt":"2026-04-11T13:22:43","slug":"leggings-deportivo-femenino-adidas-circuit-badge-of-sport-7-8","status":"publish","type":"product","link":"https:\/\/brandss.com.py\/index\/producto\/leggings-deportivo-femenino-adidas-circuit-badge-of-sport-7-8\/","title":{"rendered":"LEGGINGS DEPORTIVO FEMENINO ADIDAS CIRCUIT BADGE OF SPORT 7\/8"},"content":{"rendered":"<p><img loading=\"lazy\" decoding=\"async\" class=\"\" src=\"https:\/\/upload.wikimedia.org\/wikipedia\/commons\/2\/24\/Adidas_logo.png\" alt=\"Archivo:Adidas logo.png - Wikipedia, la enciclopedia libre\" width=\"104\" height=\"70\" \/><\/p>\n<h1>CIRCUIT BADGE OF SPORT 7\/8<\/h1>\n<h3 class=\"subtitle___9ljbp\"><span>Mallas de compresi\u00f3n ligeramente recortadas dise\u00f1adas para deportistas que no trabajan.<\/span><\/h3>\n<p class=\"gl-vspace\"><span>Est\u00edrate en el sof\u00e1 o en la colchoneta. No te juzgaremos. Mantente c\u00f3modo en los d\u00edas de descanso y de piernas con estas mallas de compresi\u00f3n de adidas. Su largo de siete octavos resalta tus zapatillas y tus pantorrillas. Guarda tus llaves o el pase al gimnasio en el bolsillo interior de malla y listo.<\/span><\/p>\n<div class=\"accordion__header-text___2o9Im\">\n<h2 class=\"accordion-title___2sTgR\"><span>Caracter\u00edsticas<\/span><\/h2>\n<\/div>\n<div class=\"accordion__header-icon___2FuRa\"><\/div>\n<div class=\"accordion__content___29x9h\">\n<div class=\"content-padding___2kVWQ\">\n<div class=\"features-section___1pumR\">\n<div class=\"item___1X-1_\"><img decoding=\"async\" class=\"img_with_fallback___2aHBu feature-icon___3S9eQ\" src=\"https:\/\/brand.assets.adidas.com\/image\/upload\/waist_high_b13226f1e7.png\" alt=\"\" data-auto-id=\"image\" \/><\/p>\n<p class=\"feature-icon-text___3Owgv\">Cintura alta<\/p>\n<\/div>\n<div class=\"item___1X-1_\"><img decoding=\"async\" class=\"img_with_fallback___2aHBu feature-icon___3S9eQ\" src=\"https:\/\/brand.assets.adidas.com\/image\/upload\/lenght_full_2f07c9661d.png\" alt=\"\" data-auto-id=\"image\" \/><\/p>\n<p class=\"feature-icon-text___3Owgv\">Longitud total<\/p>\n<\/div>\n<div class=\"item___1X-1_\"><img decoding=\"async\" class=\"img_with_fallback___2aHBu feature-icon___3S9eQ\" src=\"https:\/\/brand.assets.adidas.com\/image\/upload\/activity_training_f2daeccd1d.png\" alt=\"\" data-auto-id=\"image\" \/><\/p>\n<p class=\"feature-icon-text___3Owgv\">Capacitaci\u00f3n<\/p>\n<div class=\"accordion__header-text___2o9Im\">\n<h2 class=\"accordion-title___2sTgR\">Cuidado<\/h2>\n<\/div>\n<div class=\"accordion__header-icon___2FuRa\"><\/div>\n<div class=\"accordion__content___29x9h\">\n<div class=\"content-padding___2kVWQ\">\n<div class=\"care___2GwB4\" data-auto-id=\"pdp-content-care\">\n<div class=\"care-instructions___3scEd\">\n<h4 class=\"care-title___2YJe1 gl-no-margin-bottom\">Instrucciones de lavado<\/h4>\n<ul class=\"\">\n<li class=\"gl-vspace-bpall-small\"><img loading=\"lazy\" decoding=\"async\" src=\"https:\/\/www.adidas.com.au\/glass\/react\/f1485b8\/assets\/img\/washing-instructions\/B1.svg\" alt=\"\" width=\"24\" height=\"24\" \/>No usa blanqueador<\/li>\n<li class=\"gl-vspace-bpall-small\"><img loading=\"lazy\" decoding=\"async\" src=\"https:\/\/www.adidas.com.au\/glass\/react\/f1485b8\/assets\/img\/washing-instructions\/C1.svg\" alt=\"\" width=\"24\" height=\"24\" \/>No secar en secadora<\/li>\n<li class=\"gl-vspace-bpall-small\"><img loading=\"lazy\" decoding=\"async\" src=\"https:\/\/www.adidas.com.au\/glass\/react\/f1485b8\/assets\/img\/washing-instructions\/E1.svg\" alt=\"\" width=\"24\" height=\"24\" \/>No lavar en seco<\/li>\n<li class=\"gl-vspace-bpall-small\"><img loading=\"lazy\" decoding=\"async\" src=\"https:\/\/www.adidas.com.au\/glass\/react\/f1485b8\/assets\/img\/washing-instructions\/D2.svg\" alt=\"\" width=\"24\" height=\"24\" \/>Retocar con plancha fr\u00eda<\/li>\n<li class=\"gl-vspace-bpall-small\"><img loading=\"lazy\" decoding=\"async\" src=\"https:\/\/www.adidas.com.au\/glass\/react\/f1485b8\/assets\/img\/washing-instructions\/A4.svg\" alt=\"\" width=\"24\" height=\"24\" \/>Lavar a m\u00e1quina en ciclo delicado con agua fr\u00eda.<\/li>\n<\/ul>\n<\/div>\n<div class=\"extra-instructions___2TR8b\">\n<h4 class=\"care-title___2YJe1 gl-no-margin-bottom\">Informaci\u00f3n de cuidados adicionales<\/h4>\n<ul class=\"gl-list gl-vspace-bpall-small\">\n<li class=\"gl-vspace-bpall-small\">No utilice suavizante de telas.<\/li>\n<li class=\"gl-vspace-bpall-small\">Utilice \u00fanicamente detergente suave<\/li>\n<li class=\"gl-vspace-bpall-small\">Lavar los colores oscuros por separado<\/li>\n<li class=\"gl-vspace-bpall-small\">Lavar y planchar del rev\u00e9s.<\/li>\n<\/ul>\n<div class=\"accordion__header-text___2o9Im\">\n<h2 class=\"accordion-title___2sTgR\"><span>Detalles<\/span><\/h2>\n<\/div>\n<div class=\"accordion__header-icon___2FuRa\"><\/div>\n<div class=\"accordion__content___29x9h\">\n<div class=\"content-padding___2kVWQ\">\n<div class=\"bullets___3bsSs\" data-auto-id=\"specifications-section\">\n<ul class=\"gl-list\">\n<li class=\"gl-vspace-bpall-small\"><span>Ajuste de compresi\u00f3n<\/span><\/li>\n<li class=\"gl-vspace-bpall-small\"><span>Cintura el\u00e1stica<\/span><\/li>\n<li class=\"gl-vspace-bpall-small\"><span>79% poli\u00e9ster reciclado, 21% elastano interlock<\/span><\/li>\n<li class=\"gl-vspace-bpall-small\"><span>Medias con bolsillo interior<\/span><\/li>\n<li class=\"gl-vspace-bpall-small\"><span>Bolsillo interior de malla en la cintura<\/span><\/li>\n<li class=\"gl-vspace-bpall-small\"><span>Refuerzo de malla<\/span><\/li>\n<li class=\"gl-vspace-bpall-small\"><span>Entrelazar<\/span><\/li>\n<li class=\"gl-vspace-bpall-small\"><span>Estas medias est\u00e1n confeccionadas con poli\u00e9ster reciclado para ahorrar recursos y disminuir las emisiones.<\/span><\/li>\n<li class=\"gl-vspace-bpall-small\"><span>Color: Negro \/ Gris Seis<\/span><\/li>\n<li class=\"gl-vspace-bpall-small\"><span>Modelo: FL2019<\/span><\/li>\n<\/ul>\n<\/div>\n<\/div>\n<\/div>\n<\/div>\n<\/div>\n<\/div>\n<\/div>\n<\/div>\n<\/div>\n<\/div>\n<\/div>\n","protected":false},"excerpt":{"rendered":"<p>CIRCUIT BADGE OF SPORT 7\/8 Mallas de compresi\u00f3n ligeramente recortadas dise\u00f1adas para deportistas que no trabajan. Est\u00edrate en el sof\u00e1<\/p>\n","protected":false},"featured_media":66586,"comment_status":"open","ping_status":"closed","template":"","meta":{"nf_dc_page":""},"product_brand":[],"product_cat":[73],"product_tag":[],"class_list":{"0":"post-66585","1":"product","2":"type-product","3":"status-publish","4":"has-post-thumbnail","6":"product_cat-femenino","8":"first","9":"outofstock","10":"shipping-taxable","11":"purchasable","12":"product-type-simple"},"_links":{"self":[{"href":"https:\/\/brandss.com.py\/index\/wp-json\/wp\/v2\/product\/66585","targetHints":{"allow":["GET"]}}],"collection":[{"href":"https:\/\/brandss.com.py\/index\/wp-json\/wp\/v2\/product"}],"about":[{"href":"https:\/\/brandss.com.py\/index\/wp-json\/wp\/v2\/types\/product"}],"replies":[{"embeddable":true,"href":"https:\/\/brandss.com.py\/index\/wp-json\/wp\/v2\/comments?post=66585"}],"version-history":[{"count":1,"href":"https:\/\/brandss.com.py\/index\/wp-json\/wp\/v2\/product\/66585\/revisions"}],"predecessor-version":[{"id":66595,"href":"https:\/\/brandss.com.py\/index\/wp-json\/wp\/v2\/product\/66585\/revisions\/66595"}],"wp:featuredmedia":[{"embeddable":true,"href":"https:\/\/brandss.com.py\/index\/wp-json\/wp\/v2\/media\/66586"}],"wp:attachment":[{"href":"https:\/\/brandss.com.py\/index\/wp-json\/wp\/v2\/media?parent=66585"}],"wp:term":[{"taxonomy":"product_brand","embeddable":true,"href":"https:\/\/brandss.com.py\/index\/wp-json\/wp\/v2\/product_brand?post=66585"},{"taxonomy":"product_cat","embeddable":true,"href":"https:\/\/brandss.com.py\/index\/wp-json\/wp\/v2\/product_cat?post=66585"},{"taxonomy":"product_tag","embeddable":true,"href":"https:\/\/brandss.com.py\/index\/wp-json\/wp\/v2\/product_tag?post=66585"}],"curies":[{"name":"wp","href":"https:\/\/api.w.org\/{rel}","templated":true}]}}