{"id":66600,"date":"2025-01-18T12:25:39","date_gmt":"2025-01-18T12:25:39","guid":{"rendered":"https:\/\/brandss.com.py\/index\/?post_type=product&#038;p=66600"},"modified":"2026-04-11T13:22:43","modified_gmt":"2026-04-11T13:22:43","slug":"leggings-deportivo-femenino-adidas-techfit-3-stripes","status":"publish","type":"product","link":"https:\/\/brandss.com.py\/index\/producto\/leggings-deportivo-femenino-adidas-techfit-3-stripes\/","title":{"rendered":"LEGGINGS DEPORTIVO FEMENINO ADIDAS TECHFIT 3 STRIPES"},"content":{"rendered":"<p><img loading=\"lazy\" decoding=\"async\" class=\"\" src=\"https:\/\/upload.wikimedia.org\/wikipedia\/commons\/2\/24\/Adidas_logo.png\" alt=\"Archivo:Adidas logo.png - Wikipedia, la enciclopedia libre\" width=\"89\" height=\"60\" \/><\/p>\n<h1>TECHFIT 3 STRIPES<\/h1>\n<h3 class=\"subtitle___9ljbp\">Maximiza tu potencial<\/h3>\n<div class=\"value content product-sub-headline\"><span>Mallas de entrenamiento para mayor comodidad y rendimiento, fabricadas en parte con materiales reciclados.<\/span><\/div>\n<div class=\"value content product-desc-short\"><span>Desde sentadillas hasta entrenamiento de fuerza o la barra de jugos despu\u00e9s del gimnasio, estas mallas adidas garantizan que todos tus movimientos se sientan respaldados. Est\u00e1n dise\u00f1adas con AEROREADY para mantenerte seco a medida que aumenta tu frecuencia card\u00edaca y tienen una malla transpirable justo donde m\u00e1s la necesitas. Ya sea que las combine con pantalones cortos o las use solas, las 3 rayas en las piernas indican tu compromiso de darlo todo.<\/span><\/div>\n<p class=\"gl-vspace\">Completa una sesi\u00f3n de fuerza y despu\u00e9s t\u00f3mate un merecido descanso en tu cafeter\u00eda favorita. Estas mallas adidas te garantizan la m\u00e1xima sujeci\u00f3n en todos tus movimientos. El tejido transpirable AEROREADY mantiene la piel seca y los paneles de malla favorecen la ventilaci\u00f3n donde m\u00e1s la necesitas. Solas o combinadas con un pantal\u00f3n corto, las 3 bandas en las perneras te garantizan un estilo deportivo genuino.<\/p>\n<h3 class=\"highlight-text__headline___25B2G\">Contiene materiales reciclados<\/h3>\n<p>Este producto se ha fabricado con diferentes materiales t\u00e9cnicos y contiene al menos un 60% de material reciclado. Su objetivo es plantear otra soluci\u00f3n m\u00e1s que ayude a eliminar los residuos pl\u00e1sticos.<\/p>\n<h3 class=\"highlight-text__headline___25B2G\">Confort total<\/h3>\n<p>La tecnolog\u00eda AEROREADY mantiene la piel seca para que te concentres \u00fanicamente en rendir al m\u00e1ximo.<\/p>\n<h3 class=\"highlight-text__headline___25B2G\">Compresi\u00f3n baja\/media<\/h3>\n<p>La tecnolog\u00eda Techfit te brinda un ajuste de compresi\u00f3n que se adapta a tu silueta y evita las distracciones.<\/p>\n<div class=\"accordion__header-text___2o9Im\">\n<h2 class=\"accordion-title___2sTgR\">Caracter\u00edsticas<\/h2>\n<\/div>\n<div class=\"accordion__header-icon___2FuRa\"><\/div>\n<div class=\"accordion__content___29x9h\">\n<div class=\"content-padding___2kVWQ\">\n<div class=\"features-section___1pumR\">\n<div class=\"item___1X-1_\"><img decoding=\"async\" class=\"img_with_fallback___2aHBu feature-icon___3S9eQ\" src=\"https:\/\/brand.assets.adidas.com\/image\/upload\/waist_high_b13226f1e7.png\" alt=\"\" data-auto-id=\"image\" \/><\/p>\n<p class=\"feature-icon-text___3Owgv\">Talle alto<\/p>\n<\/div>\n<div class=\"item___1X-1_\"><img decoding=\"async\" class=\"img_with_fallback___2aHBu feature-icon___3S9eQ\" src=\"https:\/\/brand.assets.adidas.com\/image\/upload\/lenght_78_1ca2988f64.png\" alt=\"\" data-auto-id=\"image\" \/><\/p>\n<p class=\"feature-icon-text___3Owgv\">Largo extra (7\/8)<\/p>\n<\/div>\n<div class=\"item___1X-1_\"><img decoding=\"async\" class=\"img_with_fallback___2aHBu feature-icon___3S9eQ\" src=\"https:\/\/brand.assets.adidas.com\/image\/upload\/tech_aeroready_c05f642f69.png\" alt=\"\" data-auto-id=\"image\" \/><\/p>\n<p class=\"feature-icon-text___3Owgv\">AEROREADY<\/p>\n<p class=\"feature-icon-summary-small___31Rc0\">Transpirable<\/p>\n<div class=\"accordion__header-text___2o9Im\">\n<h2 class=\"accordion-title___2sTgR\">Cuidados<\/h2>\n<\/div>\n<div class=\"accordion__header-icon___2FuRa\"><\/div>\n<div class=\"accordion__content___29x9h\">\n<div class=\"content-padding___2kVWQ\">\n<div class=\"care___2GwB4\" data-auto-id=\"pdp-content-care\">\n<div class=\"care-instructions___3scEd\">\n<h4 class=\"care-title___2YJe1 gl-no-margin-bottom\">Instrucciones de lavado<\/h4>\n<ul class=\"\">\n<li class=\"gl-vspace-bpall-small\"><img loading=\"lazy\" decoding=\"async\" src=\"https:\/\/www.adidas.es\/glass\/react\/f1485b8\/assets\/img\/washing-instructions\/B1.svg\" alt=\"\" width=\"24\" height=\"24\" \/>No usar lej\u00eda<\/li>\n<li class=\"gl-vspace-bpall-small\"><img loading=\"lazy\" decoding=\"async\" src=\"https:\/\/www.adidas.es\/glass\/react\/f1485b8\/assets\/img\/washing-instructions\/C1.svg\" alt=\"\" width=\"24\" height=\"24\" \/>No usar secadora<\/li>\n<li class=\"gl-vspace-bpall-small\"><img loading=\"lazy\" decoding=\"async\" src=\"https:\/\/www.adidas.es\/glass\/react\/f1485b8\/assets\/img\/washing-instructions\/E1.svg\" alt=\"\" width=\"24\" height=\"24\" \/>No lavar en seco<\/li>\n<li class=\"gl-vspace-bpall-small\"><img loading=\"lazy\" decoding=\"async\" src=\"https:\/\/www.adidas.es\/glass\/react\/f1485b8\/assets\/img\/washing-instructions\/D2.svg\" alt=\"\" width=\"24\" height=\"24\" \/>Planchar a temperatura baja<\/li>\n<li class=\"gl-vspace-bpall-small\"><img loading=\"lazy\" decoding=\"async\" src=\"https:\/\/www.adidas.es\/glass\/react\/f1485b8\/assets\/img\/washing-instructions\/A3.svg\" alt=\"\" width=\"24\" height=\"24\" \/>Lavar a m\u00e1quina en agua fr\u00eda<\/li>\n<\/ul>\n<\/div>\n<div class=\"extra-instructions___2TR8b\">\n<h4 class=\"care-title___2YJe1 gl-no-margin-bottom\">Informaci\u00f3n adicional sobre el cuidado<\/h4>\n<ul class=\"gl-list gl-vspace-bpall-small\">\n<li class=\"gl-vspace-bpall-small\">Retirar inmediatamente despu\u00e9s del lavado<\/li>\n<li class=\"gl-vspace-bpall-small\">Usar solo detergentes suaves<\/li>\n<li class=\"gl-vspace-bpall-small\">No usar suavizante<\/li>\n<li class=\"gl-vspace-bpall-small\">Lavar la prenda del rev\u00e9s y por separado<\/li>\n<\/ul>\n<div class=\"accordion__header-text___2o9Im\">\n<h2 class=\"accordion-title___2sTgR\">Detalles<\/h2>\n<\/div>\n<div class=\"accordion__header-icon___2FuRa\"><\/div>\n<div class=\"accordion__content___29x9h\">\n<div class=\"content-padding___2kVWQ\">\n<div class=\"bullets___3bsSs\" data-auto-id=\"specifications-section\">\n<ul class=\"gl-list\">\n<li class=\"gl-vspace-bpall-small\">Corte ajustado con talle alto<\/li>\n<li class=\"gl-vspace-bpall-small\">Cintura el\u00e1stica<\/li>\n<li class=\"gl-vspace-bpall-small\">73% poli\u00e9ster (reciclado) \/ 27% elast\u00e1n<\/li>\n<li class=\"gl-vspace-bpall-small\">Compresi\u00f3n baja\/media<\/li>\n<li class=\"gl-vspace-bpall-small\">Tejido transpirable AEROREADY<\/li>\n<li class=\"gl-vspace-bpall-small\">Tecnolog\u00eda Techfit para una mayor sujeci\u00f3n muscular<\/li>\n<li class=\"gl-vspace-bpall-small\">Paneles de malla en las zonas m\u00e1s expuestas al sudor<\/li>\n<li class=\"gl-vspace-bpall-small\">Color: Black<\/li>\n<li class=\"gl-vspace-bpall-small\">Modelo: HF6684<\/li>\n<\/ul>\n<\/div>\n<\/div>\n<\/div>\n<\/div>\n<\/div>\n<\/div>\n<\/div>\n<\/div>\n<\/div>\n<\/div>\n<\/div>\n","protected":false},"excerpt":{"rendered":"<p>TECHFIT 3 STRIPES Maximiza tu potencial Mallas de entrenamiento para mayor comodidad y rendimiento, fabricadas en parte con materiales reciclados.<\/p>\n","protected":false},"featured_media":66601,"comment_status":"open","ping_status":"closed","template":"","meta":{"nf_dc_page":""},"product_brand":[],"product_cat":[73],"product_tag":[],"class_list":{"0":"post-66600","1":"product","2":"type-product","3":"status-publish","4":"has-post-thumbnail","6":"product_cat-femenino","8":"first","9":"outofstock","10":"shipping-taxable","11":"purchasable","12":"product-type-simple"},"_links":{"self":[{"href":"https:\/\/brandss.com.py\/index\/wp-json\/wp\/v2\/product\/66600","targetHints":{"allow":["GET"]}}],"collection":[{"href":"https:\/\/brandss.com.py\/index\/wp-json\/wp\/v2\/product"}],"about":[{"href":"https:\/\/brandss.com.py\/index\/wp-json\/wp\/v2\/types\/product"}],"replies":[{"embeddable":true,"href":"https:\/\/brandss.com.py\/index\/wp-json\/wp\/v2\/comments?post=66600"}],"version-history":[{"count":1,"href":"https:\/\/brandss.com.py\/index\/wp-json\/wp\/v2\/product\/66600\/revisions"}],"predecessor-version":[{"id":66612,"href":"https:\/\/brandss.com.py\/index\/wp-json\/wp\/v2\/product\/66600\/revisions\/66612"}],"wp:featuredmedia":[{"embeddable":true,"href":"https:\/\/brandss.com.py\/index\/wp-json\/wp\/v2\/media\/66601"}],"wp:attachment":[{"href":"https:\/\/brandss.com.py\/index\/wp-json\/wp\/v2\/media?parent=66600"}],"wp:term":[{"taxonomy":"product_brand","embeddable":true,"href":"https:\/\/brandss.com.py\/index\/wp-json\/wp\/v2\/product_brand?post=66600"},{"taxonomy":"product_cat","embeddable":true,"href":"https:\/\/brandss.com.py\/index\/wp-json\/wp\/v2\/product_cat?post=66600"},{"taxonomy":"product_tag","embeddable":true,"href":"https:\/\/brandss.com.py\/index\/wp-json\/wp\/v2\/product_tag?post=66600"}],"curies":[{"name":"wp","href":"https:\/\/api.w.org\/{rel}","templated":true}]}}