{"id":66626,"date":"2025-01-18T13:52:26","date_gmt":"2025-01-18T13:52:26","guid":{"rendered":"https:\/\/brandss.com.py\/index\/?post_type=product&#038;p=66626"},"modified":"2025-01-18T13:54:04","modified_gmt":"2025-01-18T13:54:04","slug":"pantalon-deportivo-femenino-adidas-cuffed","status":"publish","type":"product","link":"https:\/\/brandss.com.py\/index\/producto\/pantalon-deportivo-femenino-adidas-cuffed\/","title":{"rendered":"PANTAL\u00d3N DEPORTIVO FEMENINO ADIDAS CUFFED"},"content":{"rendered":"<p><img loading=\"lazy\" decoding=\"async\" class=\"\" src=\"https:\/\/upload.wikimedia.org\/wikipedia\/commons\/2\/24\/Adidas_logo.png\" alt=\"Archivo:Adidas logo.png - Wikipedia, la enciclopedia libre\" width=\"88\" height=\"59\" \/><\/p>\n<h1>CUFFED<\/h1>\n<p>Agrega gran comodidad a un estilo limpio. Pantalones de mujer que dan un aspecto fresco a tu estilo de descanso diario. Acentuado con un tr\u00e9bol repetido en la cintura. Confeccionada en felpa francesa, que es extremadamente suave y se siente muy bien contra la piel, los detalles el\u00e1sticos mejoran el ajuste. Adem\u00e1s, al comprar este producto de algod\u00f3n, puedes contribuir a apoyar un cultivo de algod\u00f3n m\u00e1s sostenible.<\/p>\n<p>&nbsp;<\/p>\n<div>\n<ul>\n<li><span>Pantal\u00f3n deportivo de talle medio y corte regular en color blanco.\u00a0<\/span><\/li>\n<li><span>Fabricaci\u00f3n e interior en algod\u00f3n franc\u00e9s BCI.\u00a0<\/span><\/li>\n<li><span>Dos bolsillos laterales seguros con cremallera.\u00a0<\/span><\/li>\n<li><span>Cintura el\u00e1stica con cordones.\u00a0<\/span><\/li>\n<li><span>Inspirado en los a\u00f1os 90 revivido para la actualidad.\u00a0<\/span><\/li>\n<li><span>Pu\u00f1os el\u00e1sticos para mayor calidez.\u00a0<\/span><\/li>\n<li><span>Logotipo de Adidas debajo del bolsillo. <\/span><\/li>\n<li>Materiales: 100% algod\u00f3n franc\u00e9s Terry.<\/li>\n<li>Color: Chalk White<\/li>\n<li>Modelo: HE6883<\/li>\n<\/ul>\n<\/div>\n","protected":false},"excerpt":{"rendered":"<p>CUFFED Agrega gran comodidad a un estilo limpio. Pantalones de mujer que dan un aspecto fresco a tu estilo de<\/p>\n","protected":false},"featured_media":66628,"comment_status":"open","ping_status":"closed","template":"","meta":{"nf_dc_page":""},"product_brand":[],"product_cat":[73],"product_tag":[],"class_list":{"0":"post-66626","1":"product","2":"type-product","3":"status-publish","4":"has-post-thumbnail","6":"product_cat-femenino","8":"first","9":"instock","10":"shipping-taxable","11":"purchasable","12":"product-type-simple"},"_links":{"self":[{"href":"https:\/\/brandss.com.py\/index\/wp-json\/wp\/v2\/product\/66626","targetHints":{"allow":["GET"]}}],"collection":[{"href":"https:\/\/brandss.com.py\/index\/wp-json\/wp\/v2\/product"}],"about":[{"href":"https:\/\/brandss.com.py\/index\/wp-json\/wp\/v2\/types\/product"}],"replies":[{"embeddable":true,"href":"https:\/\/brandss.com.py\/index\/wp-json\/wp\/v2\/comments?post=66626"}],"version-history":[{"count":1,"href":"https:\/\/brandss.com.py\/index\/wp-json\/wp\/v2\/product\/66626\/revisions"}],"predecessor-version":[{"id":66636,"href":"https:\/\/brandss.com.py\/index\/wp-json\/wp\/v2\/product\/66626\/revisions\/66636"}],"wp:featuredmedia":[{"embeddable":true,"href":"https:\/\/brandss.com.py\/index\/wp-json\/wp\/v2\/media\/66628"}],"wp:attachment":[{"href":"https:\/\/brandss.com.py\/index\/wp-json\/wp\/v2\/media?parent=66626"}],"wp:term":[{"taxonomy":"product_brand","embeddable":true,"href":"https:\/\/brandss.com.py\/index\/wp-json\/wp\/v2\/product_brand?post=66626"},{"taxonomy":"product_cat","embeddable":true,"href":"https:\/\/brandss.com.py\/index\/wp-json\/wp\/v2\/product_cat?post=66626"},{"taxonomy":"product_tag","embeddable":true,"href":"https:\/\/brandss.com.py\/index\/wp-json\/wp\/v2\/product_tag?post=66626"}],"curies":[{"name":"wp","href":"https:\/\/api.w.org\/{rel}","templated":true}]}}