{"id":66637,"date":"2025-01-18T14:42:22","date_gmt":"2025-01-18T14:42:22","guid":{"rendered":"https:\/\/brandss.com.py\/index\/?post_type=product&#038;p=66637"},"modified":"2025-01-18T14:44:00","modified_gmt":"2025-01-18T14:44:00","slug":"pantalon-deportivo-femenino-adtidas-tiro-training-essentials","status":"publish","type":"product","link":"https:\/\/brandss.com.py\/index\/producto\/pantalon-deportivo-femenino-adtidas-tiro-training-essentials\/","title":{"rendered":"PANTAL\u00d3N DEPORTIVO FEMENINO ADIDAS TIRO TRAINING ESSENTIALS"},"content":{"rendered":"<p><img loading=\"lazy\" decoding=\"async\" class=\"\" src=\"https:\/\/upload.wikimedia.org\/wikipedia\/commons\/2\/24\/Adidas_logo.png\" alt=\"Archivo:Adidas logo.png - Wikipedia, la enciclopedia libre\" width=\"114\" height=\"77\" \/><\/p>\n<h1>TIRO TRAINING ESSENTIALS<\/h1>\n<p>Un look de f\u00fatbol para usar todos los d\u00edas. Estos pantalones adidas Tiro te llevar\u00e1n al campo de entrenamiento y m\u00e1s all\u00e1. La tecnolog\u00eda Aeroready que absorbe la humedad garantiza que te mantengas seco y fresco sin importar cu\u00e1n intenso sea tu d\u00eda. Las cremalleras en los tobillos te permiten pon\u00e9rtelos o quit\u00e1rtelos r\u00e1pidamente.<\/p>\n<ul>\n<li>Incorpora la tecnolog\u00eda de absorci\u00f3n AEROREADY que mantiene tu piel seca hasta en los d\u00edas m\u00e1s intensos.<\/li>\n<li>Los cierres en los tobillos te permiten pon\u00e9rtelo o quit\u00e1rtelo r\u00e1pidamente.<\/li>\n<li>Hecho con materiales 100% reciclados, este producto representa solo una de nuestras soluciones para acabar con los residuos pl\u00e1sticos.<\/li>\n<li class=\"gl-vspace-bpall-small\">Ajuste regular con tiro medio.<\/li>\n<li class=\"gl-vspace-bpall-small\">Cintura el\u00e1stica con cord\u00f3n.<\/li>\n<li class=\"gl-vspace-bpall-small\">Tejido de punto doble 100 % poli\u00e9ster reciclado<\/li>\n<li class=\"gl-vspace-bpall-small\">Aeroready que absorbe la humedad<\/li>\n<li class=\"gl-vspace-bpall-small\">Bolsillos laterales con cremallera<\/li>\n<li class=\"gl-vspace-bpall-small\">Cremalleras en los tobillos<\/li>\n<li>Color: Negro<\/li>\n<li>Modelo: H59988<\/li>\n<\/ul>\n","protected":false},"excerpt":{"rendered":"<p>TIRO TRAINING ESSENTIALS Un look de f\u00fatbol para usar todos los d\u00edas. Estos pantalones adidas Tiro te llevar\u00e1n al campo<\/p>\n","protected":false},"featured_media":66638,"comment_status":"open","ping_status":"closed","template":"","meta":{"nf_dc_page":""},"product_brand":[],"product_cat":[73],"product_tag":[],"class_list":{"0":"post-66637","1":"product","2":"type-product","3":"status-publish","4":"has-post-thumbnail","6":"product_cat-femenino","8":"first","9":"instock","10":"shipping-taxable","11":"purchasable","12":"product-type-simple"},"_links":{"self":[{"href":"https:\/\/brandss.com.py\/index\/wp-json\/wp\/v2\/product\/66637","targetHints":{"allow":["GET"]}}],"collection":[{"href":"https:\/\/brandss.com.py\/index\/wp-json\/wp\/v2\/product"}],"about":[{"href":"https:\/\/brandss.com.py\/index\/wp-json\/wp\/v2\/types\/product"}],"replies":[{"embeddable":true,"href":"https:\/\/brandss.com.py\/index\/wp-json\/wp\/v2\/comments?post=66637"}],"version-history":[{"count":2,"href":"https:\/\/brandss.com.py\/index\/wp-json\/wp\/v2\/product\/66637\/revisions"}],"predecessor-version":[{"id":66646,"href":"https:\/\/brandss.com.py\/index\/wp-json\/wp\/v2\/product\/66637\/revisions\/66646"}],"wp:featuredmedia":[{"embeddable":true,"href":"https:\/\/brandss.com.py\/index\/wp-json\/wp\/v2\/media\/66638"}],"wp:attachment":[{"href":"https:\/\/brandss.com.py\/index\/wp-json\/wp\/v2\/media?parent=66637"}],"wp:term":[{"taxonomy":"product_brand","embeddable":true,"href":"https:\/\/brandss.com.py\/index\/wp-json\/wp\/v2\/product_brand?post=66637"},{"taxonomy":"product_cat","embeddable":true,"href":"https:\/\/brandss.com.py\/index\/wp-json\/wp\/v2\/product_cat?post=66637"},{"taxonomy":"product_tag","embeddable":true,"href":"https:\/\/brandss.com.py\/index\/wp-json\/wp\/v2\/product_tag?post=66637"}],"curies":[{"name":"wp","href":"https:\/\/api.w.org\/{rel}","templated":true}]}}