{"id":66708,"date":"2025-01-18T18:21:59","date_gmt":"2025-01-18T18:21:59","guid":{"rendered":"https:\/\/brandss.com.py\/index\/?post_type=product&#038;p=66708"},"modified":"2026-04-11T13:20:38","modified_gmt":"2026-04-11T13:20:38","slug":"top-deportivo-femenino-adidas-karlie-kloss-knit-crop-mangas-largas","status":"publish","type":"product","link":"https:\/\/brandss.com.py\/index\/producto\/top-deportivo-femenino-adidas-karlie-kloss-knit-crop-mangas-largas\/","title":{"rendered":"TOP DEPORTIVO FEMENINO ADIDAS KARLIE KLOSS KNIT CROP MANGAS LARGAS"},"content":{"rendered":"<p><img loading=\"lazy\" decoding=\"async\" class=\"\" src=\"https:\/\/upload.wikimedia.org\/wikipedia\/commons\/2\/24\/Adidas_logo.png\" alt=\"Archivo:Adidas logo.png - Wikipedia, la enciclopedia libre\" width=\"104\" height=\"70\" \/><\/p>\n<h1>KARLIE KLOSS KNIT CROP<\/h1>\n<h3 class=\"subtitle___9ljbp\"><span>Una camiseta de entrenamiento vanguardista, confeccionada en parte con materiales reciclados.<\/span><\/h3>\n<p class=\"gl-vspace\"><span>C\u00fabrete mientras haces ejercicio o presume cuando no lo est\u00e9s haciendo con este top corto de adidas. Los detalles sofisticados, como una cremallera expuesta y un dise\u00f1o de la modelo Karlie Kloss, llevan tu juego al siguiente nivel. Mu\u00e9vete con libertad y comodidad con un tejido suave y una sensaci\u00f3n sin costuras. Escanea el c\u00f3digo QR en la parte posterior para experimentar un sitio web exclusivo de Karlie Kloss. Fabricado con una serie de materiales reciclados y al menos un 60 % de contenido reciclado, este producto representa solo una de nuestras soluciones para ayudar a terminar con los desechos pl\u00e1sticos.<\/span><\/p>\n<div class=\"accordion__header-text___2o9Im\">\n<h2 class=\"accordion-title___2sTgR\"><span>Cuidado<\/span><\/h2>\n<\/div>\n<div class=\"accordion__header-icon___2FuRa\"><\/div>\n<div class=\"accordion__content___29x9h\">\n<div class=\"content-padding___2kVWQ\">\n<div class=\"care___2GwB4\" data-auto-id=\"pdp-content-care\">\n<div class=\"care-instructions___3scEd\">\n<h4 class=\"care-title___2YJe1 gl-no-margin-bottom\">Instrucciones de lavado<\/h4>\n<ul class=\"\">\n<li class=\"gl-vspace-bpall-small\"><img loading=\"lazy\" decoding=\"async\" src=\"https:\/\/www.adidas.com.au\/glass\/react\/f1485b8\/assets\/img\/washing-instructions\/B1.svg\" alt=\"\" width=\"24\" height=\"24\" \/>No usa blanqueador<\/li>\n<li class=\"gl-vspace-bpall-small\"><img loading=\"lazy\" decoding=\"async\" src=\"https:\/\/www.adidas.com.au\/glass\/react\/f1485b8\/assets\/img\/washing-instructions\/C1.svg\" alt=\"\" width=\"24\" height=\"24\" \/>No secar en secadora<\/li>\n<li class=\"gl-vspace-bpall-small\"><img loading=\"lazy\" decoding=\"async\" src=\"https:\/\/www.adidas.com.au\/glass\/react\/f1485b8\/assets\/img\/washing-instructions\/E1.svg\" alt=\"\" width=\"24\" height=\"24\" \/>No lavar en seco<\/li>\n<li class=\"gl-vspace-bpall-small\"><img loading=\"lazy\" decoding=\"async\" src=\"https:\/\/www.adidas.com.au\/glass\/react\/f1485b8\/assets\/img\/washing-instructions\/D1.svg\" alt=\"\" width=\"24\" height=\"24\" \/>No planchar<\/li>\n<li class=\"gl-vspace-bpall-small\"><img loading=\"lazy\" decoding=\"async\" src=\"https:\/\/www.adidas.com.au\/glass\/react\/f1485b8\/assets\/img\/washing-instructions\/A4.svg\" alt=\"\" width=\"24\" height=\"24\" \/>Lavar a m\u00e1quina en ciclo delicado con agua fr\u00eda.<\/li>\n<\/ul>\n<\/div>\n<div class=\"extra-instructions___2TR8b\">\n<h4 class=\"care-title___2YJe1 gl-no-margin-bottom\">Informaci\u00f3n de cuidados adicionales<\/h4>\n<ul class=\"gl-list gl-vspace-bpall-small\">\n<li class=\"gl-vspace-bpall-small\">No utilice suavizante de telas.<\/li>\n<li class=\"gl-vspace-bpall-small\">Utilice un detergente suave<\/li>\n<li class=\"gl-vspace-bpall-small\">Lavar con los cierres cerrados<\/li>\n<\/ul>\n<div class=\"accordion__header-text___2o9Im\">\n<h2 class=\"accordion-title___2sTgR\"><span>Detalles<\/span><\/h2>\n<\/div>\n<div class=\"accordion__header-icon___2FuRa\"><\/div>\n<div class=\"accordion__content___29x9h\">\n<div class=\"content-padding___2kVWQ\">\n<div class=\"bullets___3bsSs\" data-auto-id=\"specifications-section\">\n<ul class=\"gl-list\">\n<li class=\"gl-vspace-bpall-small\"><span>Ajuste ce\u00f1ido<\/span><\/li>\n<li class=\"gl-vspace-bpall-small\"><span>Cremallera completa con cuello alto acanalado<\/span><\/li>\n<li class=\"gl-vspace-bpall-small\"><span>80% poli\u00e9ster (reciclado), 15% nailon (reciclado), 5% elastano<\/span><\/li>\n<li class=\"gl-vspace-bpall-small\"><span>Mangas largas<\/span><\/li>\n<li class=\"gl-vspace-bpall-small\"><span>Largo recortado<\/span><\/li>\n<li class=\"gl-vspace-bpall-small\"><span>Agujeros para los pulgares en las mangas<\/span><\/li>\n<li class=\"gl-vspace-bpall-small\"><span>Parche de c\u00f3digo QR en la parte superior de la espalda<\/span><\/li>\n<li><span>Sin costura<\/span><\/li>\n<li class=\"gl-vspace-bpall-small\"><span>Color: \u00cdndigo oscuro \/ Mesa<\/span><\/li>\n<li class=\"gl-vspace-bpall-small\"><span>Modelo: HB1427<\/span><\/li>\n<\/ul>\n<\/div>\n<\/div>\n<\/div>\n<\/div>\n<\/div>\n<\/div>\n<\/div>\n","protected":false},"excerpt":{"rendered":"<p>KARLIE KLOSS KNIT CROP Una camiseta de entrenamiento vanguardista, confeccionada en parte con materiales reciclados. C\u00fabrete mientras haces ejercicio o<\/p>\n","protected":false},"featured_media":66713,"comment_status":"open","ping_status":"closed","template":"","meta":{"nf_dc_page":""},"product_brand":[],"product_cat":[73],"product_tag":[],"class_list":{"0":"post-66708","1":"product","2":"type-product","3":"status-publish","4":"has-post-thumbnail","6":"product_cat-femenino","8":"first","9":"outofstock","10":"shipping-taxable","11":"purchasable","12":"product-type-simple"},"_links":{"self":[{"href":"https:\/\/brandss.com.py\/index\/wp-json\/wp\/v2\/product\/66708","targetHints":{"allow":["GET"]}}],"collection":[{"href":"https:\/\/brandss.com.py\/index\/wp-json\/wp\/v2\/product"}],"about":[{"href":"https:\/\/brandss.com.py\/index\/wp-json\/wp\/v2\/types\/product"}],"replies":[{"embeddable":true,"href":"https:\/\/brandss.com.py\/index\/wp-json\/wp\/v2\/comments?post=66708"}],"version-history":[{"count":1,"href":"https:\/\/brandss.com.py\/index\/wp-json\/wp\/v2\/product\/66708\/revisions"}],"predecessor-version":[{"id":66719,"href":"https:\/\/brandss.com.py\/index\/wp-json\/wp\/v2\/product\/66708\/revisions\/66719"}],"wp:featuredmedia":[{"embeddable":true,"href":"https:\/\/brandss.com.py\/index\/wp-json\/wp\/v2\/media\/66713"}],"wp:attachment":[{"href":"https:\/\/brandss.com.py\/index\/wp-json\/wp\/v2\/media?parent=66708"}],"wp:term":[{"taxonomy":"product_brand","embeddable":true,"href":"https:\/\/brandss.com.py\/index\/wp-json\/wp\/v2\/product_brand?post=66708"},{"taxonomy":"product_cat","embeddable":true,"href":"https:\/\/brandss.com.py\/index\/wp-json\/wp\/v2\/product_cat?post=66708"},{"taxonomy":"product_tag","embeddable":true,"href":"https:\/\/brandss.com.py\/index\/wp-json\/wp\/v2\/product_tag?post=66708"}],"curies":[{"name":"wp","href":"https:\/\/api.w.org\/{rel}","templated":true}]}}