{"id":66725,"date":"2025-01-18T18:38:01","date_gmt":"2025-01-18T18:38:01","guid":{"rendered":"https:\/\/brandss.com.py\/index\/?post_type=product&#038;p=66725"},"modified":"2026-04-11T13:20:38","modified_gmt":"2026-04-11T13:20:38","slug":"camiseta-deportivo-femenino-adidas-stella-mccarney-truestrength-cropped-mangas-largas","status":"publish","type":"product","link":"https:\/\/brandss.com.py\/index\/producto\/camiseta-deportivo-femenino-adidas-stella-mccarney-truestrength-cropped-mangas-largas\/","title":{"rendered":"CAMISETA DEPORTIVO FEMENINO ADIDAS STELLA McCARNEY TRUESTRENGTH CROPPED MANGAS LARGAS"},"content":{"rendered":"<p><img loading=\"lazy\" decoding=\"async\" class=\"\" src=\"https:\/\/upload.wikimedia.org\/wikipedia\/commons\/2\/24\/Adidas_logo.png\" alt=\"Archivo:Adidas logo.png - Wikipedia, la enciclopedia libre\" width=\"80\" height=\"54\" \/><\/p>\n<h1>STELLA McCARNEY TRUESTRENGTH CROPPED<\/h1>\n<div class=\"product-name\"><span>Camiseta de manga larga corta TrueStrength de adidas by Stella McCartney<\/span><\/div>\n<div class=\"value content product-sub-headline\"><span>Un top ajustado confeccionado en parte con una mezcla de materiales reciclados y renovables.<\/span><\/div>\n<div class=\"value content product-desc-short\"><span>Cuando parece que no hay suficientes horas en el d\u00eda, puedes confiar en lo b\u00e1sico. La camiseta de manga larga corta de adidas by Stella McCartney es la camiseta b\u00e1sica con un corte sofisticado que no puede faltar en tu armario de entrenamiento. En cuanto te la pongas, sentir\u00e1s el soporte que te proporciona el ajuste ce\u00f1ido de la camiseta. El sudor no te impedir\u00e1 las clases de HIIT o yoga m\u00e1s intensas. El tejido suave, fabricado en parte con materiales reciclados y recursos renovables, absorbe la humedad. La elegante espalda abierta realza el dise\u00f1o minimalista y el color liso. Combina esta camiseta con unas mallas o unos pantalones de ch\u00e1ndal tejidos con estampado. Todo vale. Al elegir materiales reciclados, podemos reutilizar materiales que ya se han creado, lo que ayuda a reducir los residuos. La elecci\u00f3n de materiales renovables nos ayudar\u00e1 a eliminar nuestra dependencia de recursos finitos. Nuestros productos fabricados con una mezcla de materiales reciclados y renovables contienen al menos un 70 % de estos materiales.<\/span><\/div>\n<div>\n<div class=\"col-12\">\n<h2 class=\"title accordionParent\"><a data-tracking-link=\"PDP-main-content-_-product details\"><span>Detalles del producto<\/span><\/a><\/h2>\n<\/div>\n<div class=\"col-12 value content accordionChild\">\n<ul class=\"product-bullets list-unstyled\">\n<li class=\"product-bullet\"><span>Ajuste ce\u00f1ido<\/span><\/li>\n<li class=\"product-bullet\"><span>Cuello redondo acanalado<\/span><\/li>\n<li class=\"product-bullet\"><span>64 % modal, 27 % nailon (reciclado), 9 % elastano<\/span><\/li>\n<li class=\"product-bullet\"><span>Largo recortado con dobladillo el\u00e1stico.<\/span><\/li>\n<li class=\"product-bullet\"><span>Agujeros para los pulgares en las mangas<\/span><\/li>\n<li class=\"product-bullet\"><span>Logotipo de adidas x Stella McCartney<\/span><\/li>\n<li class=\"product-bullet\"><span>Contiene un m\u00ednimo de 70% de contenido reciclado y renovable.<\/span><\/li>\n<li class=\"product-bullet\"><span>Este producto est\u00e1 elaborado con fibras celul\u00f3sicas regeneradas a partir de madera cultivada de forma sostenible.<\/span><\/li>\n<li class=\"product-bullet\"><span>Entrelazar<\/span><\/li>\n<li class=\"product-bullet\"><span>Espalda abierta<\/span><\/li>\n<li>Color: Negro.<\/li>\n<li>Modelo: HB6074<\/li>\n<\/ul>\n<\/div>\n<\/div>\n","protected":false},"excerpt":{"rendered":"<p>STELLA McCARNEY TRUESTRENGTH CROPPED Camiseta de manga larga corta TrueStrength de adidas by Stella McCartney Un top ajustado confeccionado en<\/p>\n","protected":false},"featured_media":66726,"comment_status":"open","ping_status":"closed","template":"","meta":{"nf_dc_page":""},"product_brand":[],"product_cat":[73],"product_tag":[],"class_list":{"0":"post-66725","1":"product","2":"type-product","3":"status-publish","4":"has-post-thumbnail","6":"product_cat-femenino","8":"first","9":"outofstock","10":"shipping-taxable","11":"purchasable","12":"product-type-simple"},"_links":{"self":[{"href":"https:\/\/brandss.com.py\/index\/wp-json\/wp\/v2\/product\/66725","targetHints":{"allow":["GET"]}}],"collection":[{"href":"https:\/\/brandss.com.py\/index\/wp-json\/wp\/v2\/product"}],"about":[{"href":"https:\/\/brandss.com.py\/index\/wp-json\/wp\/v2\/types\/product"}],"replies":[{"embeddable":true,"href":"https:\/\/brandss.com.py\/index\/wp-json\/wp\/v2\/comments?post=66725"}],"version-history":[{"count":1,"href":"https:\/\/brandss.com.py\/index\/wp-json\/wp\/v2\/product\/66725\/revisions"}],"predecessor-version":[{"id":66731,"href":"https:\/\/brandss.com.py\/index\/wp-json\/wp\/v2\/product\/66725\/revisions\/66731"}],"wp:featuredmedia":[{"embeddable":true,"href":"https:\/\/brandss.com.py\/index\/wp-json\/wp\/v2\/media\/66726"}],"wp:attachment":[{"href":"https:\/\/brandss.com.py\/index\/wp-json\/wp\/v2\/media?parent=66725"}],"wp:term":[{"taxonomy":"product_brand","embeddable":true,"href":"https:\/\/brandss.com.py\/index\/wp-json\/wp\/v2\/product_brand?post=66725"},{"taxonomy":"product_cat","embeddable":true,"href":"https:\/\/brandss.com.py\/index\/wp-json\/wp\/v2\/product_cat?post=66725"},{"taxonomy":"product_tag","embeddable":true,"href":"https:\/\/brandss.com.py\/index\/wp-json\/wp\/v2\/product_tag?post=66725"}],"curies":[{"name":"wp","href":"https:\/\/api.w.org\/{rel}","templated":true}]}}