{"id":66740,"date":"2025-01-18T18:58:21","date_gmt":"2025-01-18T18:58:21","guid":{"rendered":"https:\/\/brandss.com.py\/index\/?post_type=product&#038;p=66740"},"modified":"2025-01-18T18:58:59","modified_gmt":"2025-01-18T18:58:59","slug":"camiseta-deportivo-femenino-adidas-training-dance-mangas-largas-cropped","status":"publish","type":"product","link":"https:\/\/brandss.com.py\/index\/producto\/camiseta-deportivo-femenino-adidas-training-dance-mangas-largas-cropped\/","title":{"rendered":"CAMISETA DEPORTIVO FEMENINO ADIDAS TRAINING DANCE MANGAS LARGAS CROPPED"},"content":{"rendered":"<p><img loading=\"lazy\" decoding=\"async\" class=\"\" src=\"https:\/\/upload.wikimedia.org\/wikipedia\/commons\/2\/24\/Adidas_logo.png\" alt=\"Archivo:Adidas logo.png - Wikipedia, la enciclopedia libre\" width=\"111\" height=\"75\" \/><\/p>\n<h1>TRAINING DANCE<\/h1>\n<div class=\"product-name\"><span>Camiseta de manga larga para entrenamiento de baile<\/span><\/div>\n<div class=\"value content product-sub-headline\"><span>Una camiseta corta con un estilo elevado, confeccionada en parte con materiales reciclados.<\/span><\/div>\n<div class=\"value content product-desc-short\"><span>Baila sin distracciones con esta camiseta de entrenamiento de manga larga de adidas. La tela ajustada y el\u00e1stica se adapta a tu cuerpo para que puedas moverte con libertad, mientras que la tecnolog\u00eda AEROREADY que controla la humedad te mantiene seco. Una tira de cordones se ata detr\u00e1s del cuello para lograr un estilo \u00fanico. Fabricada con una serie de materiales reciclados y al menos un 70 % de contenido reciclado, este producto representa solo una de nuestras soluciones para ayudar a terminar con los desechos pl\u00e1sticos.<\/span><\/div>\n<div>\n<div class=\"col-12\">\n<h2 class=\"title accordionParent\"><a data-tracking-link=\"PDP-main-content-_-product details\"><span>Detalles del producto<\/span><\/a><\/h2>\n<\/div>\n<div class=\"col-12 value content accordionChild\">\n<ul class=\"product-bullets list-unstyled\">\n<li class=\"product-bullet\"><span>Ajuste ce\u00f1ido<\/span><\/li>\n<li class=\"product-bullet\"><span>Cuello ancho<\/span><\/li>\n<li class=\"product-bullet\"><span>85% poli\u00e9ster (reciclado), 15% elastano<\/span><\/li>\n<li class=\"product-bullet\"><span>AEROREADY<\/span><\/li>\n<li>Color: Negro.<\/li>\n<li>Modelo: HS2326<\/li>\n<\/ul>\n<\/div>\n<\/div>\n","protected":false},"excerpt":{"rendered":"<p>TRAINING DANCE Camiseta de manga larga para entrenamiento de baile Una camiseta corta con un estilo elevado, confeccionada en parte<\/p>\n","protected":false},"featured_media":66741,"comment_status":"open","ping_status":"closed","template":"","meta":{"nf_dc_page":""},"product_brand":[],"product_cat":[73],"product_tag":[],"class_list":{"0":"post-66740","1":"product","2":"type-product","3":"status-publish","4":"has-post-thumbnail","6":"product_cat-femenino","8":"first","9":"instock","10":"shipping-taxable","11":"purchasable","12":"product-type-simple"},"_links":{"self":[{"href":"https:\/\/brandss.com.py\/index\/wp-json\/wp\/v2\/product\/66740","targetHints":{"allow":["GET"]}}],"collection":[{"href":"https:\/\/brandss.com.py\/index\/wp-json\/wp\/v2\/product"}],"about":[{"href":"https:\/\/brandss.com.py\/index\/wp-json\/wp\/v2\/types\/product"}],"replies":[{"embeddable":true,"href":"https:\/\/brandss.com.py\/index\/wp-json\/wp\/v2\/comments?post=66740"}],"version-history":[{"count":1,"href":"https:\/\/brandss.com.py\/index\/wp-json\/wp\/v2\/product\/66740\/revisions"}],"predecessor-version":[{"id":66747,"href":"https:\/\/brandss.com.py\/index\/wp-json\/wp\/v2\/product\/66740\/revisions\/66747"}],"wp:featuredmedia":[{"embeddable":true,"href":"https:\/\/brandss.com.py\/index\/wp-json\/wp\/v2\/media\/66741"}],"wp:attachment":[{"href":"https:\/\/brandss.com.py\/index\/wp-json\/wp\/v2\/media?parent=66740"}],"wp:term":[{"taxonomy":"product_brand","embeddable":true,"href":"https:\/\/brandss.com.py\/index\/wp-json\/wp\/v2\/product_brand?post=66740"},{"taxonomy":"product_cat","embeddable":true,"href":"https:\/\/brandss.com.py\/index\/wp-json\/wp\/v2\/product_cat?post=66740"},{"taxonomy":"product_tag","embeddable":true,"href":"https:\/\/brandss.com.py\/index\/wp-json\/wp\/v2\/product_tag?post=66740"}],"curies":[{"name":"wp","href":"https:\/\/api.w.org\/{rel}","templated":true}]}}