{"id":66748,"date":"2025-01-18T19:19:35","date_gmt":"2025-01-18T19:19:35","guid":{"rendered":"https:\/\/brandss.com.py\/index\/?post_type=product&#038;p=66748"},"modified":"2025-02-04T10:32:00","modified_gmt":"2025-02-04T10:32:00","slug":"camiseta-deportivo-femenino-adidas-studio-lounge-con-capucha-sin-mangas","status":"publish","type":"product","link":"https:\/\/brandss.com.py\/index\/producto\/camiseta-deportivo-femenino-adidas-studio-lounge-con-capucha-sin-mangas\/","title":{"rendered":"CAMISETA DEPORTIVO FEMENINO ADIDAS STUDIO LOUNGE CON CAPUCHA SIN MANGAS"},"content":{"rendered":"<p><img loading=\"lazy\" decoding=\"async\" class=\"\" src=\"https:\/\/upload.wikimedia.org\/wikipedia\/commons\/2\/24\/Adidas_logo.png\" alt=\"Archivo:Adidas logo.png - Wikipedia, la enciclopedia libre\" width=\"110\" height=\"74\" \/><\/p>\n<h1>STUDIO LOUNGE<\/h1>\n<h3 class=\"subtitle___9ljbp\"><span>Una blusa te\u00f1ida de forma natural para un estilo relajado y f\u00e1cil.<\/span><\/h3>\n<p class=\"gl-vspace\"><span>Hablemos de prendas para cubrirnos un segundo. Esta camiseta de adidas, en concreto. Despu\u00e9s de clase, te mantiene con energ\u00eda y comodidad, y te asegura que nada te impida seguir con esa buena onda durante el resto del d\u00eda. Porque, seamos claros, si bien esta camiseta con capucha puede ser informal, es puro estilo, lo que significa que no necesitas cambiar ni cambiar de ropa fuera del gimnasio. P\u00f3ntela y ponte a trabajar. (Pero, adem\u00e1s, nada dice &#8220;d\u00eda libre&#8221; m\u00e1s que una tela francesa ultra suave).<\/span><\/p>\n<div class=\"highlight___3fa4r\">\n<div class=\"highlight-text___lgoJI\">\n<h3 class=\"highlight-text__headline___25B2G\"><span>Nos asociamos con la Iniciativa Better Cotton<\/span><\/h3>\n<p><span>Al comprar productos marcados con el logotipo de Better Cotton Initiative, usted apoya un cultivo de algod\u00f3n m\u00e1s sostenible.<\/span><\/p>\n<\/div>\n<\/div>\n<div class=\"highlight___3fa4r\">\n<div class=\"highlight-text___lgoJI\">\n<h3 class=\"highlight-text__headline___25B2G\"><span>Sisas ca\u00eddas<\/span><\/h3>\n<p><span>Las sisas anchas hacen que sea muy f\u00e1cil combinarlas con otras prendas o te permiten mostrar un poco de tu sujetador deportivo debajo.<\/span><\/p>\n<\/div>\n<\/div>\n<div class=\"highlight___3fa4r\">\n<div class=\"highlight-text___lgoJI\">\n<h3 class=\"highlight-text__headline___25B2G\"><span>Tejido de rizo franc\u00e9s<\/span><\/h3>\n<p><span>Material suave, flexible y vers\u00e1til.<\/span><\/p>\n<\/div>\n<\/div>\n<div class=\"highlight___3fa4r\">\n<div class=\"highlight-text___lgoJI\">\n<h3 class=\"highlight-text__headline___25B2G\">Ajuste holgado<\/h3>\n<p>Dise\u00f1ado para ajustarse holgadamente para una sensaci\u00f3n relajada y c\u00f3moda.<\/p>\n<div class=\"accordion__header-text___2o9Im\">\n<h2 class=\"accordion-title___2sTgR\">Cuidado<\/h2>\n<\/div>\n<div class=\"accordion__header-icon___2FuRa\"><\/div>\n<div class=\"accordion__content___29x9h\">\n<div class=\"content-padding___2kVWQ\">\n<div class=\"care___2GwB4\" data-auto-id=\"pdp-content-care\">\n<div class=\"care-instructions___3scEd\">\n<h4 class=\"care-title___2YJe1 gl-no-margin-bottom\">Instrucciones de lavado<\/h4>\n<ul class=\"\">\n<li class=\"gl-vspace-bpall-small\"><img loading=\"lazy\" decoding=\"async\" src=\"https:\/\/www.adidas.com.ph\/glass\/react\/f1485b8\/assets\/img\/washing-instructions\/B1.svg\" alt=\"\" width=\"24\" height=\"24\" \/>No usa blanqueador<\/li>\n<li class=\"gl-vspace-bpall-small\"><img loading=\"lazy\" decoding=\"async\" src=\"https:\/\/www.adidas.com.ph\/glass\/react\/f1485b8\/assets\/img\/washing-instructions\/C2.svg\" alt=\"\" width=\"24\" height=\"24\" \/>Secar en secadora a temperatura baja<\/li>\n<li class=\"gl-vspace-bpall-small\"><img loading=\"lazy\" decoding=\"async\" src=\"https:\/\/www.adidas.com.ph\/glass\/react\/f1485b8\/assets\/img\/washing-instructions\/E1.svg\" alt=\"\" width=\"24\" height=\"24\" \/>No lavar en seco<\/li>\n<li class=\"gl-vspace-bpall-small\"><img loading=\"lazy\" decoding=\"async\" src=\"https:\/\/www.adidas.com.ph\/glass\/react\/f1485b8\/assets\/img\/washing-instructions\/D2.svg\" alt=\"\" width=\"24\" height=\"24\" \/>Retocar con plancha fr\u00eda<\/li>\n<li class=\"gl-vspace-bpall-small\"><img loading=\"lazy\" decoding=\"async\" src=\"https:\/\/www.adidas.com.ph\/glass\/react\/f1485b8\/assets\/img\/washing-instructions\/A3.svg\" alt=\"\" width=\"24\" height=\"24\" \/>Lavar a m\u00e1quina con agua fr\u00eda<\/li>\n<\/ul>\n<\/div>\n<div class=\"extra-instructions___2TR8b\">\n<h4 class=\"care-title___2YJe1 gl-no-margin-bottom\">Informaci\u00f3n de cuidados adicionales<\/h4>\n<ul class=\"gl-list gl-vspace-bpall-small\">\n<li class=\"gl-vspace-bpall-small\">No utilice suavizante de telas.<\/li>\n<li class=\"gl-vspace-bpall-small\">Utilice \u00fanicamente detergente suave<\/li>\n<li class=\"gl-vspace-bpall-small\">Retirar inmediatamente despu\u00e9s del lavado.<\/li>\n<li class=\"gl-vspace-bpall-small\">Lavar con colores similares<\/li>\n<\/ul>\n<div class=\"accordion__header-text___2o9Im\">\n<h2 class=\"accordion-title___2sTgR\"><span>Detalles<\/span><\/h2>\n<\/div>\n<div class=\"accordion__header-icon___2FuRa\"><\/div>\n<div class=\"accordion__content___29x9h\">\n<div class=\"content-padding___2kVWQ\">\n<div class=\"bullets___3bsSs\" data-auto-id=\"specifications-section\">\n<ul class=\"gl-list\">\n<li class=\"gl-vspace-bpall-small\"><span>Ajuste holgado<\/span><\/li>\n<li class=\"gl-vspace-bpall-small\"><span>Jersey con capucha ajustable con cord\u00f3n.<\/span><\/li>\n<li class=\"gl-vspace-bpall-small\"><span>70% algod\u00f3n, 30% poli\u00e9ster (reciclado)<\/span><\/li>\n<li class=\"gl-vspace-bpall-small\"><span>Tacto suave<\/span><\/li>\n<li class=\"gl-vspace-bpall-small\"><span>Sisas ca\u00eddas<\/span><\/li>\n<li class=\"gl-vspace-bpall-small\"><span>Dobladillo acanalado<\/span><\/li>\n<li class=\"gl-vspace-bpall-small\"><span>Apoya la iniciativa Better Cotton<\/span><\/li>\n<li class=\"gl-vspace-bpall-small\"><span>Felpa francesa<\/span><\/li>\n<li class=\"gl-vspace-bpall-small\"><span>Color: Verde bot\u00e1nico<\/span><\/li>\n<li class=\"gl-vspace-bpall-small\"><span>Modelo: HE4150<\/span><\/li>\n<\/ul>\n<\/div>\n<\/div>\n<\/div>\n<\/div>\n<\/div>\n<\/div>\n<\/div>\n<\/div>\n<\/div>\n","protected":false},"excerpt":{"rendered":"<p>STUDIO LOUNGE Una blusa te\u00f1ida de forma natural para un estilo relajado y f\u00e1cil. Hablemos de prendas para cubrirnos un<\/p>\n","protected":false},"featured_media":66749,"comment_status":"open","ping_status":"closed","template":"","meta":{"nf_dc_page":""},"product_brand":[],"product_cat":[73],"product_tag":[],"class_list":{"0":"post-66748","1":"product","2":"type-product","3":"status-publish","4":"has-post-thumbnail","6":"product_cat-femenino","8":"first","9":"instock","10":"shipping-taxable","11":"purchasable","12":"product-type-simple"},"_links":{"self":[{"href":"https:\/\/brandss.com.py\/index\/wp-json\/wp\/v2\/product\/66748","targetHints":{"allow":["GET"]}}],"collection":[{"href":"https:\/\/brandss.com.py\/index\/wp-json\/wp\/v2\/product"}],"about":[{"href":"https:\/\/brandss.com.py\/index\/wp-json\/wp\/v2\/types\/product"}],"replies":[{"embeddable":true,"href":"https:\/\/brandss.com.py\/index\/wp-json\/wp\/v2\/comments?post=66748"}],"version-history":[{"count":1,"href":"https:\/\/brandss.com.py\/index\/wp-json\/wp\/v2\/product\/66748\/revisions"}],"predecessor-version":[{"id":66759,"href":"https:\/\/brandss.com.py\/index\/wp-json\/wp\/v2\/product\/66748\/revisions\/66759"}],"wp:featuredmedia":[{"embeddable":true,"href":"https:\/\/brandss.com.py\/index\/wp-json\/wp\/v2\/media\/66749"}],"wp:attachment":[{"href":"https:\/\/brandss.com.py\/index\/wp-json\/wp\/v2\/media?parent=66748"}],"wp:term":[{"taxonomy":"product_brand","embeddable":true,"href":"https:\/\/brandss.com.py\/index\/wp-json\/wp\/v2\/product_brand?post=66748"},{"taxonomy":"product_cat","embeddable":true,"href":"https:\/\/brandss.com.py\/index\/wp-json\/wp\/v2\/product_cat?post=66748"},{"taxonomy":"product_tag","embeddable":true,"href":"https:\/\/brandss.com.py\/index\/wp-json\/wp\/v2\/product_tag?post=66748"}],"curies":[{"name":"wp","href":"https:\/\/api.w.org\/{rel}","templated":true}]}}