{"id":66783,"date":"2025-01-20T12:58:50","date_gmt":"2025-01-20T12:58:50","guid":{"rendered":"https:\/\/brandss.com.py\/index\/?post_type=product&#038;p=66783"},"modified":"2025-01-20T12:59:41","modified_gmt":"2025-01-20T12:59:41","slug":"body-femenino-adidas-large-logo-mangas-largas","status":"publish","type":"product","link":"https:\/\/brandss.com.py\/index\/producto\/body-femenino-adidas-large-logo-mangas-largas\/","title":{"rendered":"BODY FEMENINO ADIDAS LARGE LOGO MANGAS LARGAS"},"content":{"rendered":"<p><img loading=\"lazy\" decoding=\"async\" class=\"\" src=\"https:\/\/upload.wikimedia.org\/wikipedia\/commons\/2\/24\/Adidas_logo.png\" alt=\"Archivo:Adidas logo.png - Wikipedia, la enciclopedia libre\" width=\"105\" height=\"71\" \/><\/p>\n<h1>LARGE LOGO<\/h1>\n<h3 class=\"subtitle___9ljbp\"><span>Un body el\u00e1stico con un toque moderno en estilo retro.<\/span><\/h3>\n<p class=\"gl-vspace\"><span>Bandas de rebeldes. Equipos que rompen r\u00e9cords. Multitudes de fan\u00e1ticos que animan. Desde 1972, el Tr\u00e9bol nos ha unido en escenarios, estadios y calles. Este mono adidas te har\u00e1 sentir como en casa en los tres.<\/span><\/p>\n<div class=\"accordion__header-text___2o9Im\">\n<h2 class=\"accordion-title___2sTgR\"><span>Detalles<\/span><\/h2>\n<\/div>\n<div class=\"accordion__header-icon___2FuRa\"><\/div>\n<div class=\"accordion__content___29x9h\">\n<div class=\"content-padding___2kVWQ\">\n<div class=\"bullets___3bsSs\" data-auto-id=\"specifications-section\">\n<ul class=\"gl-list\">\n<li class=\"gl-vspace-bpall-small\"><span>Ajuste ajustado<\/span><\/li>\n<li class=\"gl-vspace-bpall-small\"><span>Cierre con bot\u00f3n a presi\u00f3n<\/span><\/li>\n<li class=\"gl-vspace-bpall-small\"><span>Jersey sencillo 93% algod\u00f3n, 7% elastano<\/span><\/li>\n<li class=\"gl-vspace-bpall-small\"><span>Body de tr\u00e9bol grande<\/span><\/li>\n<li class=\"gl-vspace-bpall-small\"><span>Cuello redondo acanalado<\/span><\/li>\n<li class=\"gl-vspace-bpall-small\"><span>Jersey sencillo<\/span><\/li>\n<li class=\"gl-vspace-bpall-small\"><span>Nos asociamos con la Better Cotton Initiative para mejorar el cultivo del algod\u00f3n a nivel mundial<\/span><\/li>\n<li class=\"gl-vspace-bpall-small\"><span>Color: rojo intenso\/blanco<\/span><\/li>\n<li class=\"gl-vspace-bpall-small\"><span>Modelo: FM7181<\/span><\/li>\n<\/ul>\n<\/div>\n<\/div>\n<\/div>\n","protected":false},"excerpt":{"rendered":"<p>LARGE LOGO Un body el\u00e1stico con un toque moderno en estilo retro. Bandas de rebeldes. Equipos que rompen r\u00e9cords. Multitudes<\/p>\n","protected":false},"featured_media":66784,"comment_status":"open","ping_status":"closed","template":"","meta":{"nf_dc_page":""},"product_brand":[],"product_cat":[73],"product_tag":[],"class_list":{"0":"post-66783","1":"product","2":"type-product","3":"status-publish","4":"has-post-thumbnail","6":"product_cat-femenino","8":"first","9":"instock","10":"shipping-taxable","11":"purchasable","12":"product-type-simple"},"_links":{"self":[{"href":"https:\/\/brandss.com.py\/index\/wp-json\/wp\/v2\/product\/66783","targetHints":{"allow":["GET"]}}],"collection":[{"href":"https:\/\/brandss.com.py\/index\/wp-json\/wp\/v2\/product"}],"about":[{"href":"https:\/\/brandss.com.py\/index\/wp-json\/wp\/v2\/types\/product"}],"replies":[{"embeddable":true,"href":"https:\/\/brandss.com.py\/index\/wp-json\/wp\/v2\/comments?post=66783"}],"version-history":[{"count":1,"href":"https:\/\/brandss.com.py\/index\/wp-json\/wp\/v2\/product\/66783\/revisions"}],"predecessor-version":[{"id":66790,"href":"https:\/\/brandss.com.py\/index\/wp-json\/wp\/v2\/product\/66783\/revisions\/66790"}],"wp:featuredmedia":[{"embeddable":true,"href":"https:\/\/brandss.com.py\/index\/wp-json\/wp\/v2\/media\/66784"}],"wp:attachment":[{"href":"https:\/\/brandss.com.py\/index\/wp-json\/wp\/v2\/media?parent=66783"}],"wp:term":[{"taxonomy":"product_brand","embeddable":true,"href":"https:\/\/brandss.com.py\/index\/wp-json\/wp\/v2\/product_brand?post=66783"},{"taxonomy":"product_cat","embeddable":true,"href":"https:\/\/brandss.com.py\/index\/wp-json\/wp\/v2\/product_cat?post=66783"},{"taxonomy":"product_tag","embeddable":true,"href":"https:\/\/brandss.com.py\/index\/wp-json\/wp\/v2\/product_tag?post=66783"}],"curies":[{"name":"wp","href":"https:\/\/api.w.org\/{rel}","templated":true}]}}