{"id":66820,"date":"2025-01-20T14:25:43","date_gmt":"2025-01-20T14:25:43","guid":{"rendered":"https:\/\/brandss.com.py\/index\/?post_type=product&#038;p=66820"},"modified":"2025-01-20T14:27:31","modified_gmt":"2025-01-20T14:27:31","slug":"vestido-femenino-adidas-floral-mangas-cortas","status":"publish","type":"product","link":"https:\/\/brandss.com.py\/index\/producto\/vestido-femenino-adidas-floral-mangas-cortas\/","title":{"rendered":"VESTIDO FEMENINO ADIDAS FLORAL MANGAS CORTAS"},"content":{"rendered":"<p><img loading=\"lazy\" decoding=\"async\" class=\"\" src=\"https:\/\/upload.wikimedia.org\/wikipedia\/commons\/2\/24\/Adidas_logo.png\" alt=\"Archivo:Adidas logo.png - Wikipedia, la enciclopedia libre\" width=\"119\" height=\"80\" \/><\/p>\n<h1>FLORAL<\/h1>\n<h3 class=\"subtitle___9ljbp\"><span>Un vestido floral de ensue\u00f1o con estilo punk rock de los 80.<\/span><\/h3>\n<p class=\"gl-vspace\"><span>Una buena entrada lo es todo. Acude a esa cita para tomar un caf\u00e9 el s\u00e1bado por la ma\u00f1ana o a un picnic en el parque mostrando tu confianza informal y tu estilo punk con este vestido estilo camiseta de adidas. El algod\u00f3n se siente tan bien como te ves con las flores descoloridas. Al comprar productos de algod\u00f3n de nuestra tienda, est\u00e1s apoyando un cultivo de algod\u00f3n m\u00e1s sustentable.<\/span><\/p>\n<div class=\"accordion__header-text___2o9Im\">\n<h2 class=\"accordion-title___2sTgR\"><span>Cuidado<\/span><\/h2>\n<\/div>\n<div class=\"accordion__header-icon___2FuRa\"><\/div>\n<div class=\"accordion__content___29x9h\">\n<div class=\"content-padding___2kVWQ\">\n<div class=\"care___2GwB4\" data-auto-id=\"pdp-content-care\">\n<div class=\"care-instructions___3scEd\">\n<h4 class=\"care-title___2YJe1 gl-no-margin-bottom\">Instrucciones de lavado<\/h4>\n<ul class=\"\">\n<li class=\"gl-vspace-bpall-small\"><img loading=\"lazy\" decoding=\"async\" src=\"https:\/\/www.adidas.com.my\/glass\/react\/6e1146a\/assets\/img\/washing-instructions\/B1.svg\" alt=\"\" width=\"24\" height=\"24\" \/>No usa blanqueador<\/li>\n<li class=\"gl-vspace-bpall-small\"><img loading=\"lazy\" decoding=\"async\" src=\"https:\/\/www.adidas.com.my\/glass\/react\/6e1146a\/assets\/img\/washing-instructions\/C1.svg\" alt=\"\" width=\"24\" height=\"24\" \/>No secar en secadora<\/li>\n<li class=\"gl-vspace-bpall-small\"><img loading=\"lazy\" decoding=\"async\" src=\"https:\/\/www.adidas.com.my\/glass\/react\/6e1146a\/assets\/img\/washing-instructions\/E1.svg\" alt=\"\" width=\"24\" height=\"24\" \/>No lavar en seco<\/li>\n<li class=\"gl-vspace-bpall-small\"><img loading=\"lazy\" decoding=\"async\" src=\"https:\/\/www.adidas.com.my\/glass\/react\/6e1146a\/assets\/img\/washing-instructions\/D2.svg\" alt=\"\" width=\"24\" height=\"24\" \/>Retocar con plancha fr\u00eda<\/li>\n<li class=\"gl-vspace-bpall-small\"><img loading=\"lazy\" decoding=\"async\" src=\"https:\/\/www.adidas.com.my\/glass\/react\/6e1146a\/assets\/img\/washing-instructions\/A3.svg\" alt=\"\" width=\"24\" height=\"24\" \/>Lavar a m\u00e1quina con agua fr\u00eda<\/li>\n<\/ul>\n<\/div>\n<div class=\"extra-instructions___2TR8b\">\n<h4 class=\"care-title___2YJe1 gl-no-margin-bottom\">Informaci\u00f3n de cuidados adicionales<\/h4>\n<ul class=\"gl-list gl-vspace-bpall-small\">\n<li class=\"gl-vspace-bpall-small\">Lavar y secar del rev\u00e9s.<\/li>\n<li class=\"gl-vspace-bpall-small\">No utilice suavizante de telas.<\/li>\n<li class=\"gl-vspace-bpall-small\">Utilice \u00fanicamente detergente suave<\/li>\n<li class=\"gl-vspace-bpall-small\">Lavar con colores similares<\/li>\n<\/ul>\n<div class=\"accordion__header-text___2o9Im\">\n<h2 class=\"accordion-title___2sTgR\"><span>Detalles<\/span><\/h2>\n<\/div>\n<div class=\"accordion__header-icon___2FuRa\"><\/div>\n<div class=\"accordion__content___29x9h\">\n<div class=\"content-padding___2kVWQ\">\n<div class=\"bullets___3bsSs\" data-auto-id=\"specifications-section\">\n<ul class=\"gl-list\">\n<li class=\"gl-vspace-bpall-small\"><span>Ajuste relajado<\/span><\/li>\n<li class=\"gl-vspace-bpall-small\"><span>Cuello redondo acanalado<\/span><\/li>\n<li class=\"gl-vspace-bpall-small\"><span>Jersey sencillo 100% algod\u00f3n<\/span><\/li>\n<li class=\"gl-vspace-bpall-small\"><span>Pu\u00f1os plegables<\/span><\/li>\n<li class=\"gl-vspace-bpall-small\"><span>Jersey sencillo<\/span><\/li>\n<li class=\"gl-vspace-bpall-small\"><span>Iniciativa para un mejor algod\u00f3n<\/span><\/li>\n<li class=\"gl-vspace-bpall-small\"><span>Color: Multicolor \/ Tinta Legend<\/span><\/li>\n<li class=\"gl-vspace-bpall-small\"><span>Modelo: H20448<\/span><\/li>\n<\/ul>\n<\/div>\n<\/div>\n<\/div>\n<\/div>\n<\/div>\n<\/div>\n<\/div>\n","protected":false},"excerpt":{"rendered":"<p>FLORAL Un vestido floral de ensue\u00f1o con estilo punk rock de los 80. Una buena entrada lo es todo. Acude<\/p>\n","protected":false},"featured_media":66821,"comment_status":"open","ping_status":"closed","template":"","meta":{"nf_dc_page":""},"product_brand":[],"product_cat":[73],"product_tag":[],"class_list":{"0":"post-66820","1":"product","2":"type-product","3":"status-publish","4":"has-post-thumbnail","6":"product_cat-femenino","8":"first","9":"instock","10":"shipping-taxable","11":"purchasable","12":"product-type-simple"},"_links":{"self":[{"href":"https:\/\/brandss.com.py\/index\/wp-json\/wp\/v2\/product\/66820","targetHints":{"allow":["GET"]}}],"collection":[{"href":"https:\/\/brandss.com.py\/index\/wp-json\/wp\/v2\/product"}],"about":[{"href":"https:\/\/brandss.com.py\/index\/wp-json\/wp\/v2\/types\/product"}],"replies":[{"embeddable":true,"href":"https:\/\/brandss.com.py\/index\/wp-json\/wp\/v2\/comments?post=66820"}],"version-history":[{"count":1,"href":"https:\/\/brandss.com.py\/index\/wp-json\/wp\/v2\/product\/66820\/revisions"}],"predecessor-version":[{"id":66827,"href":"https:\/\/brandss.com.py\/index\/wp-json\/wp\/v2\/product\/66820\/revisions\/66827"}],"wp:featuredmedia":[{"embeddable":true,"href":"https:\/\/brandss.com.py\/index\/wp-json\/wp\/v2\/media\/66821"}],"wp:attachment":[{"href":"https:\/\/brandss.com.py\/index\/wp-json\/wp\/v2\/media?parent=66820"}],"wp:term":[{"taxonomy":"product_brand","embeddable":true,"href":"https:\/\/brandss.com.py\/index\/wp-json\/wp\/v2\/product_brand?post=66820"},{"taxonomy":"product_cat","embeddable":true,"href":"https:\/\/brandss.com.py\/index\/wp-json\/wp\/v2\/product_cat?post=66820"},{"taxonomy":"product_tag","embeddable":true,"href":"https:\/\/brandss.com.py\/index\/wp-json\/wp\/v2\/product_tag?post=66820"}],"curies":[{"name":"wp","href":"https:\/\/api.w.org\/{rel}","templated":true}]}}