{"id":66857,"date":"2025-01-21T10:50:23","date_gmt":"2025-01-21T10:50:23","guid":{"rendered":"https:\/\/brandss.com.py\/index\/?post_type=product&#038;p=66857"},"modified":"2025-01-21T10:51:17","modified_gmt":"2025-01-21T10:51:17","slug":"falda-femenino-adidas-2000-luxe-wrap-skirt","status":"publish","type":"product","link":"https:\/\/brandss.com.py\/index\/producto\/falda-femenino-adidas-2000-luxe-wrap-skirt\/","title":{"rendered":"FALDA FEMENINO ADIDAS 2000 LUXE WRAP SKIRT"},"content":{"rendered":"<p><img loading=\"lazy\" decoding=\"async\" class=\"\" src=\"https:\/\/upload.wikimedia.org\/wikipedia\/commons\/2\/24\/Adidas_logo.png\" alt=\"Archivo:Adidas logo.png - Wikipedia, la enciclopedia libre\" width=\"74\" height=\"50\" \/><\/p>\n<h1>2000 LUXE WRAP SKIRT<\/h1>\n<div>\n<div>\n<div class=\"ProductDetails_wrapper_J7RTH\">\n<div class=\"\">\n<div id=\"nav_product_details\" class=\"AccordionTab_tab_1uvxy\">\n<div class=\"AccordionTab_content_3HvGU AccordionTab_open_1WBzS\">\n<div>\n<p>Esta falda adidas no es una m\u00e1quina del tiempo, pero s\u00ed te har\u00e1 recordar la d\u00e9cada de la autocomplacencia, la exhuberancia y los paparazzi. Aj\u00fastatela a la cintura y recupera el estilo de los a\u00f1os 2000. El tejido de raso brillante, las 3 bandas del mismo color y el logotipo del tr\u00e9bol en pedrer\u00eda completan el look.<\/p>\n<p>&nbsp;<\/p>\n<\/div>\n<div class=\"ProductFeatures_wrapper_3ZYna\">\n<div>\n<h4 class=\"Heading_heading_1dtHt Heading_margin_Zz8sK\">Materiales<\/h4>\n<div class=\"Materials_wrapper_3DRez\">\n<div class=\"PropertyItem_wrapper_1GZ_b\"><span class=\"PropertyItem_label_39ZZn\"><strong>Composici\u00f3n<\/strong><\/span><\/p>\n<p class=\"\"><span class=\"PropertyItem_value_2D-vk\"><span>5% Elastano<\/span><\/span>:\u00a0se utiliza en combinaci\u00f3n con otros materiales, especiamente por su flexibilidad excelente &#8211; su fibra es capaz de estirarse hasta tres veces m\u00e1s y despu\u00e9s volver a su estado normal.<\/p>\n<p class=\"\"><span class=\"PropertyItem_value_2D-vk\"><span>95% Poli\u00e9ster<\/span><\/span>:\u00a0Fibra sint\u00e9tica fabricada a partir de tereftalato de polietileno (PET) y conocida por su durabilidad, baja humectabilidad y capacidad de secado r\u00e1pido. Debido a estas propiedades, se utiliza a menudo como aditivo en textiles, lo que mejora sus propiedades de rendimiento, como la retenci\u00f3n de la forma y la resistencia a las arrugas.<\/p>\n<\/div>\n<div class=\"PropertyItem_wrapper_1GZ_b\"><span class=\"PropertyItem_label_39ZZn\"><strong>Revestimiento<\/strong><\/span><\/p>\n<p class=\"PropertyItem_breakLine_1xw5t\"><span class=\"PropertyItem_value_2D-vk\">100% Poli\u00e9ster reciclado<\/span><\/p>\n<\/div>\n<div class=\"PropertyItem_wrapper_1GZ_b\"><span class=\"PropertyItem_label_39ZZn\"><strong>Instrucciones de cuidado<\/strong><\/span><\/p>\n<p class=\"PropertyItem_breakLine_1xw5t\"><span class=\"PropertyItem_value_2D-vk\">No secar en un secador<\/span><\/p>\n<p class=\"PropertyItem_breakLine_1xw5t\"><span class=\"PropertyItem_value_2D-vk\">Lavable en lavadora 30\u00ba<\/span><\/p>\n<p class=\"PropertyItem_breakLine_1xw5t\"><span class=\"PropertyItem_value_2D-vk\">No utilizar suavizante<\/span><\/p>\n<p class=\"PropertyItem_breakLine_1xw5t\"><span class=\"PropertyItem_value_2D-vk\"><span>Lavar y planchar del rev\u00e9s.<\/span><\/span><\/p>\n<p class=\"PropertyItem_breakLine_1xw5t\"><span class=\"PropertyItem_value_2D-vk\"><span>Lavar con ropa del mismo color.<\/span><\/span><\/p>\n<p class=\"PropertyItem_breakLine_1xw5t\"><span class=\"PropertyItem_value_2D-vk\">No utilizar lej\u00eda<\/span><\/p>\n<p class=\"PropertyItem_breakLine_1xw5t\"><span class=\"PropertyItem_value_2D-vk\">No limpiar qu\u00edmicamente<\/span><\/p>\n<p class=\"PropertyItem_breakLine_1xw5t\"><span class=\"PropertyItem_value_2D-vk\">Planchado en el nivel m\u00e1s bajo<\/span><\/p>\n<\/div>\n<\/div>\n<\/div>\n<div>\n<h4 class=\"Heading_heading_1dtHt Heading_margin_Zz8sK\"><span>Detalles<\/span><\/h4>\n<div class=\"Details_wrapper_hHaf7\">\n<div>\n<div class=\"PropertyItem_wrapper_1GZ_b PropertyItem_inline_1oqw4\"><\/div>\n<div class=\"PropertyItem_wrapper_1GZ_b PropertyItem_inline_1oqw4\"><span class=\"PropertyItem_label_39ZZn\">Temporada<\/span>:\u00a0Verano<\/div>\n<div class=\"PropertyItem_wrapper_1GZ_b PropertyItem_inline_1oqw4\"><span class=\"PropertyItem_label_39ZZn\">Corte (ajuste)<\/span>:\u00a0Regular<\/div>\n<div class=\"PropertyItem_wrapper_1GZ_b PropertyItem_inline_1oqw4\"><span class=\"PropertyItem_label_39ZZn\">Cierre<\/span>:\u00a0Tachuelas\u00a0,\u00a0Bot\u00f3n<\/div>\n<div class=\"PropertyItem_wrapper_1GZ_b PropertyItem_inline_1oqw4\"><span class=\"PropertyItem_label_39ZZn\">Detalles<\/span>: 3D logo<\/div>\n<div class=\"PropertyItem_wrapper_1GZ_b PropertyItem_inline_1oqw4\">\n<div>\n<div class=\"PropertyItem_wrapper_1GZ_b PropertyItem_inline_1oqw4\"><span class=\"PropertyItem_label_39ZZn\">Color<\/span>: Bliss Orchid<\/div>\n<\/div>\n<\/div>\n<\/div>\n<div class=\"PropertyItem_wrapper_1GZ_b PropertyItem_inline_1oqw4\"><span class=\"PropertyItem_label_39ZZn\">Modelo<\/span>: HF9205<\/div>\n<\/div>\n<\/div>\n<\/div>\n<\/div>\n<\/div>\n<\/div>\n<\/div>\n<\/div>\n<\/div>\n","protected":false},"excerpt":{"rendered":"<p>2000 LUXE WRAP SKIRT Esta falda adidas no es una m\u00e1quina del tiempo, pero s\u00ed te har\u00e1 recordar la d\u00e9cada<\/p>\n","protected":false},"featured_media":66858,"comment_status":"open","ping_status":"closed","template":"","meta":{"nf_dc_page":""},"product_brand":[],"product_cat":[73],"product_tag":[],"class_list":{"0":"post-66857","1":"product","2":"type-product","3":"status-publish","4":"has-post-thumbnail","6":"product_cat-femenino","8":"first","9":"instock","10":"shipping-taxable","11":"purchasable","12":"product-type-simple"},"_links":{"self":[{"href":"https:\/\/brandss.com.py\/index\/wp-json\/wp\/v2\/product\/66857","targetHints":{"allow":["GET"]}}],"collection":[{"href":"https:\/\/brandss.com.py\/index\/wp-json\/wp\/v2\/product"}],"about":[{"href":"https:\/\/brandss.com.py\/index\/wp-json\/wp\/v2\/types\/product"}],"replies":[{"embeddable":true,"href":"https:\/\/brandss.com.py\/index\/wp-json\/wp\/v2\/comments?post=66857"}],"version-history":[{"count":1,"href":"https:\/\/brandss.com.py\/index\/wp-json\/wp\/v2\/product\/66857\/revisions"}],"predecessor-version":[{"id":66868,"href":"https:\/\/brandss.com.py\/index\/wp-json\/wp\/v2\/product\/66857\/revisions\/66868"}],"wp:featuredmedia":[{"embeddable":true,"href":"https:\/\/brandss.com.py\/index\/wp-json\/wp\/v2\/media\/66858"}],"wp:attachment":[{"href":"https:\/\/brandss.com.py\/index\/wp-json\/wp\/v2\/media?parent=66857"}],"wp:term":[{"taxonomy":"product_brand","embeddable":true,"href":"https:\/\/brandss.com.py\/index\/wp-json\/wp\/v2\/product_brand?post=66857"},{"taxonomy":"product_cat","embeddable":true,"href":"https:\/\/brandss.com.py\/index\/wp-json\/wp\/v2\/product_cat?post=66857"},{"taxonomy":"product_tag","embeddable":true,"href":"https:\/\/brandss.com.py\/index\/wp-json\/wp\/v2\/product_tag?post=66857"}],"curies":[{"name":"wp","href":"https:\/\/api.w.org\/{rel}","templated":true}]}}