{"id":66875,"date":"2025-01-21T12:13:47","date_gmt":"2025-01-21T12:13:47","guid":{"rendered":"https:\/\/brandss.com.py\/index\/?post_type=product&#038;p=66875"},"modified":"2025-01-21T12:16:09","modified_gmt":"2025-01-21T12:16:09","slug":"pantalon-deportivo-femenino-under-armour-rival-fleece-graphic-joggers","status":"publish","type":"product","link":"https:\/\/brandss.com.py\/index\/producto\/pantalon-deportivo-femenino-under-armour-rival-fleece-graphic-joggers\/","title":{"rendered":"PANTAL\u00d3N DEPORTIVO FEMENINO UNDER ARMOUR RIVAL FLEECE GRAPHIC JOGGERS"},"content":{"rendered":"<p style=\"text-align: center\"><img loading=\"lazy\" decoding=\"async\" class=\"alignleft\" src=\"https:\/\/upload.wikimedia.org\/wikipedia\/commons\/thumb\/4\/44\/Under_armour_logo.svg\/2560px-Under_armour_logo.svg.png\" alt=\"Archivo:Under armour logo.svg - Wikipedia, la enciclopedia libre\" width=\"164\" height=\"96\" \/><\/p>\n<p>&nbsp;<\/p>\n<p>&nbsp;<\/p>\n<p>&nbsp;<\/p>\n<h1>RIVAL FLEECE GRAPHIC JOGGERS<\/h1>\n<p><b>Under Armour<\/b>\u00a0te ofrece su exclusiva l\u00ednea de ropa y accesorios deportivos fabricados con materiales premium para que entrenes con comodidad y confianza. Rinde al m\u00e1ximo en tus rutinas y resalta con una prenda de estilo \u00fanico y vanguardista.<\/p>\n<p><b>Caracter\u00edsticas:<\/b><\/p>\n<p>&nbsp;<\/p>\n<ul>\n<li><span>Pantalones deportivos con logotipo lateral.<\/span><\/li>\n<li><span>Para el revestimiento se utiliza material cepillado.<\/span><\/li>\n<li><span>La cintura se puede ajustar con un cord\u00f3n.<\/span><\/li>\n<li>Color: Gris Acero Medio Heather\/ Negro.<\/li>\n<li>Modelo: 1370844-035.<\/li>\n<li>Composici\u00f3n del producto: 80% Algod\u00f3n &#8211; 20% Poli\u00e9ster.<\/li>\n<\/ul>\n","protected":false},"excerpt":{"rendered":"<p>&nbsp; &nbsp; &nbsp; RIVAL FLEECE GRAPHIC JOGGERS Under Armour\u00a0te ofrece su exclusiva l\u00ednea de ropa y accesorios deportivos fabricados con<\/p>\n","protected":false},"featured_media":66877,"comment_status":"open","ping_status":"closed","template":"","meta":{"nf_dc_page":""},"product_brand":[],"product_cat":[73],"product_tag":[],"class_list":{"0":"post-66875","1":"product","2":"type-product","3":"status-publish","4":"has-post-thumbnail","6":"product_cat-femenino","8":"first","9":"instock","10":"shipping-taxable","11":"purchasable","12":"product-type-simple"},"_links":{"self":[{"href":"https:\/\/brandss.com.py\/index\/wp-json\/wp\/v2\/product\/66875","targetHints":{"allow":["GET"]}}],"collection":[{"href":"https:\/\/brandss.com.py\/index\/wp-json\/wp\/v2\/product"}],"about":[{"href":"https:\/\/brandss.com.py\/index\/wp-json\/wp\/v2\/types\/product"}],"replies":[{"embeddable":true,"href":"https:\/\/brandss.com.py\/index\/wp-json\/wp\/v2\/comments?post=66875"}],"version-history":[{"count":1,"href":"https:\/\/brandss.com.py\/index\/wp-json\/wp\/v2\/product\/66875\/revisions"}],"predecessor-version":[{"id":66883,"href":"https:\/\/brandss.com.py\/index\/wp-json\/wp\/v2\/product\/66875\/revisions\/66883"}],"wp:featuredmedia":[{"embeddable":true,"href":"https:\/\/brandss.com.py\/index\/wp-json\/wp\/v2\/media\/66877"}],"wp:attachment":[{"href":"https:\/\/brandss.com.py\/index\/wp-json\/wp\/v2\/media?parent=66875"}],"wp:term":[{"taxonomy":"product_brand","embeddable":true,"href":"https:\/\/brandss.com.py\/index\/wp-json\/wp\/v2\/product_brand?post=66875"},{"taxonomy":"product_cat","embeddable":true,"href":"https:\/\/brandss.com.py\/index\/wp-json\/wp\/v2\/product_cat?post=66875"},{"taxonomy":"product_tag","embeddable":true,"href":"https:\/\/brandss.com.py\/index\/wp-json\/wp\/v2\/product_tag?post=66875"}],"curies":[{"name":"wp","href":"https:\/\/api.w.org\/{rel}","templated":true}]}}