{"id":66896,"date":"2025-01-21T13:41:33","date_gmt":"2025-01-21T13:41:33","guid":{"rendered":"https:\/\/brandss.com.py\/index\/?post_type=product&#038;p=66896"},"modified":"2025-01-21T16:05:28","modified_gmt":"2025-01-21T16:05:28","slug":"chaqueta-deportivo-femenino-under-armour-ua-sportstyle-rompevientos","status":"publish","type":"product","link":"https:\/\/brandss.com.py\/index\/producto\/chaqueta-deportivo-femenino-under-armour-ua-sportstyle-rompevientos\/","title":{"rendered":"CHAQUETA DEPORTIVO FEMENINO UNDER ARMOUR UA SPORTSTYLE ROMPEVIENTO"},"content":{"rendered":"<p><img loading=\"lazy\" decoding=\"async\" class=\"\" src=\"https:\/\/upload.wikimedia.org\/wikipedia\/commons\/thumb\/4\/44\/Under_armour_logo.svg\/2560px-Under_armour_logo.svg.png\" alt=\"Archivo:Under armour logo.svg - Wikipedia, la enciclopedia libre\" width=\"85\" height=\"50\" \/><\/p>\n<h1>UA SPORTSTYLE<\/h1>\n<p>Under Armour te hace mejor. En eso nos enfocamos. Inspiramos a todo apasionado del deporte con soluciones de alto rendimiento que no sab\u00edas que necesitabas, pero que no te puedes imaginar viviendo sin ellas. Todo lo que hacemos gira en torno al rendimiento humano, entregando lo necesario para empuj<\/p>\n<p>&nbsp;<\/p>\n<ul>\n<li>La tecnolog\u00eda UA Storm repele el agua sin sacrificar la transpirabilidad<\/li>\n<li>Los materiales y la construcci\u00f3n resistentes al viento lo protegen de los elementos<\/li>\n<li>El tejido suave y antidesgarro es liviano y extremadamente duradero<\/li>\n<li>Forro de malla para mayor transpirabilidad<\/li>\n<li>Bolsillos abiertos para las manos<\/li>\n<li>Dobladillo inferior con ajuste el\u00e1stico y pu\u00f1os el\u00e1sticos revestidos para un ajuste seguro<\/li>\n<li>La tela del cuerpo principal contiene al menos un 90 % de poli\u00e9ster reciclado, sin incluir adornos ni adornos.<\/li>\n<li>Utiliza un tratamiento repelente al agua sin fl\u00faor.<\/li>\n<li>Hay una raz\u00f3n por la que los cortavientos siguen siendo imprescindibles en el armario de todo deportista.<\/li>\n<li>Son ligeros, protegen del viento sin hacer demasiado calor y est\u00e1n dise\u00f1ados para moverse.<\/li>\n<li>Modelo: 1382698<\/li>\n<li>Mangas ragl\u00e1n<\/li>\n<li>100% poli\u00e9ster<\/li>\n<li>Importado<\/li>\n<li>Cortavientos UA SportStyle mujer Blanco Under Armour<\/li>\n<li>Marca: Under Armour<\/li>\n<li>Modelo: SPRT WINDBREAKER JKT<\/li>\n<li>Tipo de producto: Cortaviento<\/li>\n<li>G\u00e9nero: Femenino<\/li>\n<\/ul>\n","protected":false},"excerpt":{"rendered":"<p>UA SPORTSTYLE Under Armour te hace mejor. En eso nos enfocamos. Inspiramos a todo apasionado del deporte con soluciones de<\/p>\n","protected":false},"featured_media":66898,"comment_status":"open","ping_status":"closed","template":"","meta":{"nf_dc_page":""},"product_brand":[],"product_cat":[73],"product_tag":[],"class_list":{"0":"post-66896","1":"product","2":"type-product","3":"status-publish","4":"has-post-thumbnail","6":"product_cat-femenino","8":"first","9":"instock","10":"shipping-taxable","11":"purchasable","12":"product-type-simple"},"_links":{"self":[{"href":"https:\/\/brandss.com.py\/index\/wp-json\/wp\/v2\/product\/66896","targetHints":{"allow":["GET"]}}],"collection":[{"href":"https:\/\/brandss.com.py\/index\/wp-json\/wp\/v2\/product"}],"about":[{"href":"https:\/\/brandss.com.py\/index\/wp-json\/wp\/v2\/types\/product"}],"replies":[{"embeddable":true,"href":"https:\/\/brandss.com.py\/index\/wp-json\/wp\/v2\/comments?post=66896"}],"version-history":[{"count":3,"href":"https:\/\/brandss.com.py\/index\/wp-json\/wp\/v2\/product\/66896\/revisions"}],"predecessor-version":[{"id":66931,"href":"https:\/\/brandss.com.py\/index\/wp-json\/wp\/v2\/product\/66896\/revisions\/66931"}],"wp:featuredmedia":[{"embeddable":true,"href":"https:\/\/brandss.com.py\/index\/wp-json\/wp\/v2\/media\/66898"}],"wp:attachment":[{"href":"https:\/\/brandss.com.py\/index\/wp-json\/wp\/v2\/media?parent=66896"}],"wp:term":[{"taxonomy":"product_brand","embeddable":true,"href":"https:\/\/brandss.com.py\/index\/wp-json\/wp\/v2\/product_brand?post=66896"},{"taxonomy":"product_cat","embeddable":true,"href":"https:\/\/brandss.com.py\/index\/wp-json\/wp\/v2\/product_cat?post=66896"},{"taxonomy":"product_tag","embeddable":true,"href":"https:\/\/brandss.com.py\/index\/wp-json\/wp\/v2\/product_tag?post=66896"}],"curies":[{"name":"wp","href":"https:\/\/api.w.org\/{rel}","templated":true}]}}