{"id":66965,"date":"2025-01-21T17:09:32","date_gmt":"2025-01-21T17:09:32","guid":{"rendered":"https:\/\/brandss.com.py\/index\/?post_type=product&#038;p=66965"},"modified":"2025-01-21T17:10:14","modified_gmt":"2025-01-21T17:10:14","slug":"leggings-deportivo-femenino-nike-sportswear-club","status":"publish","type":"product","link":"https:\/\/brandss.com.py\/index\/producto\/leggings-deportivo-femenino-nike-sportswear-club\/","title":{"rendered":"LEGGINGS DEPORTIVO FEMENINO NIKE SPORTSWEAR CLUB"},"content":{"rendered":"<p><img loading=\"lazy\" decoding=\"async\" class=\"\" src=\"https:\/\/loodibee.com\/wp-content\/uploads\/Nike-Logo.png\" alt=\"Nike Logo History | FREE PNG Logos\" width=\"106\" height=\"106\" \/><\/p>\n<h1>SPORTSWEAR CLUB<\/h1>\n<div class=\"b-productinfo\" data-product-attr=\"productDescription\">\n<div class=\"b-productinfo__content\"><span>Ponte una cobertura de cintura alta con los leggings Nike Sportswear Club. Con un dise\u00f1o Swoosh audaz y una pretina con un patr\u00f3n repetido, est\u00e1n dise\u00f1ados para brindar comodidad durante todo el d\u00eda.<\/span><\/div>\n<\/div>\n<div class=\"b-productinfo\">\n<div class=\"b-productinfo__content\">\n<ul class=\"b-list--dots\">\n<li><span>Color: negro\/gris humo oscuro<\/span><\/li>\n<li><span>Modelo: DM4651-010<\/span><\/li>\n<\/ul>\n<\/div>\n<\/div>\n<div class=\"b-pdp__fulldetails-linkholder\"><\/div>\n","protected":false},"excerpt":{"rendered":"<p>SPORTSWEAR CLUB Ponte una cobertura de cintura alta con los leggings Nike Sportswear Club. Con un dise\u00f1o Swoosh audaz y<\/p>\n","protected":false},"featured_media":66968,"comment_status":"open","ping_status":"closed","template":"","meta":{"nf_dc_page":""},"product_brand":[],"product_cat":[73],"product_tag":[],"class_list":{"0":"post-66965","1":"product","2":"type-product","3":"status-publish","4":"has-post-thumbnail","6":"product_cat-femenino","8":"first","9":"instock","10":"shipping-taxable","11":"purchasable","12":"product-type-simple"},"_links":{"self":[{"href":"https:\/\/brandss.com.py\/index\/wp-json\/wp\/v2\/product\/66965","targetHints":{"allow":["GET"]}}],"collection":[{"href":"https:\/\/brandss.com.py\/index\/wp-json\/wp\/v2\/product"}],"about":[{"href":"https:\/\/brandss.com.py\/index\/wp-json\/wp\/v2\/types\/product"}],"replies":[{"embeddable":true,"href":"https:\/\/brandss.com.py\/index\/wp-json\/wp\/v2\/comments?post=66965"}],"version-history":[{"count":1,"href":"https:\/\/brandss.com.py\/index\/wp-json\/wp\/v2\/product\/66965\/revisions"}],"predecessor-version":[{"id":66975,"href":"https:\/\/brandss.com.py\/index\/wp-json\/wp\/v2\/product\/66965\/revisions\/66975"}],"wp:featuredmedia":[{"embeddable":true,"href":"https:\/\/brandss.com.py\/index\/wp-json\/wp\/v2\/media\/66968"}],"wp:attachment":[{"href":"https:\/\/brandss.com.py\/index\/wp-json\/wp\/v2\/media?parent=66965"}],"wp:term":[{"taxonomy":"product_brand","embeddable":true,"href":"https:\/\/brandss.com.py\/index\/wp-json\/wp\/v2\/product_brand?post=66965"},{"taxonomy":"product_cat","embeddable":true,"href":"https:\/\/brandss.com.py\/index\/wp-json\/wp\/v2\/product_cat?post=66965"},{"taxonomy":"product_tag","embeddable":true,"href":"https:\/\/brandss.com.py\/index\/wp-json\/wp\/v2\/product_tag?post=66965"}],"curies":[{"name":"wp","href":"https:\/\/api.w.org\/{rel}","templated":true}]}}