{"id":66981,"date":"2025-01-21T17:47:24","date_gmt":"2025-01-21T17:47:24","guid":{"rendered":"https:\/\/brandss.com.py\/index\/?post_type=product&#038;p=66981"},"modified":"2025-01-21T17:48:42","modified_gmt":"2025-01-21T17:48:42","slug":"pantalon-deportivo-infantil-nike-culture-of-basketball-tearaway","status":"publish","type":"product","link":"https:\/\/brandss.com.py\/index\/producto\/pantalon-deportivo-infantil-nike-culture-of-basketball-tearaway\/","title":{"rendered":"PANTAL\u00d3N DEPORTIVO INFANTIL NIKE CULTURE OF BASKETBALL TEARAWAY"},"content":{"rendered":"<h1><img loading=\"lazy\" decoding=\"async\" class=\"\" src=\"https:\/\/loodibee.com\/wp-content\/uploads\/Nike-Logo.png\" alt=\"Nike Logo History | FREE PNG Logos\" width=\"113\" height=\"113\" \/><\/h1>\n<h1>CULTURE OF BASKETBALL TEARAWAY<\/h1>\n<p>Mant\u00e9n a tu peque\u00f1o jugador de baloncesto moderno disparando y anotando con estos pantalones de entrenamiento desprendibles que lucen un estilo de baloncesto moderno y c\u00f3modo dentro y fuera de la cancha. Todo es baloncesto. Ah, los buenos viejos tiempos del baloncesto. Estos pantalones ligeros y desmontables recuerdan la \u00e9poca dorada del baloncesto. Lo suficientemente espacioso como para usar pantalones cortos debajo y con broches laterales para quit\u00e1rselo f\u00e1cilmente, puedes mejorar tu juego, celebrar tu amor por el baloncesto y entrar a la cancha r\u00e1pidamente y con facilidad. Sensaci\u00f3n vintage. La tela de nailon es liviana y duradera, lo que brinda la sensaci\u00f3n de un pantal\u00f3n de calentamiento cl\u00e1sico que se puede quitar. El forro de malla a\u00f1ade transpirabilidad adicional.<\/p>\n<p>&nbsp;<\/p>\n<ul class=\"d13vj\">\n<li>Personaliza tu look.<\/li>\n<li>5 broches a cada lado te permiten elegir un ajuste m\u00e1s estrecho o relajado, dependiendo de c\u00f3mo quieras usarlo.<\/li>\n<li>Ajuste ce\u00f1ido.<\/li>\n<li>La cintura el\u00e1stica proporciona el ajuste perfecto.<\/li>\n<li>Detalles del producto:\u00a0 Etiqueta tejida que dice &#8220;Dise\u00f1ado para todos los juegos&#8221; .<\/li>\n<li>Cuerpo: 100% nailon.<\/li>\n<li>Malla: 100% poli\u00e9ster.<\/li>\n<li><span>100% nailon con inserciones de malla 100% poli\u00e9ster.<\/span><\/li>\n<li><span>Lavar a m\u00e1quina, secar en secadora.<\/span><\/li>\n<li>Importado.<\/li>\n<li>Color: Negro\/ Blanco.<\/li>\n<li><span>Modelo: DQ8950-010.<\/span><\/li>\n<\/ul>\n<p>&nbsp;<\/p>\n","protected":false},"excerpt":{"rendered":"<p>CULTURE OF BASKETBALL TEARAWAY Mant\u00e9n a tu peque\u00f1o jugador de baloncesto moderno disparando y anotando con estos pantalones de entrenamiento<\/p>\n","protected":false},"featured_media":66988,"comment_status":"open","ping_status":"closed","template":"","meta":{"nf_dc_page":""},"product_brand":[],"product_cat":[75],"product_tag":[],"class_list":{"0":"post-66981","1":"product","2":"type-product","3":"status-publish","4":"has-post-thumbnail","6":"product_cat-infantil","8":"first","9":"instock","10":"shipping-taxable","11":"purchasable","12":"product-type-simple"},"_links":{"self":[{"href":"https:\/\/brandss.com.py\/index\/wp-json\/wp\/v2\/product\/66981","targetHints":{"allow":["GET"]}}],"collection":[{"href":"https:\/\/brandss.com.py\/index\/wp-json\/wp\/v2\/product"}],"about":[{"href":"https:\/\/brandss.com.py\/index\/wp-json\/wp\/v2\/types\/product"}],"replies":[{"embeddable":true,"href":"https:\/\/brandss.com.py\/index\/wp-json\/wp\/v2\/comments?post=66981"}],"version-history":[{"count":1,"href":"https:\/\/brandss.com.py\/index\/wp-json\/wp\/v2\/product\/66981\/revisions"}],"predecessor-version":[{"id":66998,"href":"https:\/\/brandss.com.py\/index\/wp-json\/wp\/v2\/product\/66981\/revisions\/66998"}],"wp:featuredmedia":[{"embeddable":true,"href":"https:\/\/brandss.com.py\/index\/wp-json\/wp\/v2\/media\/66988"}],"wp:attachment":[{"href":"https:\/\/brandss.com.py\/index\/wp-json\/wp\/v2\/media?parent=66981"}],"wp:term":[{"taxonomy":"product_brand","embeddable":true,"href":"https:\/\/brandss.com.py\/index\/wp-json\/wp\/v2\/product_brand?post=66981"},{"taxonomy":"product_cat","embeddable":true,"href":"https:\/\/brandss.com.py\/index\/wp-json\/wp\/v2\/product_cat?post=66981"},{"taxonomy":"product_tag","embeddable":true,"href":"https:\/\/brandss.com.py\/index\/wp-json\/wp\/v2\/product_tag?post=66981"}],"curies":[{"name":"wp","href":"https:\/\/api.w.org\/{rel}","templated":true}]}}