{"id":67046,"date":"2025-01-22T10:48:26","date_gmt":"2025-01-22T10:48:26","guid":{"rendered":"https:\/\/brandss.com.py\/index\/?post_type=product&#038;p=67046"},"modified":"2025-01-22T10:51:21","modified_gmt":"2025-01-22T10:51:21","slug":"moleton-deportivo-femenino-nike-sportswear-phoenix-fleece","status":"publish","type":"product","link":"https:\/\/brandss.com.py\/index\/producto\/moleton-deportivo-femenino-nike-sportswear-phoenix-fleece\/","title":{"rendered":"MOLET\u00d3N DEPORTIVO FEMENINO NIKE SPORTSWEAR PHOENIX FLEECE"},"content":{"rendered":"<p><img loading=\"lazy\" decoding=\"async\" class=\"\" src=\"https:\/\/loodibee.com\/wp-content\/uploads\/Nike-Logo.png\" alt=\"Nike Logo History | FREE PNG Logos\" width=\"91\" height=\"91\" \/><\/p>\n<h1>SPORTSWEAR PHOENIX FLEECE<\/h1>\n<p class=\"nds-text pb4-sm css-qtj9g7 e1yhcai00 appearance-body1 color-primary weight-regular\" data-testid=\"product-description\">Phoenix Fleece da nueva vida a tus favoritos para que tu look sea cualquier cosa menos b\u00e1sico. Esta sudadera de cuello redondo, amplia, pero no demasiado grande, es perfecta para el d\u00eda a d\u00eda. El tejido el\u00e1stico m\u00e1s largo en los pu\u00f1os le aporta estructura y un aspecto atrevido.<\/p>\n<div data-testid=\"benefit-section\"><\/div>\n<div data-testid=\"benefit-section\">\n<h4 class=\"nds-text pb2-sm css-1m2rxfq e1yhcai00 appearance-title4 color-primary weight-regular\" data-testid=\"benefit-header\">Ventajas<\/h4>\n<ul class=\"ncss-list-ul pb4-sm\" data-testid=\"benefit-list\">\n<li class=\"nds-text ncss-li css-xlkxpi e1yhcai00 appearance-body1 color-primary weight-regular\">El tejido Fleece cepillado, liso en el exterior y c\u00f3modo en el interior, es nuestro material de referencia para los d\u00edas m\u00e1s fr\u00edos.<\/li>\n<li class=\"nds-text ncss-li css-xlkxpi e1yhcai00 appearance-body1 color-primary weight-regular\">Ribete alargado en los pu\u00f1os y el dobladillo para una mayor comodidad y estructura.<\/li>\n<\/ul>\n<\/div>\n<div data-testid=\"benefit-section\"><\/div>\n<div data-testid=\"benefit-section\">\n<h4 class=\"nds-text pb2-sm css-1m2rxfq e1yhcai00 appearance-title4 color-primary weight-regular\" data-testid=\"benefit-header\">Detalles del producto<\/h4>\n<ul class=\"ncss-list-ul pb4-sm\" data-testid=\"benefit-list\">\n<li class=\"nds-text ncss-li css-xlkxpi e1yhcai00 appearance-body1 color-primary weight-regular\">Cuerpo: 80 % algod\u00f3n\/20 % poli\u00e9ster. El\u00e1stico: 97 % algod\u00f3n\/3 % spandex.<\/li>\n<li class=\"nds-text ncss-li css-xlkxpi e1yhcai00 appearance-body1 color-primary weight-regular\">Logotipo Swoosh bordado<\/li>\n<li class=\"nds-text ncss-li css-xlkxpi e1yhcai00 appearance-body1 color-primary weight-regular\">Lavar a m\u00e1quina<\/li>\n<li class=\"nds-text ncss-li css-xlkxpi e1yhcai00 appearance-body1 color-primary weight-regular\">De importaci\u00f3n<\/li>\n<li class=\"nds-text ncss-li css-xlkxpi e1yhcai00 appearance-body1 color-primary weight-regular\">Color mostrado: Gris oscuro jaspeado\/Sail<\/li>\n<li class=\"nds-text ncss-li css-xlkxpi e1yhcai00 appearance-body1 color-primary weight-regular\">Modelo: DQ5751-063<\/li>\n<\/ul>\n<\/div>\n","protected":false},"excerpt":{"rendered":"<p>SPORTSWEAR PHOENIX FLEECE Phoenix Fleece da nueva vida a tus favoritos para que tu look sea cualquier cosa menos b\u00e1sico.<\/p>\n","protected":false},"featured_media":67047,"comment_status":"open","ping_status":"closed","template":"","meta":{"nf_dc_page":""},"product_brand":[],"product_cat":[73],"product_tag":[],"class_list":{"0":"post-67046","1":"product","2":"type-product","3":"status-publish","4":"has-post-thumbnail","6":"product_cat-femenino","8":"first","9":"instock","10":"shipping-taxable","11":"purchasable","12":"product-type-simple"},"_links":{"self":[{"href":"https:\/\/brandss.com.py\/index\/wp-json\/wp\/v2\/product\/67046","targetHints":{"allow":["GET"]}}],"collection":[{"href":"https:\/\/brandss.com.py\/index\/wp-json\/wp\/v2\/product"}],"about":[{"href":"https:\/\/brandss.com.py\/index\/wp-json\/wp\/v2\/types\/product"}],"replies":[{"embeddable":true,"href":"https:\/\/brandss.com.py\/index\/wp-json\/wp\/v2\/comments?post=67046"}],"version-history":[{"count":1,"href":"https:\/\/brandss.com.py\/index\/wp-json\/wp\/v2\/product\/67046\/revisions"}],"predecessor-version":[{"id":67054,"href":"https:\/\/brandss.com.py\/index\/wp-json\/wp\/v2\/product\/67046\/revisions\/67054"}],"wp:featuredmedia":[{"embeddable":true,"href":"https:\/\/brandss.com.py\/index\/wp-json\/wp\/v2\/media\/67047"}],"wp:attachment":[{"href":"https:\/\/brandss.com.py\/index\/wp-json\/wp\/v2\/media?parent=67046"}],"wp:term":[{"taxonomy":"product_brand","embeddable":true,"href":"https:\/\/brandss.com.py\/index\/wp-json\/wp\/v2\/product_brand?post=67046"},{"taxonomy":"product_cat","embeddable":true,"href":"https:\/\/brandss.com.py\/index\/wp-json\/wp\/v2\/product_cat?post=67046"},{"taxonomy":"product_tag","embeddable":true,"href":"https:\/\/brandss.com.py\/index\/wp-json\/wp\/v2\/product_tag?post=67046"}],"curies":[{"name":"wp","href":"https:\/\/api.w.org\/{rel}","templated":true}]}}