{"id":67056,"date":"2025-01-22T11:28:52","date_gmt":"2025-01-22T11:28:52","guid":{"rendered":"https:\/\/brandss.com.py\/index\/?post_type=product&#038;p=67056"},"modified":"2025-01-22T11:29:36","modified_gmt":"2025-01-22T11:29:36","slug":"hoodie-deportivo-femenino-nike-jersey-ooversize-fz","status":"publish","type":"product","link":"https:\/\/brandss.com.py\/index\/producto\/hoodie-deportivo-femenino-nike-jersey-ooversize-fz\/","title":{"rendered":"HOODIE DEPORTIVO FEMENINO NIKE JERSEY OOVERSIZE FZ"},"content":{"rendered":"<p><img loading=\"lazy\" decoding=\"async\" class=\"\" src=\"https:\/\/loodibee.com\/wp-content\/uploads\/Nike-Logo.png\" alt=\"Nike Logo History | FREE PNG Logos\" width=\"90\" height=\"90\" \/><\/p>\n<h1>JERSEY OOVERSIZE FZ<\/h1>\n<p><span>Actualiza tu guardarropa sin esfuerzo. La moda moderna est\u00e1 cambiando a un ritmo vertiginoso, pero algo sigue igual. La chaqueta para mujer Nike W NSW JRSY OS FZ HOODIE no solo tiene un dise\u00f1o elegante, gracias al cual se adapta perfectamente a muchos estilos de ropa, sino tambi\u00e9n una serie de ventajas que distinguen a este modelo de sus hom\u00f3logos. <\/span><\/p>\n<p><strong>Beneficios: <\/strong><\/p>\n<p><span>Capucha con cordones para ajustar el tama\u00f1o a tus preferencias. <\/span><\/p>\n<p><span>Los pr\u00e1cticos bolsillos laterales te ayudar\u00e1n a llevar todo lo que necesitas a la vez. <\/span><\/p>\n<p><span>Ajuste el ajuste del producto con la ayuda de una cremallera en toda su longitud. <\/span><\/p>\n<p><span>Elige la sudadera Nike W NSW JRSY OS FZ HOODIE para actividades al aire libre, deportes y uso diario. <\/span><\/p>\n<p><span>D\u00e9 un paso hacia nuevas impresiones: c\u00f3mprelo ahora mismo en nuestra tienda en l\u00ednea.<\/span><\/p>\n<div class=\"pt-1 mb-2\"><\/div>\n<div class=\"pt-1 mb-2\"><span class=\"text-medium\"><span>Material:<\/span><\/span><span>\u00a0100% algod\u00f3n<\/span><\/div>\n<div class=\"pt-1 mb-2\"><span class=\"text-medium\"><span>Temporada:\u00a0<\/span><\/span><span>Media temporada<\/span><\/div>\n<div class=\"pt-1 mb-2\"><span class=\"text-medium\"><span>G\u00e9nero:<\/span><\/span><span>\u00a0\u00a0\u00a0femenino<\/span><\/div>\n<div class=\"pt-1 mb-2\"><span class=\"text-medium\"><span>Pa\u00eds de fabricaci\u00f3n:<\/span><\/span><span>\u00a0Vietnam<\/span><\/div>\n<div class=\"pt-1 mb-2\"><span class=\"text-medium\"><span>Color:\u00a0<\/span><\/span><span>Negro<\/span><\/div>\n<div class=\"pt-1 mb-2\">Modelo: DM6415-010<\/div>\n","protected":false},"excerpt":{"rendered":"<p>JERSEY OOVERSIZE FZ Actualiza tu guardarropa sin esfuerzo. La moda moderna est\u00e1 cambiando a un ritmo vertiginoso, pero algo sigue<\/p>\n","protected":false},"featured_media":67057,"comment_status":"open","ping_status":"closed","template":"","meta":{"nf_dc_page":""},"product_brand":[],"product_cat":[73],"product_tag":[],"class_list":{"0":"post-67056","1":"product","2":"type-product","3":"status-publish","4":"has-post-thumbnail","6":"product_cat-femenino","8":"first","9":"instock","10":"shipping-taxable","11":"purchasable","12":"product-type-simple"},"_links":{"self":[{"href":"https:\/\/brandss.com.py\/index\/wp-json\/wp\/v2\/product\/67056","targetHints":{"allow":["GET"]}}],"collection":[{"href":"https:\/\/brandss.com.py\/index\/wp-json\/wp\/v2\/product"}],"about":[{"href":"https:\/\/brandss.com.py\/index\/wp-json\/wp\/v2\/types\/product"}],"replies":[{"embeddable":true,"href":"https:\/\/brandss.com.py\/index\/wp-json\/wp\/v2\/comments?post=67056"}],"version-history":[{"count":1,"href":"https:\/\/brandss.com.py\/index\/wp-json\/wp\/v2\/product\/67056\/revisions"}],"predecessor-version":[{"id":67064,"href":"https:\/\/brandss.com.py\/index\/wp-json\/wp\/v2\/product\/67056\/revisions\/67064"}],"wp:featuredmedia":[{"embeddable":true,"href":"https:\/\/brandss.com.py\/index\/wp-json\/wp\/v2\/media\/67057"}],"wp:attachment":[{"href":"https:\/\/brandss.com.py\/index\/wp-json\/wp\/v2\/media?parent=67056"}],"wp:term":[{"taxonomy":"product_brand","embeddable":true,"href":"https:\/\/brandss.com.py\/index\/wp-json\/wp\/v2\/product_brand?post=67056"},{"taxonomy":"product_cat","embeddable":true,"href":"https:\/\/brandss.com.py\/index\/wp-json\/wp\/v2\/product_cat?post=67056"},{"taxonomy":"product_tag","embeddable":true,"href":"https:\/\/brandss.com.py\/index\/wp-json\/wp\/v2\/product_tag?post=67056"}],"curies":[{"name":"wp","href":"https:\/\/api.w.org\/{rel}","templated":true}]}}