{"id":67065,"date":"2025-01-22T11:59:20","date_gmt":"2025-01-22T11:59:20","guid":{"rendered":"https:\/\/brandss.com.py\/index\/?post_type=product&#038;p=67065"},"modified":"2025-01-22T12:00:02","modified_gmt":"2025-01-22T12:00:02","slug":"camiseta-deportivo-femenino-nike-dri-fit-element-crew-plus-mangas-largas","status":"publish","type":"product","link":"https:\/\/brandss.com.py\/index\/producto\/camiseta-deportivo-femenino-nike-dri-fit-element-crew-plus-mangas-largas\/","title":{"rendered":"CAMISETA DEPORTIVO FEMENINO NIKE DRI-FIT ELEMENT CREW PLUS MANGAS LARGAS"},"content":{"rendered":"<p><img loading=\"lazy\" decoding=\"async\" class=\"\" src=\"https:\/\/loodibee.com\/wp-content\/uploads\/Nike-Logo.png\" alt=\"Nike Logo History | FREE PNG Logos\" width=\"96\" height=\"96\" \/><\/p>\n<h1>DRI-FIT ELEMENT CREW PLUS<\/h1>\n<div class=\"content\">\n<div class=\"product-desc\">\n<p><span>La camiseta Nike est\u00e1 de vuelta con mangas completamente nuevas que incluyen una ventana para ver f\u00e1cilmente tu reloj. Ll\u00e9vala sola, como primera capa o como capa intermedia. Este producto est\u00e1 fabricado con al menos un 75 % de fibra de poli\u00e9ster reciclada.<\/span><\/p>\n<ul>\n<li><span>Este producto de tela est\u00e1 elaborado con al menos un 75% de poli\u00e9ster reciclado y te brinda un soporte \u00f3ptimo para tus carreras.<\/span><\/li>\n<li><span>La tecnolog\u00eda Dri-FIT te mantiene seco y c\u00f3modo.<\/span><\/li>\n<li><span>Las mangas y los pu\u00f1os redise\u00f1ados incluyen una ventana para acceder f\u00e1cilmente a su reloj y al kilometraje.<\/span><\/li>\n<li><span>Los orificios para los pulgares proporcionan protecci\u00f3n adicional para tus manos.<\/span><\/li>\n<li><span>El bolsillo invisible en el lado izquierdo te permite guardar una llave o un mapa.<\/span><\/li>\n<li><span class=\"label\">Color: <\/span><span class=\"data\">negro \/ plata.<\/span><\/li>\n<li>Modelo: <span class=\"data\">DJ2553-010<\/span><\/li>\n<\/ul>\n<\/div>\n<\/div>\n<div class=\"content\">\n<div class=\"std\">\n<div id=\"product-attribute-specs\" class=\"product-attributes\">\n<div class=\"table-row\"><\/div>\n<\/div>\n<\/div>\n<\/div>\n","protected":false},"excerpt":{"rendered":"<p>DRI-FIT ELEMENT CREW PLUS La camiseta Nike est\u00e1 de vuelta con mangas completamente nuevas que incluyen una ventana para ver<\/p>\n","protected":false},"featured_media":67066,"comment_status":"open","ping_status":"closed","template":"","meta":{"nf_dc_page":""},"product_brand":[],"product_cat":[73],"product_tag":[],"class_list":{"0":"post-67065","1":"product","2":"type-product","3":"status-publish","4":"has-post-thumbnail","6":"product_cat-femenino","8":"first","9":"instock","10":"shipping-taxable","11":"purchasable","12":"product-type-simple"},"_links":{"self":[{"href":"https:\/\/brandss.com.py\/index\/wp-json\/wp\/v2\/product\/67065","targetHints":{"allow":["GET"]}}],"collection":[{"href":"https:\/\/brandss.com.py\/index\/wp-json\/wp\/v2\/product"}],"about":[{"href":"https:\/\/brandss.com.py\/index\/wp-json\/wp\/v2\/types\/product"}],"replies":[{"embeddable":true,"href":"https:\/\/brandss.com.py\/index\/wp-json\/wp\/v2\/comments?post=67065"}],"version-history":[{"count":1,"href":"https:\/\/brandss.com.py\/index\/wp-json\/wp\/v2\/product\/67065\/revisions"}],"predecessor-version":[{"id":67074,"href":"https:\/\/brandss.com.py\/index\/wp-json\/wp\/v2\/product\/67065\/revisions\/67074"}],"wp:featuredmedia":[{"embeddable":true,"href":"https:\/\/brandss.com.py\/index\/wp-json\/wp\/v2\/media\/67066"}],"wp:attachment":[{"href":"https:\/\/brandss.com.py\/index\/wp-json\/wp\/v2\/media?parent=67065"}],"wp:term":[{"taxonomy":"product_brand","embeddable":true,"href":"https:\/\/brandss.com.py\/index\/wp-json\/wp\/v2\/product_brand?post=67065"},{"taxonomy":"product_cat","embeddable":true,"href":"https:\/\/brandss.com.py\/index\/wp-json\/wp\/v2\/product_cat?post=67065"},{"taxonomy":"product_tag","embeddable":true,"href":"https:\/\/brandss.com.py\/index\/wp-json\/wp\/v2\/product_tag?post=67065"}],"curies":[{"name":"wp","href":"https:\/\/api.w.org\/{rel}","templated":true}]}}