{"id":67075,"date":"2025-01-22T12:45:08","date_gmt":"2025-01-22T12:45:08","guid":{"rendered":"https:\/\/brandss.com.py\/index\/?post_type=product&#038;p=67075"},"modified":"2025-01-22T12:46:02","modified_gmt":"2025-01-22T12:46:02","slug":"sueter-deportivo-femenino-nike-yoga-cover-up","status":"publish","type":"product","link":"https:\/\/brandss.com.py\/index\/producto\/sueter-deportivo-femenino-nike-yoga-cover-up\/","title":{"rendered":"SUETER DEPORTIVO FEMENINO NIKE YOGA COVER UP"},"content":{"rendered":"<p><img loading=\"lazy\" decoding=\"async\" class=\"\" src=\"https:\/\/loodibee.com\/wp-content\/uploads\/Nike-Logo.png\" alt=\"Nike Logo History | FREE PNG Logos\" width=\"124\" height=\"124\" \/><\/p>\n<h1>YOGA COVER UP<\/h1>\n<div class=\"flex-shrink-0 flex flex-col relative items-end\">\n<div>\n<div class=\"pt-0\">\n<div class=\"gizmo-bot-avatar flex h-8 w-8 items-center justify-center overflow-hidden rounded-full\">\n<div class=\"relative p-1 rounded-sm flex items-center justify-center bg-token-main-surface-primary text-token-text-primary h-8 w-8\"><\/div>\n<\/div>\n<\/div>\n<\/div>\n<\/div>\n<div class=\"group\/conversation-turn relative flex w-full min-w-0 flex-col agent-turn\">\n<div class=\"flex-col gap-1 md:gap-3\">\n<div class=\"flex max-w-full flex-col flex-grow\">\n<div class=\"min-h-8 text-message flex w-full flex-col items-end gap-2 whitespace-normal break-words text-start [.text-message+&amp;]:mt-5\" dir=\"auto\" data-message-author-role=\"assistant\" data-message-id=\"eb671dc6-dfb6-4d17-a110-166bd4950e10\" data-message-model-slug=\"gpt-4o\">\n<div class=\"flex w-full flex-col gap-1 empty:hidden first:pt-[3px]\">\n<div class=\"markdown prose w-full break-words dark:prose-invert light\">\n<p><span>E<\/span><span>s un su\u00e9ter dise\u00f1ado para mujeres que buscan comodidad, estilo y funcionalidad, ideal para actividades de yoga o para usar en el d\u00eda a d\u00eda.\u00a0<\/span><\/p>\n<ul>\n<li><strong><span>Dise\u00f1o<\/span><\/strong><span> : Su\u00e9ter de estilo relajado con un corte ligeramente holgado que permite una mayor movilidad y comodidad. Perfecto para colocarlo sobre otras prendas antes o despu\u00e9s de las sesiones de yoga.<\/span><\/li>\n<li><strong><span>Materiales<\/span><\/strong><span> : Fabricado con tejido suave y c\u00e1lido, dise\u00f1ado para brindar confort en climas frescos. Es ideal para mantener la calidez sin comprometer la transpirabilidad.<\/span><\/li>\n<li><strong><span>Patr\u00f3n<\/span><\/strong><span> : Posee un dise\u00f1o de textura acanalada, lo que a\u00f1ade un toque moderno y sofisticado al estilo deportivo.<\/span><\/li>\n<li><strong><span>Color<\/span><\/strong><span> : El modelo presenta una combinaci\u00f3n de tonos oscuros, con base negra y detalles rojizos\/marrones que le dan un aspecto elegante y vers\u00e1til.<\/span><\/li>\n<li><strong><span>Detalles<\/span><\/strong><span> :<\/span>\n<ul>\n<li><strong><span>Cuello redondo<\/span><\/strong><span> : Proporciona un look cl\u00e1sico y comodidad al vestir.<\/span><\/li>\n<li><strong><span>Pu\u00f1os acanalados<\/span><\/strong><span> : Ayudan a mantener las mangas en su lugar y ofrecen un ajuste seguro.<\/span><\/li>\n<li><strong><span>Dobladillo<\/span><\/strong><span> : El borde inferior acanalado asegura un ajuste c\u00f3modo que se adapta al cuerpo sin restringir el movimiento.<\/span><\/li>\n<\/ul>\n<\/li>\n<li><strong><span>Uso<\/span><\/strong><span> : Ideal para actividades ligeras como yoga, estiramientos o para combinar con leggings y crear un atuendo casual de estilo deportivo.<\/span><\/li>\n<\/ul>\n<p><span>Este su\u00e9ter combina practicidad y est\u00e9tica, siendo una excelente opci\u00f3n para quienes valoran la moda funcional.<\/span><\/p>\n<p>Modelo: DM6992-217<\/p>\n<\/div>\n<\/div>\n<\/div>\n<\/div>\n<\/div>\n<\/div>\n","protected":false},"excerpt":{"rendered":"<p>YOGA COVER UP Es un su\u00e9ter dise\u00f1ado para mujeres que buscan comodidad, estilo y funcionalidad, ideal para actividades de yoga<\/p>\n","protected":false},"featured_media":67076,"comment_status":"open","ping_status":"closed","template":"","meta":{"nf_dc_page":""},"product_brand":[],"product_cat":[73],"product_tag":[],"class_list":{"0":"post-67075","1":"product","2":"type-product","3":"status-publish","4":"has-post-thumbnail","6":"product_cat-femenino","8":"first","9":"instock","10":"shipping-taxable","11":"purchasable","12":"product-type-simple"},"_links":{"self":[{"href":"https:\/\/brandss.com.py\/index\/wp-json\/wp\/v2\/product\/67075","targetHints":{"allow":["GET"]}}],"collection":[{"href":"https:\/\/brandss.com.py\/index\/wp-json\/wp\/v2\/product"}],"about":[{"href":"https:\/\/brandss.com.py\/index\/wp-json\/wp\/v2\/types\/product"}],"replies":[{"embeddable":true,"href":"https:\/\/brandss.com.py\/index\/wp-json\/wp\/v2\/comments?post=67075"}],"version-history":[{"count":1,"href":"https:\/\/brandss.com.py\/index\/wp-json\/wp\/v2\/product\/67075\/revisions"}],"predecessor-version":[{"id":67082,"href":"https:\/\/brandss.com.py\/index\/wp-json\/wp\/v2\/product\/67075\/revisions\/67082"}],"wp:featuredmedia":[{"embeddable":true,"href":"https:\/\/brandss.com.py\/index\/wp-json\/wp\/v2\/media\/67076"}],"wp:attachment":[{"href":"https:\/\/brandss.com.py\/index\/wp-json\/wp\/v2\/media?parent=67075"}],"wp:term":[{"taxonomy":"product_brand","embeddable":true,"href":"https:\/\/brandss.com.py\/index\/wp-json\/wp\/v2\/product_brand?post=67075"},{"taxonomy":"product_cat","embeddable":true,"href":"https:\/\/brandss.com.py\/index\/wp-json\/wp\/v2\/product_cat?post=67075"},{"taxonomy":"product_tag","embeddable":true,"href":"https:\/\/brandss.com.py\/index\/wp-json\/wp\/v2\/product_tag?post=67075"}],"curies":[{"name":"wp","href":"https:\/\/api.w.org\/{rel}","templated":true}]}}