{"id":67091,"date":"2025-01-22T13:21:04","date_gmt":"2025-01-22T13:21:04","guid":{"rendered":"https:\/\/brandss.com.py\/index\/?post_type=product&#038;p=67091"},"modified":"2025-04-07T10:59:17","modified_gmt":"2025-04-07T10:59:17","slug":"ventilador-britania-columna-turb-maxx-force-bvt450-220v","status":"publish","type":"product","link":"https:\/\/brandss.com.py\/index\/producto\/ventilador-britania-columna-turb-maxx-force-bvt450-220v\/","title":{"rendered":"VENTILADOR BRITANIA COLUMNA TURB MAXX FORCE BVT450 220V"},"content":{"rendered":"<p><img loading=\"lazy\" decoding=\"async\" class=\"\" src=\"https:\/\/encrypted-tbn0.gstatic.com\/images?q=tbn:ANd9GcS4eyJooRn9X10pFq63C2xcyFv03OaI54XR7g&amp;s\" alt=\"Britania Paraguay - Electrodom\u00e9sticos y utensilios para la casa .\" width=\"207\" height=\"59\" \/><\/p>\n<h1>COLUMNA TURB MAXX FORCE<\/h1>\n<p>\u00bfEst\u00e1s cansado de pasar calor? \u00a1Cuenta con el Ventilador de Columna BVT450 160W y refr\u00e9scate donde quieras! \u00a1Eso es mucho poder de ventilaci\u00f3n con la tecnolog\u00eda Maxx Force! H\u00e9lice de 6 de 40cm, capta mucho caudal de aire y, lo mejor de todo, consume poca energ\u00eda, ya que tiene una calificaci\u00f3n energ\u00e9tica \u201cA\u201d y un ruido m\u00ednimo. Flexible y pr\u00e1ctico, aj\u00fastalo para adaptarlo mejor a tus necesidades. \u00a1Con oscilaci\u00f3n vertical, ajuste de altura de columna y oscilaci\u00f3n horizontal autom\u00e1tica, podr\u00e1s hacer tus ambientes mucho m\u00e1s agradables! \u00a1Tu seguridad es lo primero! El Ventilador de Columna BVT450 Maxx Force 160W est\u00e1 equipado con un motor con sistema de interrupci\u00f3n autom\u00e1tica en caso de sobrecalentamiento del producto.<\/p>\n","protected":false},"excerpt":{"rendered":"<p>COLUMNA TURB MAXX FORCE \u00bfEst\u00e1s cansado de pasar calor? \u00a1Cuenta con el Ventilador de Columna BVT450 160W y refr\u00e9scate donde<\/p>\n","protected":false},"featured_media":67092,"comment_status":"open","ping_status":"closed","template":"","meta":{"nf_dc_page":""},"product_brand":[],"product_cat":[89],"product_tag":[],"class_list":{"0":"post-67091","1":"product","2":"type-product","3":"status-publish","4":"has-post-thumbnail","6":"product_cat-electronicos","8":"first","9":"instock","10":"shipping-taxable","11":"purchasable","12":"product-type-simple"},"_links":{"self":[{"href":"https:\/\/brandss.com.py\/index\/wp-json\/wp\/v2\/product\/67091","targetHints":{"allow":["GET"]}}],"collection":[{"href":"https:\/\/brandss.com.py\/index\/wp-json\/wp\/v2\/product"}],"about":[{"href":"https:\/\/brandss.com.py\/index\/wp-json\/wp\/v2\/types\/product"}],"replies":[{"embeddable":true,"href":"https:\/\/brandss.com.py\/index\/wp-json\/wp\/v2\/comments?post=67091"}],"version-history":[{"count":2,"href":"https:\/\/brandss.com.py\/index\/wp-json\/wp\/v2\/product\/67091\/revisions"}],"predecessor-version":[{"id":67100,"href":"https:\/\/brandss.com.py\/index\/wp-json\/wp\/v2\/product\/67091\/revisions\/67100"}],"wp:featuredmedia":[{"embeddable":true,"href":"https:\/\/brandss.com.py\/index\/wp-json\/wp\/v2\/media\/67092"}],"wp:attachment":[{"href":"https:\/\/brandss.com.py\/index\/wp-json\/wp\/v2\/media?parent=67091"}],"wp:term":[{"taxonomy":"product_brand","embeddable":true,"href":"https:\/\/brandss.com.py\/index\/wp-json\/wp\/v2\/product_brand?post=67091"},{"taxonomy":"product_cat","embeddable":true,"href":"https:\/\/brandss.com.py\/index\/wp-json\/wp\/v2\/product_cat?post=67091"},{"taxonomy":"product_tag","embeddable":true,"href":"https:\/\/brandss.com.py\/index\/wp-json\/wp\/v2\/product_tag?post=67091"}],"curies":[{"name":"wp","href":"https:\/\/api.w.org\/{rel}","templated":true}]}}