{"id":67101,"date":"2025-01-22T13:39:44","date_gmt":"2025-01-22T13:39:44","guid":{"rendered":"https:\/\/brandss.com.py\/index\/?post_type=product&#038;p=67101"},"modified":"2025-04-07T10:58:21","modified_gmt":"2025-04-07T10:58:21","slug":"ventilador-britania-de-mesa-maxx-force-bvt400-220v","status":"publish","type":"product","link":"https:\/\/brandss.com.py\/index\/producto\/ventilador-britania-de-mesa-maxx-force-bvt400-220v\/","title":{"rendered":"VENTILADOR BRITANIA DE MESA MAXX FORCE BVT400 220V"},"content":{"rendered":"<p><img loading=\"lazy\" decoding=\"async\" class=\"\" src=\"https:\/\/encrypted-tbn0.gstatic.com\/images?q=tbn:ANd9GcS4eyJooRn9X10pFq63C2xcyFv03OaI54XR7g&amp;s\" alt=\"Britania Paraguay - Electrodom\u00e9sticos y utensilios para la casa .\" width=\"123\" height=\"35\" \/><\/p>\n<h1>MAXX FORCE BVT400<\/h1>\n<p>\u00a1El Ventilador BVT400 es una gran opci\u00f3n para refrescarte con varias funciones para tu bienestar! Tiene 3 velocidades que se adaptan a tus necesidades, elige entre opciones suave, moderada e intensa. La potencia de 150W, la h\u00e9lice de nueva forma y la tecnolog\u00eda Maxx Force, una 6 h\u00e9lice de 40 cm, proporcionan mayor flujo de aire y capacidad de ventilaci\u00f3n. \u00a0La flexibilidad del ventilador BVT400 proporciona 3 opciones de inclinaci\u00f3n vertical y un bot\u00f3n que activa la oscilaci\u00f3n horizontal autom\u00e1tica. 2 en 1, aprovecha toda esta versatilidad y utiliza el ventilador sobre mesa, bajo encimera o como ventilador de pared. La seguridad no es un problema, el motor con fusible t\u00e9rmico impide el funcionamiento del producto si se sobrecalienta, adem\u00e1s del sistema de bloqueo de la rejilla. \u00a1El ventilador con tecnolog\u00eda BVT400 150W marca la diferencia al mitigar el calor, brindando comodidad y frescura!<\/p>\n<p>&nbsp;<\/p>\n<p><strong><big>VENTILADOR DE MESA BRITANIA BVT400<\/big><\/strong><\/p>\n<p><strong><big>Especificaciones:<\/big><\/strong><\/p>\n<p>\u2022 3 velocidades<br \/>\n\u2022 6 H\u00e9lices<br \/>\n\u2022 Potencia 150W<br \/>\n\u2022 Rejilla que cumple con las normas de seguridad (contacto con partes m\u00f3viles)<br \/>\n\u2022 Oscilaci\u00f3n horizontal autom\u00e1tica con nuevo sistema de accionamiento (bot\u00f3n integrado en la carcasa)<br \/>\n\u2022 Sistema de articulaci\u00f3n para ajustar la inclinaci\u00f3n vertical<br \/>\n\u2022 Portacable<br \/>\n\u2022 Nuevo sistema de bloqueo entre rejilla delantera y trasera<br \/>\n\u2022 Asa en la rejilla trasera para transporte del dispositivo<br \/>\n\u2022 Motor con fusible t\u00e9rmico de seguridad.<\/p>\n","protected":false},"excerpt":{"rendered":"<p>MAXX FORCE BVT400 \u00a1El Ventilador BVT400 es una gran opci\u00f3n para refrescarte con varias funciones para tu bienestar! Tiene 3<\/p>\n","protected":false},"featured_media":67102,"comment_status":"open","ping_status":"closed","template":"","meta":{"nf_dc_page":""},"product_brand":[],"product_cat":[89],"product_tag":[],"class_list":{"0":"post-67101","1":"product","2":"type-product","3":"status-publish","4":"has-post-thumbnail","6":"product_cat-electronicos","8":"first","9":"instock","10":"shipping-taxable","11":"purchasable","12":"product-type-simple"},"_links":{"self":[{"href":"https:\/\/brandss.com.py\/index\/wp-json\/wp\/v2\/product\/67101","targetHints":{"allow":["GET"]}}],"collection":[{"href":"https:\/\/brandss.com.py\/index\/wp-json\/wp\/v2\/product"}],"about":[{"href":"https:\/\/brandss.com.py\/index\/wp-json\/wp\/v2\/types\/product"}],"replies":[{"embeddable":true,"href":"https:\/\/brandss.com.py\/index\/wp-json\/wp\/v2\/comments?post=67101"}],"version-history":[{"count":1,"href":"https:\/\/brandss.com.py\/index\/wp-json\/wp\/v2\/product\/67101\/revisions"}],"predecessor-version":[{"id":67107,"href":"https:\/\/brandss.com.py\/index\/wp-json\/wp\/v2\/product\/67101\/revisions\/67107"}],"wp:featuredmedia":[{"embeddable":true,"href":"https:\/\/brandss.com.py\/index\/wp-json\/wp\/v2\/media\/67102"}],"wp:attachment":[{"href":"https:\/\/brandss.com.py\/index\/wp-json\/wp\/v2\/media?parent=67101"}],"wp:term":[{"taxonomy":"product_brand","embeddable":true,"href":"https:\/\/brandss.com.py\/index\/wp-json\/wp\/v2\/product_brand?post=67101"},{"taxonomy":"product_cat","embeddable":true,"href":"https:\/\/brandss.com.py\/index\/wp-json\/wp\/v2\/product_cat?post=67101"},{"taxonomy":"product_tag","embeddable":true,"href":"https:\/\/brandss.com.py\/index\/wp-json\/wp\/v2\/product_tag?post=67101"}],"curies":[{"name":"wp","href":"https:\/\/api.w.org\/{rel}","templated":true}]}}