{"id":67108,"date":"2025-01-22T14:07:26","date_gmt":"2025-01-22T14:07:26","guid":{"rendered":"https:\/\/brandss.com.py\/index\/?post_type=product&#038;p=67108"},"modified":"2025-01-22T14:41:08","modified_gmt":"2025-01-22T14:41:08","slug":"camiseta-deportivo-femenino-nike-therma-fit-one-mangas-largas","status":"publish","type":"product","link":"https:\/\/brandss.com.py\/index\/producto\/camiseta-deportivo-femenino-nike-therma-fit-one-mangas-largas\/","title":{"rendered":"CAMISETA DEPORTIVO FEMENINO NIKE THERMA-FIT ONE MANGAS LARGAS"},"content":{"rendered":"<p><img loading=\"lazy\" decoding=\"async\" class=\"\" src=\"https:\/\/loodibee.com\/wp-content\/uploads\/Nike-Logo.png\" alt=\"Nike Logo History | FREE PNG Logos\" width=\"141\" height=\"141\" \/><\/p>\n<h1>THERMA-FIT ONE<\/h1>\n<div class=\"b-fullpdpdetails__heading\">EL \u00daNICO PARA CALIDEZ EN CUALQUIER MOMENTO.<\/div>\n<div class=\"b-fullpdpdetails__item\" data-prop-name=\"productDescription\">La camiseta Therma-FIT One est\u00e1 dise\u00f1ada para adaptarse a todos los movimientos y est\u00e1 confeccionada con un tejido polar suave que te mantiene abrigado antes, durante y despu\u00e9s de tu entrenamiento. La tela altamente el\u00e1stica con poder absorbente del sudor se adapta a cada movimiento y te ayuda a mantenerte seco.<\/div>\n<div class=\"b-fullpdpdetails__attribute\" data-id=\"gmg_productSpecifications\">\n<div class=\"b-fullpdpdetails__section\">\n<div class=\"b-fullpdpdetails__title\">M\u00e1s beneficios<\/div>\n<div class=\"b-productdata__content\">El estampado &#8220;Just Do It&#8221; en el dobladillo interior transmite un mensaje inspirador, solo para ti.<\/div>\n<\/div>\n<div class=\"b-fullpdpdetails__section\">\n<div class=\"b-fullpdpdetails__title\">Detalles del producto<\/div>\n<div class=\"b-productdata__content\">\n<ul class=\"b-list--dots\">\n<li>Color: blanco\/ negro<\/li>\n<li>Estilo: DD4927-100<\/li>\n<\/ul>\n<\/div>\n<\/div>\n<\/div>\n<div class=\"b-fullpdpdetails__attribute\" data-id=\"gmg_enhancedBenefits\">\n<div class=\"b-fullpdpdetails__section\">\n<div class=\"b-fullpdpdetails__title\">Siente el calor<\/div>\n<div class=\"b-productdata__content\">La tecnolog\u00eda Nike Therma-FIT ayuda a controlar el calor natural de tu cuerpo para mantenerte abrigado en condiciones clim\u00e1ticas fr\u00edas.<\/div>\n<\/div>\n<div class=\"b-fullpdpdetails__section\">\n<div class=\"b-fullpdpdetails__title\">Mu\u00e9vete con comodidad<\/div>\n<div class=\"b-productdata__content\">El tejido polar suave y c\u00e1lido se curva hacia abajo en el dobladillo trasero para brindar un poco m\u00e1s de cobertura. Las peque\u00f1as aberturas laterales brindan m\u00e1s flexibilidad mientras te mueves.<\/div>\n<\/div>\n<div class=\"b-fullpdpdetails__section\">\n<div class=\"b-fullpdpdetails__title\">Luce lo mejor posible<\/div>\n<\/div>\n<\/div>\n","protected":false},"excerpt":{"rendered":"<p>THERMA-FIT ONE EL \u00daNICO PARA CALIDEZ EN CUALQUIER MOMENTO. La camiseta Therma-FIT One est\u00e1 dise\u00f1ada para adaptarse a todos los<\/p>\n","protected":false},"featured_media":67109,"comment_status":"open","ping_status":"closed","template":"","meta":{"nf_dc_page":""},"product_brand":[],"product_cat":[73],"product_tag":[],"class_list":{"0":"post-67108","1":"product","2":"type-product","3":"status-publish","4":"has-post-thumbnail","6":"product_cat-femenino","8":"first","9":"instock","10":"shipping-taxable","11":"purchasable","12":"product-type-simple"},"_links":{"self":[{"href":"https:\/\/brandss.com.py\/index\/wp-json\/wp\/v2\/product\/67108","targetHints":{"allow":["GET"]}}],"collection":[{"href":"https:\/\/brandss.com.py\/index\/wp-json\/wp\/v2\/product"}],"about":[{"href":"https:\/\/brandss.com.py\/index\/wp-json\/wp\/v2\/types\/product"}],"replies":[{"embeddable":true,"href":"https:\/\/brandss.com.py\/index\/wp-json\/wp\/v2\/comments?post=67108"}],"version-history":[{"count":3,"href":"https:\/\/brandss.com.py\/index\/wp-json\/wp\/v2\/product\/67108\/revisions"}],"predecessor-version":[{"id":67124,"href":"https:\/\/brandss.com.py\/index\/wp-json\/wp\/v2\/product\/67108\/revisions\/67124"}],"wp:featuredmedia":[{"embeddable":true,"href":"https:\/\/brandss.com.py\/index\/wp-json\/wp\/v2\/media\/67109"}],"wp:attachment":[{"href":"https:\/\/brandss.com.py\/index\/wp-json\/wp\/v2\/media?parent=67108"}],"wp:term":[{"taxonomy":"product_brand","embeddable":true,"href":"https:\/\/brandss.com.py\/index\/wp-json\/wp\/v2\/product_brand?post=67108"},{"taxonomy":"product_cat","embeddable":true,"href":"https:\/\/brandss.com.py\/index\/wp-json\/wp\/v2\/product_cat?post=67108"},{"taxonomy":"product_tag","embeddable":true,"href":"https:\/\/brandss.com.py\/index\/wp-json\/wp\/v2\/product_tag?post=67108"}],"curies":[{"name":"wp","href":"https:\/\/api.w.org\/{rel}","templated":true}]}}