{"id":67115,"date":"2025-01-22T14:23:08","date_gmt":"2025-01-22T14:23:08","guid":{"rendered":"https:\/\/brandss.com.py\/index\/?post_type=product&#038;p=67115"},"modified":"2025-01-22T14:24:00","modified_gmt":"2025-01-22T14:24:00","slug":"camiseta-deportivo-femenino-nike-dri-fit-uv-one-luxe-mangas-largas","status":"publish","type":"product","link":"https:\/\/brandss.com.py\/index\/producto\/camiseta-deportivo-femenino-nike-dri-fit-uv-one-luxe-mangas-largas\/","title":{"rendered":"CAMISETA DEPORTIVO FEMENINO NIKE DRI-FIT UV ONE LUXE MANGAS LARGAS"},"content":{"rendered":"<p><img loading=\"lazy\" decoding=\"async\" class=\"\" src=\"https:\/\/loodibee.com\/wp-content\/uploads\/Nike-Logo.png\" alt=\"Nike Logo History | FREE PNG Logos\" width=\"95\" height=\"95\" \/><\/p>\n<h1>DRI-FIT UV ONE LUXE<\/h1>\n<div class=\"b-fullpdpdetails__heading\"><strong>COMODIDAD ELEVADA PARA CUALQUIER ENTRENAMIENTO.<\/strong><\/div>\n<div class=\"b-fullpdpdetails__item\" data-prop-name=\"productDescription\"><span>La camiseta Nike Dri-FIT One Luxe est\u00e1 dise\u00f1ada para todas las formas de hacer ejercicio, desde yoga hasta entrenamiento de intervalos de alta intensidad y carreras largas. Como parte de la l\u00ednea Nike Luxe, esta camiseta define el lujo con un tejido suave y sedoso que respira para mantenerte seco y fresco. Est\u00e1 hecha con al menos un 75 % de fibras de poli\u00e9ster recicladas.<\/span><\/div>\n<div class=\"b-fullpdpdetails__attribute\" data-id=\"gmg_productSpecifications\">\n<div class=\"b-fullpdpdetails__section\">\n<div class=\"b-fullpdpdetails__title\"><\/div>\n<div class=\"b-productdata__content\">\n<ul class=\"b-list--dots\">\n<li><span>Ni demasiado apretado ni demasiado suelto, el dise\u00f1o resalta tu forma natural sin sentirse restrictivo.<\/span><\/li>\n<li><span>El estampado &#8220;Just Do It&#8221; en el dobladillo interior transmite un mensaje inspirador, solo para ti.<\/span><\/li>\n<li><span>Color: Mu\u00f1eca<\/span><\/li>\n<li><span>Estilo: DD0620-530<\/span><\/li>\n<\/ul>\n<\/div>\n<\/div>\n<div class=\"b-fullpdpdetails__section\">\n<div class=\"b-productdata__content\"><\/div>\n<\/div>\n<\/div>\n<div class=\"b-fullpdpdetails__attribute\" data-id=\"gmg_enhancedBenefits\">\n<div class=\"b-fullpdpdetails__section\">\n<div class=\"b-fullpdpdetails__title\"><strong>El lujo es m\u00e1s<\/strong><\/div>\n<div><\/div>\n<div class=\"b-productdata__content\"><span>Esta camiseta, que forma parte de la l\u00ednea Nike Luxe, lleva la comodidad al siguiente nivel con un tejido suave como la mantequilla que se siente incre\u00edble. Es a\u00fan mejor con un logotipo Swoosh con dise\u00f1o reflectante en el pecho.<\/span><\/div>\n<\/div>\n<div class=\"b-fullpdpdetails__section\">\n<div><\/div>\n<div class=\"b-fullpdpdetails__title\"><strong>Sudarlo<\/strong><\/div>\n<div><\/div>\n<div class=\"b-productdata__content\"><span>El dise\u00f1o transpirable con tecnolog\u00eda Nike Dri-FIT aleja el sudor de tu cuerpo para una evaporaci\u00f3n m\u00e1s r\u00e1pida, lo que te ayuda a mantenerte seco y fresco.<\/span><\/div>\n<\/div>\n<div class=\"b-fullpdpdetails__section\">\n<div><\/div>\n<div class=\"b-fullpdpdetails__title\"><strong>Mu\u00e9vete con comodidad<\/strong><\/div>\n<div><\/div>\n<div class=\"b-productdata__content\"><span>La tela suave y lisa se curva hacia abajo en el dobladillo trasero para brindar un poco m\u00e1s de cobertura. Las peque\u00f1as aberturas laterales brindan m\u00e1s flexibilidad mientras te mueves.<\/span><\/div>\n<\/div>\n<\/div>\n<p>&nbsp;<\/p>\n","protected":false},"excerpt":{"rendered":"<p>DRI-FIT UV ONE LUXE COMODIDAD ELEVADA PARA CUALQUIER ENTRENAMIENTO. La camiseta Nike Dri-FIT One Luxe est\u00e1 dise\u00f1ada para todas las<\/p>\n","protected":false},"featured_media":67116,"comment_status":"open","ping_status":"closed","template":"","meta":{"nf_dc_page":""},"product_brand":[],"product_cat":[73],"product_tag":[],"class_list":{"0":"post-67115","1":"product","2":"type-product","3":"status-publish","4":"has-post-thumbnail","6":"product_cat-femenino","8":"first","9":"instock","10":"shipping-taxable","11":"purchasable","12":"product-type-simple"},"_links":{"self":[{"href":"https:\/\/brandss.com.py\/index\/wp-json\/wp\/v2\/product\/67115","targetHints":{"allow":["GET"]}}],"collection":[{"href":"https:\/\/brandss.com.py\/index\/wp-json\/wp\/v2\/product"}],"about":[{"href":"https:\/\/brandss.com.py\/index\/wp-json\/wp\/v2\/types\/product"}],"replies":[{"embeddable":true,"href":"https:\/\/brandss.com.py\/index\/wp-json\/wp\/v2\/comments?post=67115"}],"version-history":[{"count":1,"href":"https:\/\/brandss.com.py\/index\/wp-json\/wp\/v2\/product\/67115\/revisions"}],"predecessor-version":[{"id":67122,"href":"https:\/\/brandss.com.py\/index\/wp-json\/wp\/v2\/product\/67115\/revisions\/67122"}],"wp:featuredmedia":[{"embeddable":true,"href":"https:\/\/brandss.com.py\/index\/wp-json\/wp\/v2\/media\/67116"}],"wp:attachment":[{"href":"https:\/\/brandss.com.py\/index\/wp-json\/wp\/v2\/media?parent=67115"}],"wp:term":[{"taxonomy":"product_brand","embeddable":true,"href":"https:\/\/brandss.com.py\/index\/wp-json\/wp\/v2\/product_brand?post=67115"},{"taxonomy":"product_cat","embeddable":true,"href":"https:\/\/brandss.com.py\/index\/wp-json\/wp\/v2\/product_cat?post=67115"},{"taxonomy":"product_tag","embeddable":true,"href":"https:\/\/brandss.com.py\/index\/wp-json\/wp\/v2\/product_tag?post=67115"}],"curies":[{"name":"wp","href":"https:\/\/api.w.org\/{rel}","templated":true}]}}