{"id":67125,"date":"2025-01-22T14:46:31","date_gmt":"2025-01-22T14:46:31","guid":{"rendered":"https:\/\/brandss.com.py\/index\/?post_type=product&#038;p=67125"},"modified":"2025-01-22T14:47:12","modified_gmt":"2025-01-22T14:47:12","slug":"camiseta-deportivo-femenino-nike-therma-fit-one-mangas-largas-2","status":"publish","type":"product","link":"https:\/\/brandss.com.py\/index\/producto\/camiseta-deportivo-femenino-nike-therma-fit-one-mangas-largas-2\/","title":{"rendered":"CAMISETA DEPORTIVO FEMENINO NIKE THERMA-FIT ONE MANGAS LARGAS"},"content":{"rendered":"<p><img loading=\"lazy\" decoding=\"async\" class=\"\" src=\"https:\/\/loodibee.com\/wp-content\/uploads\/Nike-Logo.png\" alt=\"Nike Logo History | FREE PNG Logos\" width=\"71\" height=\"71\" \/><\/p>\n<h1>THERMA-FIT ONE<\/h1>\n<p class=\"nds-text pb4-sm css-1gn9yhm e1yhcai00 appearance-body1 color-primary weight-bold\" data-testid=\"product-reason-to-buy\">CALIDEZ EN CUALQUIER MOMENTO.<\/p>\n<p class=\"nds-text pb4-sm css-qtj9g7 e1yhcai00 appearance-body1 color-primary weight-regular\" data-testid=\"product-description\">Dise\u00f1ada para todas tus formas de movimiento, la camiseta Therma-FIT One est\u00e1 confeccionada con un suave tejido Fleece que mantiene la calidez antes, durante y despu\u00e9s de tu entrenamiento.La tela de gran elasticidad con potencia absorbente de sudor se flexiona con cada movimiento, a la vez que mantiene la transpirabilidad.<\/p>\n<div data-testid=\"benefit-section\">\n<h4 class=\"nds-text pb2-sm css-1m2rxfq e1yhcai00 appearance-title4 color-primary weight-regular\" data-testid=\"benefit-header\">Siente la calidez<\/h4>\n<p class=\"nds-text pb4-sm css-ris3xr e1yhcai00 appearance-body2 color-primary weight-regular\" data-testid=\"single-benefit-text\">La tecnolog\u00eda Nike Therma-FIT ayuda a controlar el calor natural del cuerpo para mantener la calidez en condiciones clim\u00e1ticas fr\u00edas.<\/p>\n<h4 class=\"nds-text pb2-sm css-1m2rxfq e1yhcai00 appearance-title4 color-primary weight-regular\" data-testid=\"benefit-header\">Mu\u00e9vete con comodidad<\/h4>\n<p class=\"nds-text pb4-sm css-ris3xr e1yhcai00 appearance-body2 color-primary weight-regular\" data-testid=\"single-benefit-text\">El tejido Fleece suave y c\u00e1lido se curva hacia abajo en la parte posterior del dobladillo para brindar un poco m\u00e1s de protecci\u00f3n.Las aberturas laterales peque\u00f1as crean elasticidad adicional mientras te mueves.<\/p>\n<h4 class=\"nds-text pb2-sm css-1m2rxfq e1yhcai00 appearance-title4 color-primary weight-regular\" data-testid=\"benefit-header\">Tu mejor versi\u00f3n<\/h4>\n<p class=\"nds-text pb4-sm css-ris3xr e1yhcai00 appearance-body2 color-primary weight-regular\" data-testid=\"single-benefit-text\">El dise\u00f1o, que no es demasiado ajustado ni holgado, resalta tu forma sin limitar tus movimientos.<\/p>\n<\/div>\n<div data-testid=\"benefit-section\"><\/div>\n<div data-testid=\"benefit-section\">\n<h4 class=\"nds-text pb2-sm css-1m2rxfq e1yhcai00 appearance-title4 color-primary weight-regular\" data-testid=\"benefit-header\">M\u00e1s beneficios<\/h4>\n<p class=\"nds-text pb4-sm css-ris3xr e1yhcai00 appearance-body2 color-primary weight-regular\" data-testid=\"single-benefit-text\">El estampado &#8220;Just Do It&#8221; en el dobladillo interior ofrece un mensaje inspirador, solo para ti.<\/p>\n<\/div>\n<div data-testid=\"benefit-section\">\n<h4 class=\"nds-text pb2-sm css-1m2rxfq e1yhcai00 appearance-title4 color-primary weight-regular\" data-testid=\"benefit-header\">Datos del producto<\/h4>\n<ul class=\"ncss-list-ul pb4-sm\" data-testid=\"benefit-list\">\n<li class=\"nds-text ncss-li css-xlkxpi e1yhcai00 appearance-body1 color-primary weight-regular\">Ajuste est\u00e1ndar para una sensaci\u00f3n relajada y c\u00f3moda<\/li>\n<li class=\"nds-text ncss-li css-xlkxpi e1yhcai00 appearance-body1 color-primary weight-regular\">Sutil remate reforzado en la parte inferior de los laterales<\/li>\n<li class=\"nds-text ncss-li css-xlkxpi e1yhcai00 appearance-body1 color-primary weight-regular\">80% poli\u00e9ster, 20% spandex<\/li>\n<li class=\"nds-text ncss-li css-xlkxpi e1yhcai00 appearance-body1 color-primary weight-regular\">Lavar a m\u00e1quina<\/li>\n<li class=\"nds-text ncss-li css-xlkxpi e1yhcai00 appearance-body1 color-primary weight-regular\">Detalle en la costura central de la parte posterior<\/li>\n<li class=\"nds-text ncss-li css-xlkxpi e1yhcai00 appearance-body1 color-primary weight-regular\">Producto importado<\/li>\n<li class=\"nds-text ncss-li css-xlkxpi e1yhcai00 appearance-body1 color-primary weight-regular\">Color: Negro\/Blanco<\/li>\n<li class=\"nds-text ncss-li css-xlkxpi e1yhcai00 appearance-body1 color-primary weight-regular\">Estilo: DD4927-010<\/li>\n<li class=\"nds-text ncss-li css-xlkxpi e1yhcai00 appearance-body1 color-primary weight-regular\">Pa\u00eds\/regi\u00f3n de origen: Sri Lanka<\/li>\n<\/ul>\n<\/div>\n","protected":false},"excerpt":{"rendered":"<p>THERMA-FIT ONE CALIDEZ EN CUALQUIER MOMENTO. Dise\u00f1ada para todas tus formas de movimiento, la camiseta Therma-FIT One est\u00e1 confeccionada con<\/p>\n","protected":false},"featured_media":67126,"comment_status":"open","ping_status":"closed","template":"","meta":{"nf_dc_page":""},"product_brand":[],"product_cat":[73],"product_tag":[],"class_list":{"0":"post-67125","1":"product","2":"type-product","3":"status-publish","4":"has-post-thumbnail","6":"product_cat-femenino","8":"first","9":"instock","10":"shipping-taxable","11":"purchasable","12":"product-type-simple"},"_links":{"self":[{"href":"https:\/\/brandss.com.py\/index\/wp-json\/wp\/v2\/product\/67125","targetHints":{"allow":["GET"]}}],"collection":[{"href":"https:\/\/brandss.com.py\/index\/wp-json\/wp\/v2\/product"}],"about":[{"href":"https:\/\/brandss.com.py\/index\/wp-json\/wp\/v2\/types\/product"}],"replies":[{"embeddable":true,"href":"https:\/\/brandss.com.py\/index\/wp-json\/wp\/v2\/comments?post=67125"}],"version-history":[{"count":1,"href":"https:\/\/brandss.com.py\/index\/wp-json\/wp\/v2\/product\/67125\/revisions"}],"predecessor-version":[{"id":67131,"href":"https:\/\/brandss.com.py\/index\/wp-json\/wp\/v2\/product\/67125\/revisions\/67131"}],"wp:featuredmedia":[{"embeddable":true,"href":"https:\/\/brandss.com.py\/index\/wp-json\/wp\/v2\/media\/67126"}],"wp:attachment":[{"href":"https:\/\/brandss.com.py\/index\/wp-json\/wp\/v2\/media?parent=67125"}],"wp:term":[{"taxonomy":"product_brand","embeddable":true,"href":"https:\/\/brandss.com.py\/index\/wp-json\/wp\/v2\/product_brand?post=67125"},{"taxonomy":"product_cat","embeddable":true,"href":"https:\/\/brandss.com.py\/index\/wp-json\/wp\/v2\/product_cat?post=67125"},{"taxonomy":"product_tag","embeddable":true,"href":"https:\/\/brandss.com.py\/index\/wp-json\/wp\/v2\/product_tag?post=67125"}],"curies":[{"name":"wp","href":"https:\/\/api.w.org\/{rel}","templated":true}]}}